{"id":114502,"date":"2025-08-22T00:00:00","date_gmt":"2025-08-21T22:00:00","guid":{"rendered":"http:\/\/gpl-love.com\/fr\/produit\/feedzy-rss-feeds-pro\/"},"modified":"2026-03-20T23:05:44","modified_gmt":"2026-03-20T22:05:44","slug":"feedzy-rss-feeds-pro","status":"publish","type":"product","link":"https:\/\/gpl-love.com\/fr\/produit\/feedzy-rss-feeds-pro\/","title":{"rendered":"Feedzy RSS Feeds Personal Plan 3.1.0"},"content":{"rendered":"<h3>Feedzy RSS Feeds Personal Plan Traits<\/h3>\n<p>Le plan personnel Feeds Feeds Feeds propose une solution compl\u00e8te et multifonctionnelle aux personnes cherchant \u00e0 organiser et \u00e0 pr\u00e9senter RSS aliments sur leur site Web. Ce plan permet aux utilisateurs d&rsquo;incorporer jusqu&rsquo;\u00e0 trois flux distincts tout en leur offrant la flexibilit\u00e9 pour personnaliser l&rsquo;apparence et l&rsquo;ambiance de leur affichage de flux. De plus, ce plan comprend des mises \u00e0 jour automatiques, une mise en cache de flux et l&rsquo;option pour filtrer et omettre s\u00e9lectivement les \u00e9l\u00e9ments de flux sp\u00e9cifiques comme souhait\u00e9. L&rsquo;interface conviviale et la conception adaptable de ce plan garantissent que l&rsquo;affichage alimentaire conservera un aspect esth\u00e9tique et transparent sur tous les appareils. En tirant parti des capacit\u00e9s du plan personnel Feedzy Feeds Feeds, les utilisateurs peuvent s&rsquo;assurer sans effort que leur site Web reste \u00e0 jour avec un contenu pertinent et en temps opportun.<\/p>\n<ul>\n<li>Permet aux utilisateurs d&rsquo;afficher les flux RSS sur leurs sites Web<\/li>\n<li>Le plan personnel comprend des flux illimit\u00e9s et des options de personnalisation<\/li>\n<li>Interface simple et facile \u00e0 utiliser pour l&rsquo;ajout et la gestion des flux<\/li>\n<li>Offre diverses options d&rsquo;affichage, y compris les formats de liste, de grille et de curseur<\/li>\n<li>Les mises \u00e0 jour automatiques gardent les flux pertinents et \u00e0 jour<\/li>\n<li>Option pour filtrer et exclure certains contenus des flux<\/li>\n<li>Compatible avec n&rsquo;importe quel th\u00e8me WordPress<\/li>\n<li>Fournit des analyses d\u00e9taill\u00e9es sur les performances des flux et l&rsquo;engagement des utilisateurs<\/li>\n<li>Excellent support client et mises \u00e0 jour r\u00e9guli\u00e8res pour am\u00e9liorer les fonctionnalit\u00e9s<\/li>\n<\/ul>\n","protected":false},"excerpt":{"rendered":"<p>Le plan personnel Feedzy RSS Feeds est une solution exceptionnelle et id\u00e9ale pour les particuliers ou les petites entreprises cherchant \u00e0 organiser et \u00e0 publier sans effort le contenu captivant sur leur site Web. Ce plan offre la commodit\u00e9 d&rsquo;ajouter et de g\u00e9rer facilement les flux RSS \u00e0 partir de sources en ligne pr\u00e9f\u00e9r\u00e9es, offrant ainsi une abondance de contenu frais et pertinent \u00e0 son public. De plus, le plan permet la personnalisation des mises en page et des mod\u00e8les, permettant aux utilisateurs d&rsquo;aligner leurs flux avec le style et l&rsquo;image de marque uniques de leur site Web. En outre, l&rsquo;inclusion des mises \u00e0 jour automatiques garantit que le contenu reste toujours \u00e0 courant, en \u00e9pargnant ainsi les individus le temps et l&rsquo;\u00e9nergie requis pour la mise \u00e0 jour manuelle. \u00c9levez votre site Web \u00e0 de nouveaux sommets avec les avantages remarquables du plan personnel des aliments pour l&rsquo;attache RSS.<\/p>\n","protected":false},"featured_media":143858,"comment_status":"open","ping_status":"open","template":"","meta":[],"product_brand":[2545],"product_cat":[1207,1181,1186],"product_tag":[1605],"class_list":{"0":"post-114502","1":"product","2":"type-product","3":"status-publish","4":"has-post-thumbnail","6":"product_brand-themeisle","7":"product_cat-commercialisation-wordpress-plugins","8":"product_cat-plugins","9":"product_cat-wordpress-plugins","10":"product_tag-themeisle","11":"member-discount","12":"discount-restricted","14":"first","15":"instock","16":"sale","17":"downloadable","18":"virtual","19":"sold-individually","20":"purchasable","21":"product-type-simple"},"_links":{"self":[{"href":"https:\/\/gpl-love.com\/fr\/wp-json\/wp\/v2\/product\/114502","targetHints":{"allow":["GET"]}}],"collection":[{"href":"https:\/\/gpl-love.com\/fr\/wp-json\/wp\/v2\/product"}],"about":[{"href":"https:\/\/gpl-love.com\/fr\/wp-json\/wp\/v2\/types\/product"}],"replies":[{"embeddable":true,"href":"https:\/\/gpl-love.com\/fr\/wp-json\/wp\/v2\/comments?post=114502"}],"wp:featuredmedia":[{"embeddable":true,"href":"https:\/\/gpl-love.com\/fr\/wp-json\/wp\/v2\/media\/143858"}],"wp:attachment":[{"href":"https:\/\/gpl-love.com\/fr\/wp-json\/wp\/v2\/media?parent=114502"}],"wp:term":[{"taxonomy":"product_brand","embeddable":true,"href":"https:\/\/gpl-love.com\/fr\/wp-json\/wp\/v2\/product_brand?post=114502"},{"taxonomy":"product_cat","embeddable":true,"href":"https:\/\/gpl-love.com\/fr\/wp-json\/wp\/v2\/product_cat?post=114502"},{"taxonomy":"product_tag","embeddable":true,"href":"https:\/\/gpl-love.com\/fr\/wp-json\/wp\/v2\/product_tag?post=114502"}],"curies":[{"name":"wp","href":"https:\/\/api.w.org\/{rel}","templated":true}]}}