{"id":114498,"date":"2021-04-26T00:00:00","date_gmt":"2021-04-25T22:00:00","guid":{"rendered":"http:\/\/gpl-love.com\/fr\/produit\/sweetmielo-honey-production-et-sweets-delicious-wordpress-theme\/"},"modified":"2026-04-10T18:41:56","modified_gmt":"2026-04-10T16:41:56","slug":"sweetmielo-honey-production-et-sweets-delicious-wordpress-theme","status":"publish","type":"product","link":"https:\/\/gpl-love.com\/fr\/produit\/sweetmielo-honey-production-et-sweets-delicious-wordpress-theme\/","title":{"rendered":"SweetMielo Honey Production et Sweets Delicious WordPress Theme 1.6.7"},"content":{"rendered":"<h3>SweetMielo Honey Production et Sweets Delicious WordPress Theme Traits<\/h3>\n<p>Le th\u00e8me WordPress SweetMielo Honey et Sweets WordPress se distingue comme un th\u00e8me extr\u00eamement polyvalent et visuellement captivant, ce qui en fait une option id\u00e9ale pour les personnes impliqu\u00e9es dans l&rsquo;industrie de la production de miel ou des bonbons. Ce th\u00e8me a \u00e9t\u00e9 m\u00e9ticuleusement con\u00e7u pour r\u00e9pondre sp\u00e9cifiquement \u00e0 ceux qui aspirent \u00e0 pr\u00e9senter leurs produits de la mani\u00e8re la plus optimale, en assurant une exp\u00e9rience utilisateur exceptionnelle pour leur client\u00e8le. B\u00e9n\u00e9ficiant de fonctionnalit\u00e9s conviviales et d&rsquo;attributs personnalisables, ce th\u00e8me facilite sans effort la cr\u00e9ation d&rsquo;un site Web sophistiqu\u00e9 et captivant qui distinguera sans aucun doute votre entreprise sur un march\u00e9 satur\u00e9. Que vous cherchiez \u00e0 pr\u00e9senter votre d\u00e9licieuse gamme de produits de miel ou \u00e0 promouvoir la vente de vos bonbons all\u00e9chants, la production de miel Sweetmelo et le th\u00e8me WordPress sont sans \u00e9quivoque le choix primordial de votre entreprise.<\/p>\n<ul>\n<li>Un th\u00e8me WordPress polyvalent et personnalisable con\u00e7u sp\u00e9cifiquement pour les producteurs de miel et les fabricants sucr\u00e9s<\/li>\n<li>Comprend un design moderne et propre avec de nombreuses options de personnalisation<\/li>\n<li>Comprend des pages pr\u00e9d\u00e9finies pour pr\u00e9senter des produits, des recettes et des articles de blog de miel et de bonbons<\/li>\n<li>Page de page \u00e0 glisser-d\u00e9poser facile \u00e0 utiliser pour cr\u00e9er des dispositions et des conceptions uniques<\/li>\n<li>Compatible avec les plugins WordPress populaires pour ajouter des fonctionnalit\u00e9s de commerce \u00e9lectronique, une int\u00e9gration des m\u00e9dias sociaux et une optimisation SEO<\/li>\n<li>La conception sensible aux mobiles garantit que votre site Web a fi\u00e8re allure sur n&rsquo;importe quel appareil<\/li>\n<li>Comprend un panneau d&rsquo;administration puissant pour g\u00e9rer les param\u00e8tres et le contenu de votre site Web<\/li>\n<li>Livr\u00e9 avec une vari\u00e9t\u00e9 de widgets et de codes short pour ajouter des fonctionnalit\u00e9s personnalis\u00e9es \u00e0 votre site Web<\/li>\n<li>\u00c9quipe d&rsquo;assistance d\u00e9di\u00e9e disponible pour vous aider avec toutes les questions ou probl\u00e8mes techniques<\/li>\n<li>Les mises \u00e0 jour r\u00e9guli\u00e8res garantissent que votre site Web reste \u00e0 jour avec les derni\u00e8res tendances de conception Web et les meilleures pratiques<\/li>\n<\/ul>\n","protected":false},"excerpt":{"rendered":"<p>La production de miel Sweetmelo et le d\u00e9licieux th\u00e8me WordPress se pr\u00e9sente comme la solution ultime pour les personnes cherchant \u00e0 \u00e9tablir un site Web impressionnant pour leur entreprise de miel ou de bonbons. Ce th\u00e8me exceptionnellement adaptable poss\u00e8de un design visuellement captivant, offrant des dispositions personnalisables et des fonctionnalit\u00e9s puissantes qui aideront sans aucun doute \u00e0 la pr\u00e9sentation de vos produits de la mani\u00e8re la plus favorable. B\u00e9n\u00e9ficiant d&rsquo;une pl\u00e9thore d&rsquo;options d&rsquo;en-t\u00eate et de pied de page, divers styles de page d&rsquo;accueil et des outils de personnalisation conviviaux, vous poss\u00e9dez la possibilit\u00e9 de cr\u00e9er un site Web \u00e0 la fois distinctif et professionnel, s&rsquo;alignant parfaitement sur votre image de marque. De plus, ce th\u00e8me est \u00e9quip\u00e9 de pages pr\u00e9d\u00e9finies pour un blog, une galerie et un formulaire de contact, rationalisant le processus de connexion avec votre client\u00e8le estim\u00e9e. Par cons\u00e9quent, que vous vous sp\u00e9cialisiez dans la vente de miel, de produits de boulangerie ou de toute autre confection d\u00e9licieuse, ce th\u00e8me WordPress sert de choix par excellence pour faciliter la cr\u00e9ation d&rsquo;une pr\u00e9sence en ligne qui propulse votre entreprise vers un succ\u00e8s in\u00e9gal\u00e9.<\/p>\n","protected":false},"featured_media":145441,"comment_status":"open","ping_status":"open","template":"","meta":[],"product_brand":[2433],"product_cat":[1242,1212,1213],"product_tag":[1366],"class_list":{"0":"post-114498","1":"product","2":"type-product","3":"status-publish","4":"has-post-thumbnail","6":"product_brand-themeforest","7":"product_cat-creatif","8":"product_cat-themes","9":"product_cat-wordpress-themes","10":"product_tag-themeforest","11":"member-discount","12":"discount-restricted","14":"first","15":"instock","16":"sale","17":"downloadable","18":"virtual","19":"sold-individually","20":"purchasable","21":"product-type-simple"},"_links":{"self":[{"href":"https:\/\/gpl-love.com\/fr\/wp-json\/wp\/v2\/product\/114498","targetHints":{"allow":["GET"]}}],"collection":[{"href":"https:\/\/gpl-love.com\/fr\/wp-json\/wp\/v2\/product"}],"about":[{"href":"https:\/\/gpl-love.com\/fr\/wp-json\/wp\/v2\/types\/product"}],"replies":[{"embeddable":true,"href":"https:\/\/gpl-love.com\/fr\/wp-json\/wp\/v2\/comments?post=114498"}],"wp:featuredmedia":[{"embeddable":true,"href":"https:\/\/gpl-love.com\/fr\/wp-json\/wp\/v2\/media\/145441"}],"wp:attachment":[{"href":"https:\/\/gpl-love.com\/fr\/wp-json\/wp\/v2\/media?parent=114498"}],"wp:term":[{"taxonomy":"product_brand","embeddable":true,"href":"https:\/\/gpl-love.com\/fr\/wp-json\/wp\/v2\/product_brand?post=114498"},{"taxonomy":"product_cat","embeddable":true,"href":"https:\/\/gpl-love.com\/fr\/wp-json\/wp\/v2\/product_cat?post=114498"},{"taxonomy":"product_tag","embeddable":true,"href":"https:\/\/gpl-love.com\/fr\/wp-json\/wp\/v2\/product_tag?post=114498"}],"curies":[{"name":"wp","href":"https:\/\/api.w.org\/{rel}","templated":true}]}}