{"id":114496,"date":"2021-04-26T00:00:00","date_gmt":"2021-04-25T22:00:00","guid":{"rendered":"http:\/\/gpl-love.com\/fr\/produit\/elementor-pro-form-widget-amocrm-integration\/"},"modified":"2026-03-20T23:03:21","modified_gmt":"2026-03-20T22:03:21","slug":"elementor-pro-form-widget-amocrm-integration","status":"publish","type":"product","link":"https:\/\/gpl-love.com\/fr\/produit\/elementor-pro-form-widget-amocrm-integration\/","title":{"rendered":"Elementor Pro Form Widget amoCRM Integration 2.4.6"},"content":{"rendered":"<h3>Elementor Pro Form Widget amoCRM Integration Traits<\/h3>\n<p>L&rsquo;int\u00e9gration AMOCRM du widget Elementor Pro Form sert d&rsquo;outil tr\u00e8s robuste et efficace qui facilite l&rsquo;int\u00e9gration transparente entre les formulaires Elector Pro et AMOCRM. Gr\u00e2ce \u00e0 cette int\u00e9gration remarquable, les utilisateurs sont autoris\u00e9s \u00e0 collecter et \u00e0 g\u00e9rer efficacement les prospects, les contacts et les offres, le tout dans une plate-forme singuli\u00e8re et unifi\u00e9e. Le widget poss\u00e8de en outre un processus de configuration remarquablement simple, garantissant ainsi la facilit\u00e9 d&rsquo;\u00e9tablissement d&rsquo;un lien entre les formulaires Elector Pro et le compte AMOCRM estim\u00e9. De plus, il englobe une vaste gamme d&rsquo;options de personnalisation, permettant aux utilisateurs de cartographier m\u00e9ticuleusement les champs de formulaire pour correspondre aux champs AMOCRM, aux balises d&rsquo;ajout comme souhait\u00e9 et \u00e0 configurer m\u00e9ticuleusement des r\u00e8gles r\u00e9gissant les strat\u00e9gies de distribution de plomb. Sans aucun doute, l&rsquo;int\u00e9gration AMOCRM du widget Elementor Pro Form est une solution exemplaire pour les entreprises qui cherchent \u00e0 rationaliser leur processus de gestion du lead et \u00e0 renforcer la productivit\u00e9 globale.<\/p>\n<ul>\n<li>Int\u00e9gration transparente du widget de formulaire Elementor Pro avec AMOCRM<\/li>\n<li>Capacit\u00e9 \u00e0 capturer et \u00e0 stocker les maux directement \u00e0 partir de vos formulaires Elementor Pro dans AMOCRM<\/li>\n<li>Processus de configuration et d&rsquo;installation simple<\/li>\n<li>Cartographie personnalisable des champs de formulaire aux champs AMOCRM<\/li>\n<li>Synchronisation en temps r\u00e9el des donn\u00e9es de plomb entre Elementor Pro et AMOCRM<\/li>\n<li>Meilleure gestion et organisation des prospects avec les puissants outils CRM d&rsquo;AMOCRM<\/li>\n<li>Am\u00e9lioration de la g\u00e9n\u00e9ration de leads et de la conversion avec les formulaires Elementor Pro convivial<\/li>\n<li>Efficacit\u00e9 et productivit\u00e9 accrues pour les entreprises en rationalisant le processus de capture du plomb.<\/li>\n<\/ul>\n","protected":false},"excerpt":{"rendered":"<p>L&rsquo;int\u00e9gration AMOCRM remarquable et hautement sophistiqu\u00e9e dans le widget AMOCRM vous offre l&rsquo;opportunit\u00e9 transparente d&rsquo;int\u00e9grer sans effort votre widget \u00e9l\u00e9mentor Pro Form avec votre compte AMOCRM estim\u00e9 et prestigieux. Cette int\u00e9gration extr\u00eamement influente et robuste vous donne la capacit\u00e9 de capturer sans effort les soumissions de formulaires et de les peupler automatiquement dans votre pipeline AMOCRM estim\u00e9 et v\u00e9n\u00e9r\u00e9, vous fournissant ainsi une approche extr\u00eamement simple et remarquablement efficace pour g\u00e9rer efficacement vos pistes et contacts et les contacts pr\u00e9cieux. Avec sa configuration incroyablement conviviale et ses mises \u00e0 jour en temps r\u00e9el instantan\u00e9es, cette int\u00e9gration s&rsquo;av\u00e8re absolument id\u00e9ale pour les personnes qui cherchent \u00e0 optimiser et \u00e0 rationaliser leur processus de g\u00e9n\u00e9ration de leads et finalement \u00e0 am\u00e9liorer leur gestion des pipelines de vente.<\/p>\n","protected":false},"featured_media":143704,"comment_status":"open","ping_status":"open","template":"","meta":[],"product_brand":[2435],"product_cat":[1191,1181,1186],"product_tag":[1231],"class_list":{"0":"post-114496","1":"product","2":"type-product","3":"status-publish","4":"has-post-thumbnail","6":"product_brand-codecanyon","7":"product_cat-formes","8":"product_cat-plugins","9":"product_cat-wordpress-plugins","10":"product_tag-codecanyon","11":"member-discount","12":"discount-restricted","14":"first","15":"instock","16":"sale","17":"downloadable","18":"virtual","19":"sold-individually","20":"purchasable","21":"product-type-simple"},"_links":{"self":[{"href":"https:\/\/gpl-love.com\/fr\/wp-json\/wp\/v2\/product\/114496","targetHints":{"allow":["GET"]}}],"collection":[{"href":"https:\/\/gpl-love.com\/fr\/wp-json\/wp\/v2\/product"}],"about":[{"href":"https:\/\/gpl-love.com\/fr\/wp-json\/wp\/v2\/types\/product"}],"replies":[{"embeddable":true,"href":"https:\/\/gpl-love.com\/fr\/wp-json\/wp\/v2\/comments?post=114496"}],"wp:featuredmedia":[{"embeddable":true,"href":"https:\/\/gpl-love.com\/fr\/wp-json\/wp\/v2\/media\/143704"}],"wp:attachment":[{"href":"https:\/\/gpl-love.com\/fr\/wp-json\/wp\/v2\/media?parent=114496"}],"wp:term":[{"taxonomy":"product_brand","embeddable":true,"href":"https:\/\/gpl-love.com\/fr\/wp-json\/wp\/v2\/product_brand?post=114496"},{"taxonomy":"product_cat","embeddable":true,"href":"https:\/\/gpl-love.com\/fr\/wp-json\/wp\/v2\/product_cat?post=114496"},{"taxonomy":"product_tag","embeddable":true,"href":"https:\/\/gpl-love.com\/fr\/wp-json\/wp\/v2\/product_tag?post=114496"}],"curies":[{"name":"wp","href":"https:\/\/api.w.org\/{rel}","templated":true}]}}