{"id":114494,"date":"2025-12-28T00:00:00","date_gmt":"2025-12-27T23:00:00","guid":{"rendered":"http:\/\/gpl-love.com\/fr\/produit\/wp-synchro-pro-wordpress-migration-plugin\/"},"modified":"2026-03-20T23:50:56","modified_gmt":"2026-03-20T22:50:56","slug":"wp-synchro-pro-wordpress-migration-plugin","status":"publish","type":"product","link":"https:\/\/gpl-love.com\/fr\/produit\/wp-synchro-pro-wordpress-migration-plugin\/","title":{"rendered":"WP Synchro Pro WordPress Migration Plugin 1.14.0"},"content":{"rendered":"<h3>WP Synchro Pro WordPress Migration Plugin Traits<\/h3>\n<p>WP Synchro Pro est un plugin de migration WordPress tr\u00e8s robuste qui fournit un moyen rationalis\u00e9 et simple de transf\u00e9rer votre site Web d&rsquo;un serveur \u00e0 un autre. Offrant une interface qui est navigable sans effort et impr\u00e9gn\u00e9e de fonctionnalit\u00e9s avanc\u00e9es, WP Synchro Pro garantit la migration fluide et sans faille de tous les composants de votre site Web, que ce soit des th\u00e8mes, des plugins ou des fichiers multim\u00e9dias, sans une seule iota de perte de donn\u00e9es. Ce plugin est exceptionnellement polyvalent, accueillant de nombreuses options de migration telles que FTP, SFTP et SSH, tout en pr\u00e9sentant simultan\u00e9ment la compatibilit\u00e9 avec tous les fournisseurs d&rsquo;h\u00e9bergement. Que vous relociez votre site Web sur un nouveau serveur ou que vous construisiez un environnement de mise en sc\u00e8ne \u00e0 des fins de test rigoureuses, WP Synchro Pro rend sans effort le processus de migration totalement facile et d\u00e9pourvu de vexations.<\/p>\n<ul>\n<li>Transf\u00e9rer sans effort des sites Web WordPress entiers vers un nouveau domaine ou une plateforme d&rsquo;h\u00e9bergement<\/li>\n<li>Synchroniser automatiquement les modifications entre diff\u00e9rentes installations WordPress<\/li>\n<li>\u00c9vitez les maux de t\u00eate de l&rsquo;exportation et de l&rsquo;importation manuels des fichiers de base de donn\u00e9es et de l&rsquo;ajustement des param\u00e8tres<\/li>\n<li>\u00c9conomisez du temps et de l&rsquo;\u00e9nergie avec une interface conviviale et une int\u00e9gration fluide avec les fournisseurs d&rsquo;h\u00e9bergement populaires<\/li>\n<li>Gardez vos donn\u00e9es s\u00e9curis\u00e9es avec des capacit\u00e9s compl\u00e8tes de sauvegarde et de restauration<\/li>\n<li>Profitez de la libert\u00e9 de migrer des \u00e9l\u00e9ments sp\u00e9cifiques de votre site, y compris des fichiers multim\u00e9dias, des th\u00e8mes et des plugins<\/li>\n<li>B\u00e9n\u00e9ficier de fonctionnalit\u00e9s avanc\u00e9es comme le remplacement de l&rsquo;URL, la cartographie des limaces personnalis\u00e9es et la synchronisation du r\u00e9seau multisite<\/li>\n<li>Faites confiance \u00e0 la fiabilit\u00e9 et \u00e0 la stabilit\u00e9 d&rsquo;un plugin utilis\u00e9 par des milliers de clients satisfaits.<\/li>\n<\/ul>\n","protected":false},"excerpt":{"rendered":"<p>Le plugin de migration WP Synchro Pro WordPress est un outil tr\u00e8s intuitif et robuste qui a \u00e9t\u00e9 sp\u00e9cifiquement con\u00e7u pour faciliter les processus de migration WordPress sans couture et sans probl\u00e8me. Ce plugin exceptionnel permet aux utilisateurs de transf\u00e9rer sans effort leurs sites Web WordPress d&rsquo;un serveur \u00e0 un autre ou de migrer d&rsquo;un domaine vers un autre sans subir de perte de donn\u00e9es pr\u00e9cieuses ou de rencontrer des ruptures de liens. L&rsquo;interface conviviale, combin\u00e9e \u00e0 ses fonctionnalit\u00e9s avanc\u00e9es, garantit une exp\u00e9rience de migration de site Web fluide et s\u00e9curis\u00e9e. De plus, cet outil exceptionnel offre \u00e9galement une pl\u00e9thore de fonctionnalit\u00e9s suppl\u00e9mentaires visant \u00e0 optimiser et \u00e0 am\u00e9liorer les performances globales de votre site Web. Que vous ayez une expertise approfondie dans le d\u00e9veloppement de sites Web ou que vous vous lanciez simplement dans votre voyage, le plugin WP Synchro Pro se pr\u00e9sente comme la solution ultime pour migrer rapidement et sans effort sans effort votre site Web WordPress.<\/p>\n","protected":false},"featured_media":146224,"comment_status":"open","ping_status":"open","template":"","meta":[],"product_brand":[2736],"product_cat":[1187,1181,1186],"product_tag":[2162],"class_list":{"0":"post-114494","1":"product","2":"type-product","3":"status-publish","4":"has-post-thumbnail","6":"product_brand-wpsynchro","7":"product_cat-administration-wordpress-plugins","8":"product_cat-plugins","9":"product_cat-wordpress-plugins","10":"product_tag-wpsynchro","11":"member-discount","12":"discount-restricted","14":"first","15":"instock","16":"sale","17":"downloadable","18":"virtual","19":"sold-individually","20":"purchasable","21":"product-type-simple"},"_links":{"self":[{"href":"https:\/\/gpl-love.com\/fr\/wp-json\/wp\/v2\/product\/114494","targetHints":{"allow":["GET"]}}],"collection":[{"href":"https:\/\/gpl-love.com\/fr\/wp-json\/wp\/v2\/product"}],"about":[{"href":"https:\/\/gpl-love.com\/fr\/wp-json\/wp\/v2\/types\/product"}],"replies":[{"embeddable":true,"href":"https:\/\/gpl-love.com\/fr\/wp-json\/wp\/v2\/comments?post=114494"}],"wp:featuredmedia":[{"embeddable":true,"href":"https:\/\/gpl-love.com\/fr\/wp-json\/wp\/v2\/media\/146224"}],"wp:attachment":[{"href":"https:\/\/gpl-love.com\/fr\/wp-json\/wp\/v2\/media?parent=114494"}],"wp:term":[{"taxonomy":"product_brand","embeddable":true,"href":"https:\/\/gpl-love.com\/fr\/wp-json\/wp\/v2\/product_brand?post=114494"},{"taxonomy":"product_cat","embeddable":true,"href":"https:\/\/gpl-love.com\/fr\/wp-json\/wp\/v2\/product_cat?post=114494"},{"taxonomy":"product_tag","embeddable":true,"href":"https:\/\/gpl-love.com\/fr\/wp-json\/wp\/v2\/product_tag?post=114494"}],"curies":[{"name":"wp","href":"https:\/\/api.w.org\/{rel}","templated":true}]}}