{"id":114492,"date":"2022-02-20T00:00:00","date_gmt":"2022-02-19T23:00:00","guid":{"rendered":"http:\/\/gpl-love.com\/fr\/produit\/adning-advertising-all-in-one-ad-manager-pour-wordpress\/"},"modified":"2026-03-20T22:53:12","modified_gmt":"2026-03-20T21:53:12","slug":"adning-advertising-all-in-one-ad-manager-pour-wordpress","status":"publish","type":"product","link":"https:\/\/gpl-love.com\/fr\/produit\/adning-advertising-all-in-one-ad-manager-pour-wordpress\/","title":{"rendered":"Adning Advertising All In One Ad Manager pour WordPress 1.6.3"},"content":{"rendered":"<h3>Adning Advertising All In One Ad Manager pour WordPress Traits<\/h3>\n<p>Adning Advertising All In One Manager pour WordPress appara\u00eet comme un outil extr\u00eamement robuste et efficace, ce qui permet aux utilisateurs de gouverner et de superviser efficacement leurs campagnes publicitaires sur leur site Web WordPress. Ce gestionnaire d&rsquo;annonces pr\u00e9sente une interface remarquablement conviviale qui facilite la navigation et le fonctionnement en douceur, tout en pr\u00e9sentant simultan\u00e9ment un \u00e9ventail \u00e9tendu de fonctionnalit\u00e9s pour r\u00e9pondre aux divers besoins et pr\u00e9f\u00e9rences des utilisateurs. En b\u00e9n\u00e9ficiant des services de ce gestionnaire d&rsquo;annonces, les utilisateurs ont obtenu des opportunit\u00e9s in\u00e9gal\u00e9es pour cr\u00e9er et pr\u00e9senter un assortiment de types d&rsquo;annonces, comprenant des banni\u00e8res, des pop-ups et des curseurs, avec la plus grande facilit\u00e9 et la commodit\u00e9. La fourniture d&rsquo;options de ciblage avanc\u00e9es garantit en outre que les annonces sont m\u00e9ticuleusement adapt\u00e9es pour atteindre le public vis\u00e9, tandis que l&rsquo;inclusion d&rsquo;analyses compl\u00e8tes permet aux utilisateurs de surveiller et d&rsquo;\u00e9valuer avec diligence les performances de leurs annonces. En outre, l&rsquo;int\u00e9gration transparente de la publicit\u00e9 Adning All In One Manager avec des r\u00e9seaux publicitaires pro\u00e9minents et largement reconnus ouvrent de mani\u00e8re transparente la voie \u00e0 des efforts de mon\u00e9tisation du site Web sans effort. Une fois consid\u00e9r\u00e9e de mani\u00e8re holistique, il devient \u00e9vident que la publicit\u00e9 publicitaire dans un seul gestionnaire de publicit\u00e9 sert de solution tr\u00e8s efficace et globale qui rationalise efficacement les initiatives publicitaires, renfor\u00e7ant la probabilit\u00e9 d&rsquo;atteindre des objectifs marketing ambitieux.<\/p>\n<ul>\n<li>Guichet unique pour g\u00e9rer tous les types d&rsquo;annonces sur un site Web WordPress<\/li>\n<li>Prend en charge divers formats d&rsquo;annonces, y compris l&rsquo;affichage, la vid\u00e9o et les annonces natives<\/li>\n<li>Vous permet de cr\u00e9er, g\u00e9rer et suivre les campagnes publicitaires \u00e0 partir d&rsquo;un tableau de bord intuitif<\/li>\n<li>Planifiez vos annonces pour aller en ligne \u00e0 des moments et des dates sp\u00e9cifiques<\/li>\n<li>Fixer des limites au nombre de fois que les annonces sont affich\u00e9es aux utilisateurs individuels<\/li>\n<li>Prend en charge plusieurs r\u00e9seaux publicitaires, notamment Google Adsense et Amazon Advertising<\/li>\n<li>Placements d&rsquo;annonces personnalisables et options de ciblage pour augmenter l&rsquo;efficacit\u00e9 des annonces<\/li>\n<li>Prend en charge les tests A \/ B pour d\u00e9terminer les annonces les plus performantes<\/li>\n<li>Caract\u00e9ristiques de rapport compl\u00e8tes pour des informations en temps r\u00e9el sur les performances et les revenus des publicit\u00e9s<\/li>\n<li>Int\u00e9gration intuitive avec les plugins et th\u00e8mes WordPress populaires<\/li>\n<\/ul>\n","protected":false},"excerpt":{"rendered":"<p>Adning Advertising for WordPress est un plugin robuste qui offre une solution publicitaire tout-en-un efficace pour WordPress. Il sert de gestionnaire de publicit\u00e9, offrant une autorit\u00e9 compl\u00e8te sur les campagnes publicitaires WordPress. Cet outil complet est con\u00e7u avec un \u00e9ventail de fonctionnalit\u00e9s avanc\u00e9es, ce qui rend la gestion et la personnalisation des annonces sur votre site Web WordPress.<\/p>\n<p>Avec la publicit\u00e9 Adning, vous pouvez cr\u00e9er des mod\u00e8les d&rsquo;annonces avanc\u00e9s pour WordPress, sp\u00e9cialement personnalis\u00e9s pour s&rsquo;aligner sur les int\u00e9r\u00eats uniques de vos visiteurs. Le plugin facilite les outils de rotation et d&rsquo;affichage d&rsquo;annonces, vous permettant d&rsquo;adapter l&rsquo;exp\u00e9rience de visualisation d&rsquo;annonces dans votre pr\u00e9f\u00e9rence. De plus, il comprend des analyses pour WordPress, fournissant des informations pr\u00e9cieuses sur vos performances publicitaires.<\/p>\n<p>Ce gestionnaire de publicit\u00e9 pour WordPress offre l&rsquo;avantage suppl\u00e9mentaire d&rsquo;optimiser les revenus publicitaires. En personnalisant les pr\u00e9f\u00e9rences d&rsquo;annonces, vous pouvez maximiser vos revenus et am\u00e9liorer l&rsquo;exp\u00e9rience utilisateur. Adning Advertising garantit une gestion efficace de la publicit\u00e9 pour WordPress, garantissant que vos annonces sont affich\u00e9es au bon endroit et au bon moment.<\/p>\n<p>Le plugin am\u00e9liore \u00e9galement l&rsquo;exp\u00e9rience utilisateur globale, cr\u00e9ant un parcours gratifiant parfaitement pour vos visiteurs<\/p>\n","protected":false},"featured_media":143036,"comment_status":"open","ping_status":"open","template":"","meta":[],"product_brand":[2435],"product_cat":[1207,1181,1186],"product_tag":[1231],"class_list":{"0":"post-114492","1":"product","2":"type-product","3":"status-publish","4":"has-post-thumbnail","6":"product_brand-codecanyon","7":"product_cat-commercialisation-wordpress-plugins","8":"product_cat-plugins","9":"product_cat-wordpress-plugins","10":"product_tag-codecanyon","11":"member-discount","12":"discount-restricted","14":"first","15":"instock","16":"sale","17":"downloadable","18":"virtual","19":"sold-individually","20":"purchasable","21":"product-type-simple"},"_links":{"self":[{"href":"https:\/\/gpl-love.com\/fr\/wp-json\/wp\/v2\/product\/114492","targetHints":{"allow":["GET"]}}],"collection":[{"href":"https:\/\/gpl-love.com\/fr\/wp-json\/wp\/v2\/product"}],"about":[{"href":"https:\/\/gpl-love.com\/fr\/wp-json\/wp\/v2\/types\/product"}],"replies":[{"embeddable":true,"href":"https:\/\/gpl-love.com\/fr\/wp-json\/wp\/v2\/comments?post=114492"}],"wp:featuredmedia":[{"embeddable":true,"href":"https:\/\/gpl-love.com\/fr\/wp-json\/wp\/v2\/media\/143036"}],"wp:attachment":[{"href":"https:\/\/gpl-love.com\/fr\/wp-json\/wp\/v2\/media?parent=114492"}],"wp:term":[{"taxonomy":"product_brand","embeddable":true,"href":"https:\/\/gpl-love.com\/fr\/wp-json\/wp\/v2\/product_brand?post=114492"},{"taxonomy":"product_cat","embeddable":true,"href":"https:\/\/gpl-love.com\/fr\/wp-json\/wp\/v2\/product_cat?post=114492"},{"taxonomy":"product_tag","embeddable":true,"href":"https:\/\/gpl-love.com\/fr\/wp-json\/wp\/v2\/product_tag?post=114492"}],"curies":[{"name":"wp","href":"https:\/\/api.w.org\/{rel}","templated":true}]}}