{"id":114490,"date":"2021-04-26T00:00:00","date_gmt":"2021-04-25T22:00:00","guid":{"rendered":"http:\/\/gpl-love.com\/fr\/produit\/unlimited-addons-pour-wpbakery-page-builder\/"},"modified":"2026-04-10T18:44:26","modified_gmt":"2026-04-10T16:44:26","slug":"unlimited-addons-pour-wpbakery-page-builder","status":"publish","type":"product","link":"https:\/\/gpl-love.com\/fr\/produit\/unlimited-addons-pour-wpbakery-page-builder\/","title":{"rendered":"Unlimited Addons pour WPBakery Page Builder 1.0.42"},"content":{"rendered":"<h3>Unlimited Addons pour WPBakery Page Builder Traits<\/h3>\n<p>Les addons illimit\u00e9s pour WPBakery Page Builder, un outil extraordinaire, pr\u00e9sente aux utilisateurs une large gamme de fonctionnalit\u00e9s et de fonctionnalit\u00e9s qui servent \u00e0 am\u00e9liorer la conception et la fonctionnalit\u00e9 de leur site Web. B\u00e9n\u00e9ficiant d&rsquo;une s\u00e9lection impressionnante de plus de 700 addons et de plus de 30 mod\u00e8les pr\u00e9d\u00e9finis, ce produit ouvre des possibilit\u00e9s illimit\u00e9es pour cr\u00e9er des pages Web visuellement frappantes. Ces addons permettent aux utilisateurs d&rsquo;incorporer des \u00e9l\u00e9ments tels que l&rsquo;animation, les widgets et l&rsquo;int\u00e9gration des m\u00e9dias sociaux, tandis que les mod\u00e8les offrent des dispositions pr\u00e9-con\u00e7ues qui peuvent \u00eatre facilement et rapidement personnalis\u00e9es. En outre, ce produit est con\u00e7u pour \u00eatre convivial, s&rsquo;adressant aux individus sans aucune comp\u00e9tence de codage via son interface intuitive de glisser-d\u00e9poser. En r\u00e9sum\u00e9, les addons illimit\u00e9s pour WPBakery Page Builder sont un outil indispensable pour les personnes cherchant \u00e0 fa\u00e7onner un site Web qui d\u00e9gage le professionnalisme et captive les visiteurs.<\/p>\n<ul>\n<li>Plus de 1 000 addons disponibles pour ajouter des \u00e9l\u00e9ments uniques et professionnels \u00e0 votre site Web<\/li>\n<li>L&rsquo;interface de glisser-d\u00e9poser facilite l&rsquo;ajout et l&rsquo;organisation des addons<\/li>\n<li>Aucune connaissance de codage requise, utilisez simplement les contr\u00f4les intuitifs pour personnaliser votre site Web<\/li>\n<li>Compatibilit\u00e9 avec tous les th\u00e8mes construits sur WPBakery Page Builder<\/li>\n<li>Les mises \u00e0 jour r\u00e9guli\u00e8res garantissent que vos addons sont toujours \u00e0 jour<\/li>\n<li>La conception r\u00e9active garantit que votre site Web a fi\u00e8re allure sur tous les appareils<\/li>\n<li>Addons pour un large \u00e9ventail d&rsquo;\u00e9l\u00e9ments de conception, y compris les ic\u00f4nes, les curseurs, les grilles de poste et plus<\/li>\n<li>Capacit\u00e9 \u00e0 enregistrer et \u00e0 r\u00e9utiliser les combinaisons d&rsquo;addines pour une conception de sites Web plus rapide<\/li>\n<li>\u00c9quipe de support d\u00e9di\u00e9e disponible pour aider \u00e0 l&rsquo;installation ou \u00e0 tout probl\u00e8me que vous pouvez rencontrer<\/li>\n<li>Licence Lifetime signifie qu&rsquo;un achat vous donne acc\u00e8s \u00e0 des addons illimit\u00e9s pour toujours.<\/li>\n<\/ul>\n","protected":false},"excerpt":{"rendered":"<p>Des addons illimit\u00e9s pour WPBakery Page Builder sont un outil exceptionnellement robuste qui a \u00e9t\u00e9 con\u00e7u de mani\u00e8re experte pour am\u00e9liorer consid\u00e9rablement votre exp\u00e9rience globale de cr\u00e9ation de sites Web. En tirant parti de ce plugin exceptionnel, vous obtiendrez un acc\u00e8s sans entrave \u00e0 une vaste gamme d&rsquo;\u00e9l\u00e9ments complexes et des modules hautement personnalisables qui sont sp\u00e9cialement con\u00e7us pour \u00e9lever l&rsquo;attrait visuel et l&rsquo;esth\u00e9tique de vos pages Web. Des animations captivantes aux graphiques sophistiqu\u00e9s et aux cartes complexes, les possibilit\u00e9s sont vraiment sans limites et limit\u00e9es uniquement par votre imagination. De plus, soyez assur\u00e9 que chaque \u00e9l\u00e9ment et module peuvent \u00eatre adapt\u00e9s sans effort pour s&rsquo;aligner parfaitement avec vos pr\u00e9f\u00e9rences et exigences uniques et sp\u00e9cifiques. Ind\u00e9pendamment de vous classer comme un blogueur z\u00e9l\u00e9, un propri\u00e9taire d&rsquo;entreprise entreprenant ou un d\u00e9veloppeur chevronn\u00e9, l&rsquo;int\u00e9gration transparente de cet outil remarquable est garantie pour donner des r\u00e9sultats remarquables et optimiser les performances globales de votre site Web. Posez pas de temps et armez-vous avec des addons illimit\u00e9s, catapultant ainsi votre site Web vers les \u00e9chelons d&rsquo;un succ\u00e8s et d&rsquo;une distinction in\u00e9gal\u00e9s!<\/p>\n","protected":false},"featured_media":145661,"comment_status":"open","ping_status":"open","template":"","meta":[],"product_brand":[2435],"product_cat":[1189,1181,1186],"product_tag":[1231],"class_list":{"0":"post-114490","1":"product","2":"type-product","3":"status-publish","4":"has-post-thumbnail","6":"product_brand-codecanyon","7":"product_cat-personnalisation","8":"product_cat-plugins","9":"product_cat-wordpress-plugins","10":"product_tag-codecanyon","11":"member-discount","12":"discount-restricted","14":"first","15":"instock","16":"sale","17":"downloadable","18":"virtual","19":"sold-individually","20":"purchasable","21":"product-type-simple"},"_links":{"self":[{"href":"https:\/\/gpl-love.com\/fr\/wp-json\/wp\/v2\/product\/114490","targetHints":{"allow":["GET"]}}],"collection":[{"href":"https:\/\/gpl-love.com\/fr\/wp-json\/wp\/v2\/product"}],"about":[{"href":"https:\/\/gpl-love.com\/fr\/wp-json\/wp\/v2\/types\/product"}],"replies":[{"embeddable":true,"href":"https:\/\/gpl-love.com\/fr\/wp-json\/wp\/v2\/comments?post=114490"}],"wp:featuredmedia":[{"embeddable":true,"href":"https:\/\/gpl-love.com\/fr\/wp-json\/wp\/v2\/media\/145661"}],"wp:attachment":[{"href":"https:\/\/gpl-love.com\/fr\/wp-json\/wp\/v2\/media?parent=114490"}],"wp:term":[{"taxonomy":"product_brand","embeddable":true,"href":"https:\/\/gpl-love.com\/fr\/wp-json\/wp\/v2\/product_brand?post=114490"},{"taxonomy":"product_cat","embeddable":true,"href":"https:\/\/gpl-love.com\/fr\/wp-json\/wp\/v2\/product_cat?post=114490"},{"taxonomy":"product_tag","embeddable":true,"href":"https:\/\/gpl-love.com\/fr\/wp-json\/wp\/v2\/product_tag?post=114490"}],"curies":[{"name":"wp","href":"https:\/\/api.w.org\/{rel}","templated":true}]}}