{"id":114488,"date":"2025-06-16T00:00:00","date_gmt":"2025-06-15T22:00:00","guid":{"rendered":"http:\/\/gpl-love.com\/fr\/produit\/woocommerce-slack\/"},"modified":"2026-03-20T23:47:51","modified_gmt":"2026-03-20T22:47:51","slug":"woocommerce-slack","status":"publish","type":"product","link":"https:\/\/gpl-love.com\/fr\/produit\/woocommerce-slack\/","title":{"rendered":"WooCommerce Slack 1.7.0"},"content":{"rendered":"<h3>WooCommerce Slack Traits<\/h3>\n<p>WooCommerce Slack est un plugin exceptionnellement robuste qui accorde aux propri\u00e9taires de magasins en ligne la possibilit\u00e9 de surveiller sans effort leurs commandes, leur client\u00e8le et leurs marchandises en temps r\u00e9el. Il s&rsquo;int\u00e8gre de mani\u00e8re transparente \u00e0 Slack, une application de messagerie tr\u00e8s favoris\u00e9e, pour transmettre rapidement des notifications directement aux propri\u00e9taires de stockage ou aux membres de l&rsquo;\u00e9quipe une fois les commandes trait\u00e9es, les produits sont reconstitu\u00e9s ou les requ\u00eates des clients sont re\u00e7ues. Gr\u00e2ce \u00e0 WooCommerce Slack, les propri\u00e9taires de magasins peuvent se tenir sans effort au courant de leurs op\u00e9rations commerciales et r\u00e9pondre rapidement aux besoins des clients, optimisant ainsi le contentement des clients et renforcer les ventes. De plus, ce plugin poss\u00e8de un processus de configuration simple et peut \u00eatre fait sur mesure pour r\u00e9pondre aux exigences distinctives de toute boutique en ligne.<\/p>\n<ul>\n<li>Int\u00e8gre de mani\u00e8re transparente WooCommerce \u00e0 la plate-forme de messagerie Slack<\/li>\n<li>Obtenez des notifications en temps r\u00e9el sur les nouvelles commandes, exp\u00e9ditions et demandes de renseignements clients<\/li>\n<li>Param\u00e8tres de notification personnalisables pour diff\u00e9rents types d&rsquo;\u00e9v\u00e9nements<\/li>\n<li>Communiquez directement avec les clients via Slack sans quitter la plate-forme<\/li>\n<li>Augmentez l&rsquo;efficacit\u00e9 et la productivit\u00e9 en centralisant tous les woocommerce et la communication client en un seul endroit<\/li>\n<li>Processus d&rsquo;installation simple et interface facile \u00e0 utiliser<\/li>\n<li>Mises \u00e0 jour r\u00e9guli\u00e8res et support client pour assurer un fonctionnement en douceur du plugin<\/li>\n<\/ul>\n","protected":false},"excerpt":{"rendered":"<p>L&rsquo;int\u00e9gration de WooCommerce avec Slack offre une connexion transparente et sans effort entre votre boutique en ligne sur WooCommerce et votre compte personnel Slack. Cet outil remarquable et robuste facilite non seulement la synchronisation des ventes et des stocks de votre magasin, mais vous permet \u00e9galement de g\u00e9rer et de superviser sans effort le traitement et l&rsquo;exp\u00e9dition de votre commande. En outre, il vous donne la commodit\u00e9 de rester sans effort au courant de vos demandes clients et de vos billets de soutien, gr\u00e2ce \u00e0 sa fonctionnalit\u00e9 de notification en temps r\u00e9el. Que vous soyez propri\u00e9taire d&rsquo;une petite entreprise ou d&rsquo;un d\u00e9taillant de commerce \u00e9lectronique de premier plan, l&rsquo;incorporation de l&rsquo;int\u00e9gration de Slack WooCommerce dans vos op\u00e9rations est un atout indispensable qui garantit l&rsquo;optimisation et la rationalisation de vos activit\u00e9s commerciales, am\u00e9liorant ainsi ainsi l&rsquo;exp\u00e9rience globale de vos clients.<\/p>\n","protected":false},"featured_media":146028,"comment_status":"open","ping_status":"open","template":"","meta":[],"product_brand":[2440],"product_cat":[1183,1182,1181],"product_tag":[1398],"class_list":{"0":"post-114488","1":"product","2":"type-product","3":"status-publish","4":"has-post-thumbnail","6":"product_brand-woocommerce","7":"product_cat-administration","8":"product_cat-commerce-electronique-plugins","9":"product_cat-plugins","10":"product_tag-woocommerce","11":"member-discount","12":"discount-restricted","14":"first","15":"instock","16":"sale","17":"downloadable","18":"virtual","19":"sold-individually","20":"purchasable","21":"product-type-simple"},"_links":{"self":[{"href":"https:\/\/gpl-love.com\/fr\/wp-json\/wp\/v2\/product\/114488","targetHints":{"allow":["GET"]}}],"collection":[{"href":"https:\/\/gpl-love.com\/fr\/wp-json\/wp\/v2\/product"}],"about":[{"href":"https:\/\/gpl-love.com\/fr\/wp-json\/wp\/v2\/types\/product"}],"replies":[{"embeddable":true,"href":"https:\/\/gpl-love.com\/fr\/wp-json\/wp\/v2\/comments?post=114488"}],"wp:featuredmedia":[{"embeddable":true,"href":"https:\/\/gpl-love.com\/fr\/wp-json\/wp\/v2\/media\/146028"}],"wp:attachment":[{"href":"https:\/\/gpl-love.com\/fr\/wp-json\/wp\/v2\/media?parent=114488"}],"wp:term":[{"taxonomy":"product_brand","embeddable":true,"href":"https:\/\/gpl-love.com\/fr\/wp-json\/wp\/v2\/product_brand?post=114488"},{"taxonomy":"product_cat","embeddable":true,"href":"https:\/\/gpl-love.com\/fr\/wp-json\/wp\/v2\/product_cat?post=114488"},{"taxonomy":"product_tag","embeddable":true,"href":"https:\/\/gpl-love.com\/fr\/wp-json\/wp\/v2\/product_tag?post=114488"}],"curies":[{"name":"wp","href":"https:\/\/api.w.org\/{rel}","templated":true}]}}