{"id":114486,"date":"2026-03-18T00:00:00","date_gmt":"2026-03-17T23:00:00","guid":{"rendered":"http:\/\/gpl-love.com\/fr\/produit\/woocommerce-royal-mail\/"},"modified":"2026-04-07T00:31:31","modified_gmt":"2026-04-06T22:31:31","slug":"woocommerce-royal-mail","status":"publish","type":"product","link":"https:\/\/gpl-love.com\/fr\/produit\/woocommerce-royal-mail\/","title":{"rendered":"WooCommerce Royal Mail Shipping 4.0.0"},"content":{"rendered":"<h3>WooCommerce Royal Mail Shipping Traits<\/h3>\n<p>WooCommerce Royal Mail est un plugin d&rsquo;exp\u00e9dition tr\u00e8s efficace et pratique m\u00e9ticuleusement con\u00e7u pour am\u00e9liorer la proc\u00e9dure d&rsquo;exp\u00e9dition des propri\u00e9taires des magasins en ligne. Le plugin s&rsquo;int\u00e8gre habilement au service d&rsquo;exp\u00e9dition Royal Mail, automatisant efficacement la t\u00e2che ardue de g\u00e9n\u00e9rer des \u00e9tiquettes d&rsquo;exp\u00e9dition et de surveiller avec diligence les progr\u00e8s des commandes. Faisant de la plus grande commodit\u00e9, ce plugin remarquable permet aux propri\u00e9taires de magasins de superviser de mani\u00e8re transparente leurs diverses options d&rsquo;exp\u00e9dition, d&rsquo;\u00e9tablir des tarifs d&rsquo;exp\u00e9dition experte et de s\u00e9lectionner efficacement parmi une pl\u00e9thore de m\u00e9thodes d&rsquo;exp\u00e9dition, de comporter des go\u00fbts de premi\u00e8re classe, de deuxi\u00e8me classe et de livraison sign\u00e9e \u00e0 la livraison . De plus, le plugin facilite sans effort la gestion des rendements, surveille sans effort les exp\u00e9ditions et g\u00e9n\u00e8re sans effort des rapports d&rsquo;exp\u00e9dition complets. Dans l&rsquo;ensemble, WooCommerce Royal Mail appara\u00eet comme un atout vraiment formidable pour les propri\u00e9taires de magasins en ligne aspirant \u00e0 rationaliser leurs op\u00e9rations d&rsquo;exp\u00e9dition et \u00e0 cultiver une exp\u00e9rience client in\u00e9gal\u00e9e.<\/p>\n<ul>\n<li>Int\u00e9gration transparente avec la plate-forme WooCommerce<\/li>\n<li>Fournit des tarifs d&rsquo;exp\u00e9dition en temps r\u00e9el de Royal Mail aux clients \u00e0 la caisse<\/li>\n<li>Automatise les mises \u00e0 jour d&rsquo;informations sur l&rsquo;impression et le suivi des \u00e9tiquettes<\/li>\n<li>Offre une gamme de services d&rsquo;exp\u00e9dition, y compris des options standard et acc\u00e9l\u00e9r\u00e9es<\/li>\n<li>Permet des options d&rsquo;exp\u00e9dition personnalis\u00e9es en fonction du poids, de la taille et de la destination du produit<\/li>\n<li>Prend en charge plusieurs devises et lieux d&rsquo;exp\u00e9dition<\/li>\n<li>R\u00e9duit la main-d&rsquo;\u0153uvre manuelle et am\u00e9liore la pr\u00e9cision de l&rsquo;ordre<\/li>\n<li>Compatible avec divers services Royal Mail, y compris la livraison suivie, sign\u00e9e et sp\u00e9ciale le lendemain<\/li>\n<li>Offre un support client 24h \/ 24 et des mises \u00e0 jour r\u00e9guli\u00e8res pour une am\u00e9lioration des fonctionnalit\u00e9s<\/li>\n<li>Facilite la communication fluide et transparente entre les vendeurs et les acheteurs.<\/li>\n<\/ul>\n","protected":false},"excerpt":{"rendered":"<p>Le plugin WooCommerce Royal Mail est un outil tr\u00e8s b\u00e9n\u00e9fique pour int\u00e9grer de mani\u00e8re transparente diverses options d&rsquo;exp\u00e9dition Royal Mail dans votre boutique WooCommerce. En tirant parti de ce plugin, vous avez la capacit\u00e9 de fournir \u00e0 vos clients estim\u00e9s une vaste gamme d&rsquo;alternatives de livraison offertes par Royal Mail, englobant la premi\u00e8re classe, la deuxi\u00e8me classe, sign\u00e9e pour et bien d&rsquo;autres. De plus, vous poss\u00e9dez la capacit\u00e9 d&rsquo;\u00e9tablir des tarifs d&rsquo;exp\u00e9dition en fonction du poids ou du prix, et de surveiller facilement les commandes directement \u00e0 partir du tableau de bord WooCommerce. Essentiellement, ce plugin optimise et simplifie consid\u00e9rablement le processus d&rsquo;exp\u00e9dition global, ce qui le rend une ressource indispensable pour tout magasin WooCommerce qui s&rsquo;appuie largement sur Royal Mail pour ses exigences d&rsquo;exp\u00e9dition.<\/p>\n","protected":false},"featured_media":146012,"comment_status":"open","ping_status":"open","template":"","meta":[],"product_brand":[2440],"product_cat":[1183,1182,1181],"product_tag":[1398],"class_list":{"0":"post-114486","1":"product","2":"type-product","3":"status-publish","4":"has-post-thumbnail","6":"product_brand-woocommerce","7":"product_cat-administration","8":"product_cat-commerce-electronique-plugins","9":"product_cat-plugins","10":"product_tag-woocommerce","11":"member-discount","12":"discount-restricted","14":"first","15":"instock","16":"sale","17":"downloadable","18":"virtual","19":"sold-individually","20":"purchasable","21":"product-type-simple"},"_links":{"self":[{"href":"https:\/\/gpl-love.com\/fr\/wp-json\/wp\/v2\/product\/114486","targetHints":{"allow":["GET"]}}],"collection":[{"href":"https:\/\/gpl-love.com\/fr\/wp-json\/wp\/v2\/product"}],"about":[{"href":"https:\/\/gpl-love.com\/fr\/wp-json\/wp\/v2\/types\/product"}],"replies":[{"embeddable":true,"href":"https:\/\/gpl-love.com\/fr\/wp-json\/wp\/v2\/comments?post=114486"}],"wp:featuredmedia":[{"embeddable":true,"href":"https:\/\/gpl-love.com\/fr\/wp-json\/wp\/v2\/media\/146012"}],"wp:attachment":[{"href":"https:\/\/gpl-love.com\/fr\/wp-json\/wp\/v2\/media?parent=114486"}],"wp:term":[{"taxonomy":"product_brand","embeddable":true,"href":"https:\/\/gpl-love.com\/fr\/wp-json\/wp\/v2\/product_brand?post=114486"},{"taxonomy":"product_cat","embeddable":true,"href":"https:\/\/gpl-love.com\/fr\/wp-json\/wp\/v2\/product_cat?post=114486"},{"taxonomy":"product_tag","embeddable":true,"href":"https:\/\/gpl-love.com\/fr\/wp-json\/wp\/v2\/product_tag?post=114486"}],"curies":[{"name":"wp","href":"https:\/\/api.w.org\/{rel}","templated":true}]}}