{"id":114387,"date":"2021-04-24T00:00:00","date_gmt":"2021-04-23T22:00:00","guid":{"rendered":"http:\/\/gpl-love.com\/fr\/produit\/interactive-world-maps-wordpress-plugin\/"},"modified":"2026-03-20T23:20:26","modified_gmt":"2026-03-20T22:20:26","slug":"interactive-world-maps-wordpress-plugin","status":"publish","type":"product","link":"https:\/\/gpl-love.com\/fr\/produit\/interactive-world-maps-wordpress-plugin\/","title":{"rendered":"Interactive World Maps WordPress Plugin 2.4.9"},"content":{"rendered":"<h3>Interactive World Maps WordPress Plugin Traits<\/h3>\n<p>Interactive World Maps est un plugin WordPress extraordinairement robuste et polyvalent qui vous accorde la capacit\u00e9 remarquable de g\u00e9n\u00e9rer des cartes enti\u00e8rement personnalisables et interactives du monde. Gr\u00e2ce \u00e0 son interface conviviale, vous obtenez la capacit\u00e9 rapide \u00e0 int\u00e9grer de mani\u00e8re transparente des marqueurs, des \u00e9pingles et un \u00e9ventail d&rsquo;autres superpositions graphiques visuellement attrayantes, tout en vous offrant la capacit\u00e9 de fa\u00e7onner des r\u00e9gions et des info-bulleurs cliquables qui servent \u00e0 amplifier l&rsquo;exp\u00e9rience utilisateur globale . De plus, ce plugin exceptionnel poss\u00e8de une pl\u00e9thore de fonctionnalit\u00e9s avanc\u00e9es, y compris l&rsquo;option pour ajouter CSS personnalis\u00e9e et le code JavaScript, la facilitation transparente de plusieurs styles et langues de carte, et m\u00eame la possibilit\u00e9 d&rsquo;importer ainsi que l&rsquo;exportation de donn\u00e9es de carte. Le fait que son objectif implique l&rsquo;incorporation d&rsquo;une carte interactive dans leur site Web, la cr\u00e9ation d&rsquo;une visualisation de donn\u00e9es personnalis\u00e9e ou le d\u00e9veloppement d&rsquo;une application tr\u00e8s complexe et centr\u00e9e sur la localisation, les cartes mondiales interactives sont sans aucun doute comme l&rsquo;outil par excellence \u00e0 cette fin.<\/p>\n<ul>\n<li>Cartes mondiales hautement personnalisables pour votre site Web<\/li>\n<li>Choisissez parmi diff\u00e9rentes projections de cartes et sch\u00e9mas de couleurs<\/li>\n<li>Prise en charge de l&rsquo;ajout de marqueurs personnalis\u00e9s, d&rsquo;informations et de descriptions personnalis\u00e9es<\/li>\n<li>Interactions de survol et de clics pour une exp\u00e9rience utilisateur dynamique<\/li>\n<li>Conception r\u00e9active pour une visualisation optimale sur n&rsquo;importe quel appareil<\/li>\n<li>Compatible avec les th\u00e8mes et plugins WordPress populaires<\/li>\n<li>Facile \u00e0 installer et \u00e0 configurer, aucun codage requis<\/li>\n<li>Parfait pour afficher des donn\u00e9es, des informations de voyage ou tout autre contenu li\u00e9 \u00e0 la g\u00e9ographie sur votre site Web<\/li>\n<li>R\u00e9guli\u00e8rement mis \u00e0 jour avec de nouvelles fonctionnalit\u00e9s et am\u00e9liorations<\/li>\n<li>Excellent support client pour assurer une exp\u00e9rience transparente<\/li>\n<\/ul>\n","protected":false},"excerpt":{"rendered":"<p>Le plugin WordPress Maps World Maps propose une solution compl\u00e8te et conviviale pour incorporer sans effort des cartes mondiales interactives et personnalisables dans l&rsquo;interface de votre site Web. En tirant parti de ses options intuitives et de son \u00e9ventail \u00e9tendu de fonctionnalit\u00e9s, vous pouvez g\u00e9n\u00e9rer sans effort des cartes complexes et d\u00e9taill\u00e9es remplies de r\u00e9gions clickables et d&rsquo;infiltrations personnalis\u00e9es qui relaient efficacement les informations suppl\u00e9mentaires. Que votre objectif soit de pr\u00e9senter efficacement les statistiques globales ou de mettre efficacement l&rsquo;accent sur des lieux g\u00e9ographiques sp\u00e9cifiques, ce plugin remarquable facilitera sans aucun doute la cr\u00e9ation de cartes dynamiques et captivantes. De plus, il se synchronise de mani\u00e8re transparente avec WordPress, garantissant ainsi une exp\u00e9rience utilisateur fluide et rationalis\u00e9e. Embarquez dans un voyage passionnant de transformation du contenu de votre site Web en vous offrant un plugin WordPress de cartes World Maps exceptionnel aujourd&rsquo;hui!<\/p>\n","protected":false},"featured_media":144238,"comment_status":"open","ping_status":"open","template":"","meta":[],"product_brand":[2435],"product_cat":[1189,1181,1186],"product_tag":[1231],"class_list":{"0":"post-114387","1":"product","2":"type-product","3":"status-publish","4":"has-post-thumbnail","6":"product_brand-codecanyon","7":"product_cat-personnalisation","8":"product_cat-plugins","9":"product_cat-wordpress-plugins","10":"product_tag-codecanyon","11":"member-discount","12":"discount-restricted","14":"first","15":"instock","16":"sale","17":"downloadable","18":"virtual","19":"sold-individually","20":"purchasable","21":"product-type-simple"},"_links":{"self":[{"href":"https:\/\/gpl-love.com\/fr\/wp-json\/wp\/v2\/product\/114387","targetHints":{"allow":["GET"]}}],"collection":[{"href":"https:\/\/gpl-love.com\/fr\/wp-json\/wp\/v2\/product"}],"about":[{"href":"https:\/\/gpl-love.com\/fr\/wp-json\/wp\/v2\/types\/product"}],"replies":[{"embeddable":true,"href":"https:\/\/gpl-love.com\/fr\/wp-json\/wp\/v2\/comments?post=114387"}],"wp:featuredmedia":[{"embeddable":true,"href":"https:\/\/gpl-love.com\/fr\/wp-json\/wp\/v2\/media\/144238"}],"wp:attachment":[{"href":"https:\/\/gpl-love.com\/fr\/wp-json\/wp\/v2\/media?parent=114387"}],"wp:term":[{"taxonomy":"product_brand","embeddable":true,"href":"https:\/\/gpl-love.com\/fr\/wp-json\/wp\/v2\/product_brand?post=114387"},{"taxonomy":"product_cat","embeddable":true,"href":"https:\/\/gpl-love.com\/fr\/wp-json\/wp\/v2\/product_cat?post=114387"},{"taxonomy":"product_tag","embeddable":true,"href":"https:\/\/gpl-love.com\/fr\/wp-json\/wp\/v2\/product_tag?post=114387"}],"curies":[{"name":"wp","href":"https:\/\/api.w.org\/{rel}","templated":true}]}}