{"id":114385,"date":"2022-08-17T00:00:00","date_gmt":"2022-08-16T22:00:00","guid":{"rendered":"http:\/\/gpl-love.com\/fr\/produit\/woocommerce-dynamic-pricing-et-discounts-with-ai\/"},"modified":"2026-04-10T18:46:46","modified_gmt":"2026-04-10T16:46:46","slug":"woocommerce-dynamic-pricing-et-discounts-with-ai","status":"publish","type":"product","link":"https:\/\/gpl-love.com\/fr\/produit\/woocommerce-dynamic-pricing-et-discounts-with-ai\/","title":{"rendered":"WooCommerce Dynamic Pricing et Discounts with AI 2.1.0"},"content":{"rendered":"<h3>WooCommerce Dynamic Pricing et Discounts with AI Traits<\/h3>\n<p>La tarification dynamique WooCommerce et les remises avec l&rsquo;IA sont un outil exceptionnellement puissant sp\u00e9cialement con\u00e7u pour r\u00e9pondre aux besoins des entreprises qui visent \u00e0 fournir \u00e0 leurs clients des prix et des remises personnalis\u00e9s. Ce plugin remarquable exploite la puissance des algorithmes d&rsquo;intelligence artificielle de pointe pour analyser m\u00e9ticuleusement des aspects complexes tels que le comportement des clients, l&rsquo;historique des achats et d&rsquo;autres points de donn\u00e9es cruciaux, permettant finalement aux entreprises d&rsquo;\u00e9tendre les prix et les remises sur mesure qui s&rsquo;alignent impeccablement avec les pr\u00e9f\u00e9rences uniques de chaque client individuel. En tirant parti de ce plugin, les entreprises peuvent g\u00e9n\u00e9rer sans effort des r\u00e8gles de tarification et des remises tr\u00e8s complexes qui ne sont pas seulement limit\u00e9es \u00e0 des produits sp\u00e9cifiques mais peuvent \u00e9galement \u00eatre appliqu\u00e9es aux groupes de clients ou \u00e0 l&rsquo;achat de volumes. De plus, ce plugin inestimable garantit des mises \u00e0 jour en temps r\u00e9el des informations sur les prix, ce qui permet aux entreprises d&rsquo;adapter de mani\u00e8re transparente leur strat\u00e9gie de prix conform\u00e9ment \u00e0 la dynamique du march\u00e9 et \u00e0 un \u00e9ventail d&rsquo;autres facteurs influents. Essentiellement, le prix dynamique WooCommerce et les remises avec l&rsquo;IA sont un outil indispensable qui est garanti pour permettre aux entreprises de garder une longueur d&rsquo;avance sur la concurrence, tout en offrant simultan\u00e9ment une exp\u00e9rience d&rsquo;achat vraiment personnalis\u00e9e et in\u00e9gal\u00e9e \u00e0 leurs clients estim\u00e9s.<\/p>\n<ul>\n<li>Capacit\u00e9s dynamiques et r\u00e9duits aliment\u00e9es par AI pour votre boutique WooCommerce<\/li>\n<li>Prix \u200b\u200bpersonnalis\u00e9e adapt\u00e9e \u00e0 chaque client individuel en fonction de son historique de navigation et d&rsquo;achat<\/li>\n<li>Modifications en temps r\u00e9el aux prix et r\u00e9ductions pour un impact maximal sur le comportement du client<\/li>\n<li>Flexibilit\u00e9 pour \u00e9tablir des r\u00e8gles de prix et de remises en fonction des cat\u00e9gories de produits, des segments de client\u00e8le et du contenu du panier<\/li>\n<li>Reportage complet et analyse pour surveiller l&rsquo;efficacit\u00e9 de vos strat\u00e9gies de prix et de r\u00e9duction<\/li>\n<li>Int\u00e9gration facile avec votre magasin WooCommerce existant et d&rsquo;autres applications tierces<\/li>\n<li>Mises \u00e0 jour automatis\u00e9es et maintenance pour un fonctionnement sans tracas<\/li>\n<li>Am\u00e9lioration de la satisfaction et de la fid\u00e9lit\u00e9 des clients gr\u00e2ce \u00e0 des prix et des remises personnalis\u00e9s, entra\u00eenant une augmentation des ventes et des revenus.<\/li>\n<\/ul>\n","protected":false},"excerpt":{"rendered":"<p>Transformez les conversions et les revenus de votre magasin en tirant parti du potentiel in\u00e9gal\u00e9 de la tarification dynamique et des remises dynamiques avec l&rsquo;IA! En exploitant les capacit\u00e9s de pointe de notre puissant outil, vous pouvez puiser sans effort dans des algorithmes avanc\u00e9s de l&rsquo;intelligence artificielle qui discernent efficacement les mod\u00e8les de comportement des clients et fournissent des remises sur mesure individuellement et des options de prix pour propulser les ventes. Offrez des adieux \u00e0 la t\u00e2che fastidieuse d&rsquo;administrer manuellement les prix de votre magasin, et conteste plut\u00f4t les r\u00eanes aux prouesses extraordinaires de l&rsquo;IA, permettant \u00e0 vos ventes d&rsquo;\u00e9voluer des sommets sans pr\u00e9c\u00e9dent.<\/p>\n","protected":false},"featured_media":145871,"comment_status":"open","ping_status":"open","template":"","meta":[],"product_brand":[2435],"product_cat":[1182,1200,1181],"product_tag":[1231],"class_list":{"0":"post-114385","1":"product","2":"type-product","3":"status-publish","4":"has-post-thumbnail","6":"product_brand-codecanyon","7":"product_cat-commerce-electronique-plugins","8":"product_cat-commercialisation","9":"product_cat-plugins","10":"product_tag-codecanyon","11":"member-discount","12":"discount-restricted","14":"first","15":"instock","16":"sale","17":"downloadable","18":"virtual","19":"sold-individually","20":"purchasable","21":"product-type-simple"},"_links":{"self":[{"href":"https:\/\/gpl-love.com\/fr\/wp-json\/wp\/v2\/product\/114385","targetHints":{"allow":["GET"]}}],"collection":[{"href":"https:\/\/gpl-love.com\/fr\/wp-json\/wp\/v2\/product"}],"about":[{"href":"https:\/\/gpl-love.com\/fr\/wp-json\/wp\/v2\/types\/product"}],"replies":[{"embeddable":true,"href":"https:\/\/gpl-love.com\/fr\/wp-json\/wp\/v2\/comments?post=114385"}],"wp:featuredmedia":[{"embeddable":true,"href":"https:\/\/gpl-love.com\/fr\/wp-json\/wp\/v2\/media\/145871"}],"wp:attachment":[{"href":"https:\/\/gpl-love.com\/fr\/wp-json\/wp\/v2\/media?parent=114385"}],"wp:term":[{"taxonomy":"product_brand","embeddable":true,"href":"https:\/\/gpl-love.com\/fr\/wp-json\/wp\/v2\/product_brand?post=114385"},{"taxonomy":"product_cat","embeddable":true,"href":"https:\/\/gpl-love.com\/fr\/wp-json\/wp\/v2\/product_cat?post=114385"},{"taxonomy":"product_tag","embeddable":true,"href":"https:\/\/gpl-love.com\/fr\/wp-json\/wp\/v2\/product_tag?post=114385"}],"curies":[{"name":"wp","href":"https:\/\/api.w.org\/{rel}","templated":true}]}}