{"id":114383,"date":"2023-10-17T00:00:00","date_gmt":"2023-10-16T22:00:00","guid":{"rendered":"http:\/\/gpl-love.com\/fr\/produit\/woocommerce-tracking-more\/"},"modified":"2026-03-20T23:48:12","modified_gmt":"2026-03-20T22:48:12","slug":"woocommerce-tracking-more","status":"publish","type":"product","link":"https:\/\/gpl-love.com\/fr\/produit\/woocommerce-tracking-more\/","title":{"rendered":"WooCommerce Tracking More 4.3"},"content":{"rendered":"<h3>WooCommerce Tracking More Traits<\/h3>\n<p>WooCommerce Tracking More est un outil incroyablement robuste qui a \u00e9t\u00e9 sp\u00e9cialement d\u00e9velopp\u00e9 pour am\u00e9liorer consid\u00e9rablement les capacit\u00e9s de suivi de votre boutique en ligne. En mettant en \u0153uvre ce plugin r\u00e9volutionnaire, vous aurez la possibilit\u00e9 de suivre et de g\u00e9rer efficacement toutes vos commandes, exp\u00e9ditions et stocks. De plus, il offre l&rsquo;avantage suppl\u00e9mentaire de vous fournir des mises \u00e0 jour et des notifications en temps r\u00e9el, garantissant que vous ne manquerez jamais une livraison cruciale. De plus, ce plugin remarquable s&rsquo;int\u00e8gre de mani\u00e8re transparente \u00e0 un \u00e9ventail de transporteurs r\u00e9put\u00e9s, tels que USPS, FedEx et UPS, vous offrant ainsi une solution de suivi compl\u00e8te et globale. Avec son interface conviviale con\u00e7ue intuitivement, ce plugin permet sans effort une configuration et une personnalisation pratiques, ce qui en fait un atout inestimable pour tout magasin WooCommerce. En utilisant davantage WooCommerce, vous pourrez vous assurer que vos clients estim\u00e9s restent compl\u00e8tement satisfaits et continuellement bien inform\u00e9s.<\/p>\n<ul>\n<li>Fournit des informations de suivi en temps r\u00e9el pour toutes les commandes WooCommerce<\/li>\n<li>Permet aux clients de suivre leurs commandes directement sur votre site Web<\/li>\n<li>Affiche le suivi des informations de plus de 500 transporteurs dans le monde<\/li>\n<li>D\u00e9tection de num\u00e9ro de suivi automatique pour les transporteurs populaires<\/li>\n<li>Envoie des e-mails de mise \u00e0 jour de suivi automatique aux clients<\/li>\n<li>Fournit des informations de suivi dans plusieurs langues<\/li>\n<li>Affiche le suivi des informations dans une interface claire et conviviale<\/li>\n<li>Disponible en tant que plugin WordPress pour une int\u00e9gration facile avec votre site Web<\/li>\n<li>Offre des pages de suivi personnalisables avec votre marque d&rsquo;entreprise<\/li>\n<li>Fournit des analyses sur le comportement de suivi des clients<\/li>\n<li>Offre l&rsquo;int\u00e9gration d&rsquo;API pour les d\u00e9veloppeurs<\/li>\n<li>Support client 24\/7 disponible.<\/li>\n<\/ul>\n","protected":false},"excerpt":{"rendered":"<p>WooCommerce Tracking More, un outil extr\u00eamement puissant, englobe une pl\u00e9thore de capacit\u00e9s pour surveiller et \u00e9valuer efficacement les performances de votre entreprise de commerce \u00e9lectronique. Gr\u00e2ce \u00e0 l&rsquo;utilisation de ce produit extraordinaire, vous pouvez superviser et examiner sans effort vos donn\u00e9es de vente, surveiller \u00e9troitement le comportement des clients et \u00e9valuer m\u00e9ticuleusement l&rsquo;efficacit\u00e9 de vos efforts de marketing. Obtenez des id\u00e9es inestimables concernant votre marchandise la plus populaire, les canaux de marketing les plus r\u00e9ussis et les mod\u00e8les complexes dans les habitudes d&rsquo;achat des clients, tous harmonieusement consolid\u00e9s dans une plate-forme unifi\u00e9e. Optimisez et rationalisez de mani\u00e8re transparente vos op\u00e9rations commerciales \u00e0 l&rsquo;aide de WooCommerce suivant davantage, propulsant votre boutique en ligne \u00e0 des hauteurs sans pr\u00e9c\u00e9dent!<\/p>\n","protected":false},"featured_media":146051,"comment_status":"open","ping_status":"open","template":"","meta":[],"product_brand":[2435],"product_cat":[1182,1223,1181],"product_tag":[1231],"class_list":{"0":"post-114383","1":"product","2":"type-product","3":"status-publish","4":"has-post-thumbnail","6":"product_brand-codecanyon","7":"product_cat-commerce-electronique-plugins","8":"product_cat-personnalisation-commerce-electronique-plugins","9":"product_cat-plugins","10":"product_tag-codecanyon","11":"member-discount","12":"discount-restricted","14":"first","15":"instock","16":"sale","17":"downloadable","18":"virtual","19":"sold-individually","20":"purchasable","21":"product-type-simple"},"_links":{"self":[{"href":"https:\/\/gpl-love.com\/fr\/wp-json\/wp\/v2\/product\/114383","targetHints":{"allow":["GET"]}}],"collection":[{"href":"https:\/\/gpl-love.com\/fr\/wp-json\/wp\/v2\/product"}],"about":[{"href":"https:\/\/gpl-love.com\/fr\/wp-json\/wp\/v2\/types\/product"}],"replies":[{"embeddable":true,"href":"https:\/\/gpl-love.com\/fr\/wp-json\/wp\/v2\/comments?post=114383"}],"wp:featuredmedia":[{"embeddable":true,"href":"https:\/\/gpl-love.com\/fr\/wp-json\/wp\/v2\/media\/146051"}],"wp:attachment":[{"href":"https:\/\/gpl-love.com\/fr\/wp-json\/wp\/v2\/media?parent=114383"}],"wp:term":[{"taxonomy":"product_brand","embeddable":true,"href":"https:\/\/gpl-love.com\/fr\/wp-json\/wp\/v2\/product_brand?post=114383"},{"taxonomy":"product_cat","embeddable":true,"href":"https:\/\/gpl-love.com\/fr\/wp-json\/wp\/v2\/product_cat?post=114383"},{"taxonomy":"product_tag","embeddable":true,"href":"https:\/\/gpl-love.com\/fr\/wp-json\/wp\/v2\/product_tag?post=114383"}],"curies":[{"name":"wp","href":"https:\/\/api.w.org\/{rel}","templated":true}]}}