{"id":114379,"date":"2021-04-24T00:00:00","date_gmt":"2021-04-23T22:00:00","guid":{"rendered":"http:\/\/gpl-love.com\/fr\/produit\/wp-ultimate-pdf-generator\/"},"modified":"2026-03-20T23:50:59","modified_gmt":"2026-03-20T22:50:59","slug":"wp-ultimate-pdf-generator","status":"publish","type":"product","link":"https:\/\/gpl-love.com\/fr\/produit\/wp-ultimate-pdf-generator\/","title":{"rendered":"WP Ultimate PDF Generator 1.0.7"},"content":{"rendered":"<h3>WP Ultimate PDF Generator Traits<\/h3>\n<p>WP Ultimate PDF Generator est un outil incroyablement puissant qui vous offre la commodit\u00e9 de g\u00e9n\u00e9rer sans effort des documents PDF directement \u00e0 partir du contenu de votre site Web WordPress. Ce plugin exceptionnel offre la capacit\u00e9 remarquable pour transformer n&rsquo;importe quel type de publication, de page ou de message personnalis\u00e9 en fichier PDF avec un effort minimal, ne n\u00e9cessitant que quelques clics simples. De plus, l&rsquo;immense flexibilit\u00e9 et l&rsquo;adaptabilit\u00e9 du plugin vous permettent d&rsquo;une large gamme d&rsquo;options, vous permettant de s\u00e9lectionner parmi une multitude de mod\u00e8les, de polices et de couleurs, facilitant ainsi la cr\u00e9ation de PDF captivants et professionnels qui s&rsquo;alignent de mani\u00e8re transparente avec la marque distincte de votre site Web. De plus, le plugin facilite l&rsquo;incorporation de filigranes, en-t\u00eates, pieds de page et autres \u00e9l\u00e9ments dans vos PDF, am\u00e9liorant consid\u00e9rablement leur valeur informationnelle et leur attrait asth\u00e9tique. En tirant parti des capacit\u00e9s extraordinaires du g\u00e9n\u00e9rateur PDF ultime WP, vous pouvez rationaliser et acc\u00e9l\u00e9rer consid\u00e9rablement votre processus de cr\u00e9ation de contenu, tout en fournissant simultan\u00e9ment \u00e0 vos utilisateurs inestimables des documents PDF de haut niveau qui sont \u00e0 la fois facilement t\u00e9l\u00e9chargeables et partageables.<\/p>\n<ul>\n<li>G\u00e9n\u00e8re des documents PDF d&rsquo;aspect professionnel \u00e0 partir de votre site WordPress<\/li>\n<li>Options de t\u00eate et de pied de page personnalisables<\/li>\n<li>Prise en charge de plusieurs langues<\/li>\n<li>Possibilit\u00e9 de prot\u00e9ger les PDF pour une s\u00e9curit\u00e9 suppl\u00e9mentaire<\/li>\n<li>Comprend une visionneuse PDF int\u00e9gr\u00e9e pour un aper\u00e7u facile<\/li>\n<li>Permet un filigrane PDF pour une marque suppl\u00e9mentaire<\/li>\n<li>Ajoute automatiquement la table des mati\u00e8res pour des documents plus longs<\/li>\n<li>Prend en charge les types de poste et les taxonomies personnalis\u00e9s<\/li>\n<li>S&rsquo;int\u00e8gre aux plugins de formulaires populaires pour g\u00e9n\u00e9rer des PDF \u00e0 partir des soumissions de formulaires<\/li>\n<li>Compatible avec tous les principaux navigateurs et appareils.<\/li>\n<\/ul>\n","protected":false},"excerpt":{"rendered":"<p>\u00cates-vous \u00e0 la recherche d&rsquo;une m\u00e9thode simple pour g\u00e9n\u00e9rer des documents PDF polis \u00e0 partir de votre site Web WordPress? Votre recherche se termine ici par le g\u00e9n\u00e9rateur PDF WP Ultimate! Ce plugin remarquablement robuste vous offre la capacit\u00e9 sans effort \u00e0 convertir n&rsquo;importe quelle page ou publier en un fichier PDF de qualit\u00e9 sup\u00e9rieure. De plus, il permet d&rsquo;inclure des en-t\u00eates sur mesure, des pieds de page et d&rsquo;autres composants de marque. Que votre objectif soit de modeler des manuels de produits, des livres blancs ou des formes vari\u00e9es de mat\u00e9riel de marketing, le g\u00e9n\u00e9rateur PDF Ultime WP acc\u00e9l\u00e9re le processus tout en garantissant un minimum de d\u00e9sagr\u00e9ment. Par cons\u00e9quent, pourquoi retarder davantage? S\u00e9curisez votre copie aujourd&rsquo;hui et commencez \u00e0 g\u00e9n\u00e9rer des PDF avec l&rsquo;expertise d&rsquo;un professionnel chevronn\u00e9!<\/p>\n","protected":false},"featured_media":146229,"comment_status":"open","ping_status":"open","template":"","meta":[],"product_brand":[2435],"product_cat":[1189,1181,1186],"product_tag":[1231],"class_list":{"0":"post-114379","1":"product","2":"type-product","3":"status-publish","4":"has-post-thumbnail","6":"product_brand-codecanyon","7":"product_cat-personnalisation","8":"product_cat-plugins","9":"product_cat-wordpress-plugins","10":"product_tag-codecanyon","11":"member-discount","12":"discount-restricted","14":"first","15":"instock","16":"sale","17":"downloadable","18":"virtual","19":"sold-individually","20":"purchasable","21":"product-type-simple"},"_links":{"self":[{"href":"https:\/\/gpl-love.com\/fr\/wp-json\/wp\/v2\/product\/114379","targetHints":{"allow":["GET"]}}],"collection":[{"href":"https:\/\/gpl-love.com\/fr\/wp-json\/wp\/v2\/product"}],"about":[{"href":"https:\/\/gpl-love.com\/fr\/wp-json\/wp\/v2\/types\/product"}],"replies":[{"embeddable":true,"href":"https:\/\/gpl-love.com\/fr\/wp-json\/wp\/v2\/comments?post=114379"}],"wp:featuredmedia":[{"embeddable":true,"href":"https:\/\/gpl-love.com\/fr\/wp-json\/wp\/v2\/media\/146229"}],"wp:attachment":[{"href":"https:\/\/gpl-love.com\/fr\/wp-json\/wp\/v2\/media?parent=114379"}],"wp:term":[{"taxonomy":"product_brand","embeddable":true,"href":"https:\/\/gpl-love.com\/fr\/wp-json\/wp\/v2\/product_brand?post=114379"},{"taxonomy":"product_cat","embeddable":true,"href":"https:\/\/gpl-love.com\/fr\/wp-json\/wp\/v2\/product_cat?post=114379"},{"taxonomy":"product_tag","embeddable":true,"href":"https:\/\/gpl-love.com\/fr\/wp-json\/wp\/v2\/product_tag?post=114379"}],"curies":[{"name":"wp","href":"https:\/\/api.w.org\/{rel}","templated":true}]}}