{"id":114377,"date":"2025-07-09T00:00:00","date_gmt":"2025-07-08T22:00:00","guid":{"rendered":"http:\/\/gpl-love.com\/fr\/produit\/townpress-municipality-wordpress-theme\/"},"modified":"2026-04-10T18:43:47","modified_gmt":"2026-04-10T16:43:47","slug":"townpress-municipality-wordpress-theme","status":"publish","type":"product","link":"https:\/\/gpl-love.com\/fr\/produit\/townpress-municipality-wordpress-theme\/","title":{"rendered":"TownPress Municipality WordPress Theme 3.8.12"},"content":{"rendered":"<h3>TownPress Municipality WordPress Theme Traits<\/h3>\n<p>Le th\u00e8me WordPress de la municipalit\u00e9 de la ville appara\u00eet comme un instrument exceptionnel pour la cr\u00e9ation de sites Web sp\u00e9cifiquement adapt\u00e9s aux gouvernements locaux, aux municipalit\u00e9s et \u00e0 d&rsquo;autres organisations associ\u00e9es. Portant une interface vraiment conviviale, ce th\u00e8me pr\u00e9sente l&rsquo;opportunit\u00e9 de fabriquer une fabrication transparente de sites Web exceptionnellement professionnels et raffin\u00e9s. Il a \u00e9t\u00e9 dot\u00e9 d&rsquo;un large \u00e9ventail de fonctionnalit\u00e9s et de fonctionnalit\u00e9s, tels que des cartes personnalisables, des calendriers d&rsquo;\u00e9v\u00e9nements et des sections d\u00e9di\u00e9es \u00e0 la diffusion d&rsquo;actualit\u00e9s. De plus, sa r\u00e9activit\u00e9 compl\u00e8te garantit l&rsquo;attrait esth\u00e9tique de votre site Web sur tous les appareils, que ce soit des ordinateurs de bureau ou des smartphones. Que votre intention soit de construire un site Web pour votre municipalit\u00e9 locale ou votre agence gouvernementale, ce th\u00e8me se soutient comme le choix id\u00e9al qui servira un atout inestimable dans la cr\u00e9ation d&rsquo;une pr\u00e9sence en ligne tr\u00e8s comp\u00e9tente et percutante.<\/p>\n<ul>\n<li>Th\u00e8me WordPress con\u00e7u par des professionnels sp\u00e9cifiquement adapt\u00e9 aux municipalit\u00e9s<\/li>\n<li>Fonctionnalit\u00e9s de recherche avanc\u00e9es permettant aux r\u00e9sidents de trouver facilement des ressources et des informations pertinentes<\/li>\n<li>La conception r\u00e9active garantit une visualisation optimale sur les appareils mobiles<\/li>\n<li>Navigation intuitive et mise en page pour une navigation facile d&rsquo;informations municipales importantes<\/li>\n<li>Outils int\u00e9gr\u00e9s pour anticiper et r\u00e9pondre rapidement aux situations d&rsquo;urgence<\/li>\n<li>Mod\u00e8les de plusieurs pages disponibles pour afficher diff\u00e9rents types de contenu<\/li>\n<li>Soutien multi-langues pour la restauration de diverses populations<\/li>\n<li>Int\u00e9gration avec des plateformes de m\u00e9dias sociaux populaires pour une augmentation de l&rsquo;engagement communautaire<\/li>\n<li>Option pour les r\u00e9sidents pour soumettre des demandes de service ou signaler les probl\u00e8mes directement via le site Web<\/li>\n<li>Compatibilit\u00e9 avec une vari\u00e9t\u00e9 de plugins pour une personnalisation et des fonctionnalit\u00e9s suppl\u00e9mentaires.<\/li>\n<\/ul>\n","protected":false},"excerpt":{"rendered":"<p>Townpress est un th\u00e8me WordPress exceptionnel qui a \u00e9t\u00e9 m\u00e9ticuleusement con\u00e7u dans le seul but de r\u00e9pondre aux besoins uniques des municipalit\u00e9s et des organismes gouvernementaux locaux. Sa conception de pointe poss\u00e8de un m\u00e9lange transparent d&rsquo;esth\u00e9tique moderne et de fonctionnalit\u00e9s conviviales, permettant aux utilisateurs de fa\u00e7onner sans effort un site Web visuellement magnifique qui d\u00e9gage du professionnalisme. Ce site Web servira d&rsquo;outil tr\u00e8s efficace pour faciliter une connectivit\u00e9 accrue entre l&rsquo;organe directeur et la communaut\u00e9 qu&rsquo;il dessert, permettant une diffusion transparente des nouvelles et des \u00e9v\u00e9nements, ainsi que la fourniture d&rsquo;informations vitales relatives aux services locaux. B\u00e9n\u00e9ficiant d&rsquo;une vaste gamme d&rsquo;options personnalisables et fortifi\u00e9es par un arsenal de puissantes fonctionnalit\u00e9s int\u00e9gr\u00e9es, Townpress est la solution in\u00e9gal\u00e9e et incontournable pour les villes, les villes et les villages, dans leur qu\u00eate pour optimiser leur pr\u00e9sence en ligne et s&rsquo;engager efficacement avec leurs r\u00e9sidents dans le domaine num\u00e9rique.<\/p>\n","protected":false},"featured_media":145607,"comment_status":"open","ping_status":"open","template":"","meta":[],"product_brand":[2433],"product_cat":[1242,1212,1213],"product_tag":[1366],"class_list":{"0":"post-114377","1":"product","2":"type-product","3":"status-publish","4":"has-post-thumbnail","6":"product_brand-themeforest","7":"product_cat-creatif","8":"product_cat-themes","9":"product_cat-wordpress-themes","10":"product_tag-themeforest","11":"member-discount","12":"discount-restricted","14":"first","15":"instock","16":"sale","17":"downloadable","18":"virtual","19":"sold-individually","20":"purchasable","21":"product-type-simple"},"_links":{"self":[{"href":"https:\/\/gpl-love.com\/fr\/wp-json\/wp\/v2\/product\/114377","targetHints":{"allow":["GET"]}}],"collection":[{"href":"https:\/\/gpl-love.com\/fr\/wp-json\/wp\/v2\/product"}],"about":[{"href":"https:\/\/gpl-love.com\/fr\/wp-json\/wp\/v2\/types\/product"}],"replies":[{"embeddable":true,"href":"https:\/\/gpl-love.com\/fr\/wp-json\/wp\/v2\/comments?post=114377"}],"wp:featuredmedia":[{"embeddable":true,"href":"https:\/\/gpl-love.com\/fr\/wp-json\/wp\/v2\/media\/145607"}],"wp:attachment":[{"href":"https:\/\/gpl-love.com\/fr\/wp-json\/wp\/v2\/media?parent=114377"}],"wp:term":[{"taxonomy":"product_brand","embeddable":true,"href":"https:\/\/gpl-love.com\/fr\/wp-json\/wp\/v2\/product_brand?post=114377"},{"taxonomy":"product_cat","embeddable":true,"href":"https:\/\/gpl-love.com\/fr\/wp-json\/wp\/v2\/product_cat?post=114377"},{"taxonomy":"product_tag","embeddable":true,"href":"https:\/\/gpl-love.com\/fr\/wp-json\/wp\/v2\/product_tag?post=114377"}],"curies":[{"name":"wp","href":"https:\/\/api.w.org\/{rel}","templated":true}]}}