{"id":114375,"date":"2025-09-19T00:00:00","date_gmt":"2025-09-18T22:00:00","guid":{"rendered":"http:\/\/gpl-love.com\/fr\/produit\/ultimate-learning-pro\/"},"modified":"2026-04-10T18:44:11","modified_gmt":"2026-04-10T16:44:11","slug":"ultimate-learning-pro","status":"publish","type":"product","link":"https:\/\/gpl-love.com\/fr\/produit\/ultimate-learning-pro\/","title":{"rendered":"Ultimate Learning Pro 3.9.3"},"content":{"rendered":"<h3>Ultimate Learning Pro Traits<\/h3>\n<p>La plateforme d&rsquo;apprentissage en ligne globale et globale connue sous le nom d&rsquo;Ultimate Learning Pro a \u00e9t\u00e9 sp\u00e9cifiquement con\u00e7ue pour r\u00e9pondre aux divers besoins d&rsquo;apprentissage des \u00e9tudiants et des professionnels. Cette plate-forme poss\u00e8de un large \u00e9ventail de cours s&rsquo;\u00e9tendant sur divers domaines et industries, allant des domaines des affaires et de la technologie aux domaines de la sant\u00e9 et du bien-\u00eatre. Dans l&rsquo;intention de fournir une exp\u00e9rience d&rsquo;apprentissage interactive et captivante, Ultimate Learning Pro int\u00e8gre une multitude d&rsquo;\u00e9l\u00e9ments multim\u00e9dias, tels que des vid\u00e9os, des quiz et des exercices interactifs. De plus, cette plate-forme fait passer la personnalisation au niveau sup\u00e9rieur en utilisant des algorithmes d&rsquo;apprentissage adaptatifs qui \u00e9valuent m\u00e9ticuleusement les forces et les faiblesses individuelles d&rsquo;un utilisateur, par la suite, adaptant le contenu en fonction de leurs besoins sp\u00e9cifiques. En plus de ces fonctionnalit\u00e9s remarquables, Ultimate Learning Pro propose \u00e9galement des outils pour suivre les progr\u00e8s, faciliter l&rsquo;apprentissage social et permettre la collaboration, ce qui en fait un choix exceptionnel pour les \u00e9quipes et organisations \u00e9loign\u00e9es. Avec son interface utilisateur intuitive et son ensemble complet de fonctionnalit\u00e9s, Ultimate Learning Pro est incontestablement comme un outil indispensable pour tous ceux qui cherchent \u00e0 acqu\u00e9rir de nouvelles comp\u00e9tences ou \u00e0 \u00e9tendre leurs connaissances dans un domaine donn\u00e9.<\/p>\n<ul>\n<li>Plate-forme d&rsquo;apprentissage en ligne avanc\u00e9e pour la cr\u00e9ation et la gestion des cours en ligne<\/li>\n<li>Interface conviviale avec un g\u00e9n\u00e9rateur de cours glisser-d\u00e9poser<\/li>\n<li>Contr\u00f4le complet du contenu des cours, y compris les \u00e9l\u00e9ments multim\u00e9dias et interactifs<\/li>\n<li>\u00c9valuations et syst\u00e8me de classement int\u00e9gr\u00e9s avec certificats personnalisables<\/li>\n<li>Les fonctionnalit\u00e9s de la gamification, y compris les badges et les classements, pour motiver les apprenants<\/li>\n<li>S&rsquo;int\u00e8gre \u00e0 plusieurs passerelles de paiement pour la mon\u00e9tisation<\/li>\n<li>Prend en charge plusieurs langues et fournit une conception r\u00e9active pour une visualisation mobile sans couture<\/li>\n<li>Rapports et analyses robustes pour l&rsquo;\u00e9valuation et l&rsquo;am\u00e9lioration des performances des cours<\/li>\n<\/ul>\n","protected":false},"excerpt":{"rendered":"<p>Ultimate Learning Pro est une plate-forme d&rsquo;apprentissage en ligne exceptionnellement robuste qui a \u00e9t\u00e9 intelligemment con\u00e7ue pour r\u00e9pondre aux exigences \u00e9ducatives en constante \u00e9volution des professionnels et des entreprises. B\u00e9n\u00e9ficiant d&rsquo;un \u00e9ventail de fonctionnalit\u00e9s de pointe telles que la cr\u00e9ation de cours, la gestion du quiz et des affectations, ainsi que des rapports et des analyses personnalis\u00e9s, cette plate-forme am\u00e9liore efficacement et de mani\u00e8re transparente toute l&rsquo;exp\u00e9rience d&rsquo;apprentissage. Que vous recherchiez une am\u00e9lioration rapide des comp\u00e9tences ou des programmes de formation globale, la solution globale \u00e0 vos aspirations d&rsquo;apprentissage peut sans aucun doute \u00eatre trouv\u00e9e dans Ultimate Learning Pro.<\/p>\n","protected":false},"featured_media":145635,"comment_status":"open","ping_status":"open","template":"","meta":[],"product_brand":[2435],"product_cat":[1189,1181,1186],"product_tag":[1231],"class_list":{"0":"post-114375","1":"product","2":"type-product","3":"status-publish","4":"has-post-thumbnail","6":"product_brand-codecanyon","7":"product_cat-personnalisation","8":"product_cat-plugins","9":"product_cat-wordpress-plugins","10":"product_tag-codecanyon","11":"member-discount","12":"discount-restricted","14":"first","15":"instock","16":"sale","17":"downloadable","18":"virtual","19":"sold-individually","20":"purchasable","21":"product-type-simple"},"_links":{"self":[{"href":"https:\/\/gpl-love.com\/fr\/wp-json\/wp\/v2\/product\/114375","targetHints":{"allow":["GET"]}}],"collection":[{"href":"https:\/\/gpl-love.com\/fr\/wp-json\/wp\/v2\/product"}],"about":[{"href":"https:\/\/gpl-love.com\/fr\/wp-json\/wp\/v2\/types\/product"}],"replies":[{"embeddable":true,"href":"https:\/\/gpl-love.com\/fr\/wp-json\/wp\/v2\/comments?post=114375"}],"wp:featuredmedia":[{"embeddable":true,"href":"https:\/\/gpl-love.com\/fr\/wp-json\/wp\/v2\/media\/145635"}],"wp:attachment":[{"href":"https:\/\/gpl-love.com\/fr\/wp-json\/wp\/v2\/media?parent=114375"}],"wp:term":[{"taxonomy":"product_brand","embeddable":true,"href":"https:\/\/gpl-love.com\/fr\/wp-json\/wp\/v2\/product_brand?post=114375"},{"taxonomy":"product_cat","embeddable":true,"href":"https:\/\/gpl-love.com\/fr\/wp-json\/wp\/v2\/product_cat?post=114375"},{"taxonomy":"product_tag","embeddable":true,"href":"https:\/\/gpl-love.com\/fr\/wp-json\/wp\/v2\/product_tag?post=114375"}],"curies":[{"name":"wp","href":"https:\/\/api.w.org\/{rel}","templated":true}]}}