{"id":114371,"date":"2024-01-15T00:00:00","date_gmt":"2024-01-14T23:00:00","guid":{"rendered":"http:\/\/gpl-love.com\/fr\/produit\/braintech-technology-et-it-solutions-wordpress-theme\/"},"modified":"2026-03-20T22:57:22","modified_gmt":"2026-03-20T21:57:22","slug":"braintech-technology-et-it-solutions-wordpress-theme","status":"publish","type":"product","link":"https:\/\/gpl-love.com\/fr\/produit\/braintech-technology-et-it-solutions-wordpress-theme\/","title":{"rendered":"Braintech Technology et IT Solutions WordPress Theme 2.5.4"},"content":{"rendered":"<h3>Braintech Technology et IT Solutions WordPress Theme Traits<\/h3>\n<p>Le th\u00e8me WordPress de BrerentEch Technology and IT Solutions est un th\u00e8me exceptionnellement polyvalent et de pointe sp\u00e9cifiquement con\u00e7u pour les entreprises op\u00e9rant dans le secteur de la technologie et de l&rsquo;informatique. B\u00e9n\u00e9ficiant d&rsquo;un design \u00e9l\u00e9gant et sophistiqu\u00e9, il offre une gamme compl\u00e8te de fonctionnalit\u00e9s essentielles qui pr\u00e9sentent efficacement vos produits et services, accentuer l&rsquo;expertise des membres de votre \u00e9quipe et faciliter l&rsquo;engagement des clients gr\u00e2ce \u00e0 une int\u00e9gration transparente avec un blog ou des plateformes de m\u00e9dias sociaux. Ce th\u00e8me pr\u00e9sente aux utilisateurs une myriade de variations de page d&rsquo;accueil, des widgets personnalisables, une s\u00e9lection sans fin de sch\u00e9mas de couleurs et une disposition enti\u00e8rement r\u00e9active qui s&rsquo;adapte de mani\u00e8re transparente aux \u00e9crans de toutes tailles. De plus, il est enti\u00e8rement \u00e9quip\u00e9 de plugins renomm\u00e9s tels que Slider Revolution et Contact Form 7, permettant la cr\u00e9ation sans effort de curseurs et de formes visuellement captivants. Que vous vous trouviez au stade de la cr\u00e9ation de votre parcours entrepreneurial ou que vous d\u00e9j\u00e0 cr\u00e9\u00e9 comme un acteur de premier plan dans l&rsquo;industrie, la technologie BrerentEch et les solutions informatiques WordPress sont le choix ultime pour \u00e9tablir une pr\u00e9sence en ligne convaincante et une croissance des entreprises exponentielles favorables.<\/p>\n<ul>\n<li>-Cesion sensible et moderne qui a fi\u00e8re allure sur n&rsquo;importe quel appareil<\/li>\n<li>-Egr\u00e9 avec des plugins populaires comme WooCommerce et le formulaire de contact 7<\/li>\n<li>-Optimis\u00e9 pour la vitesse et le r\u00e9f\u00e9rencement<\/li>\n<li>-GOSITION DE LA PUSSIMMATION ET MULTIPLES WIDGETS<\/li>\n<li>-Suports multiples langues et traduction pr\u00eates<\/li>\n<li>-Come avec plusieurs pages pr\u00e9d\u00e9finies pour les services, \u00e0 propos de nous, de portefeuille, et plus<\/li>\n<li>-Fesie d&rsquo;utiliser le g\u00e9n\u00e9rateur de pages glisser-d\u00e9poser inclus<\/li>\n<li>-Les options de couleurs non limit\u00e9es et int\u00e9gration des polices Google<\/li>\n<li>-Clude l&rsquo;importation en un clic pour configurer rapidement le site Web<\/li>\n<li>-Arygulairement mis \u00e0 jour et pris en charge par les d\u00e9veloppeurs.<\/li>\n<\/ul>\n","protected":false},"excerpt":{"rendered":"<p>Entrez dans le futur avec BrerentEch Technology et IT Solutions WordPress Theme. Con\u00e7u pour la technologie et les entreprises informatiques, ce th\u00e8me poss\u00e8de un \u00e9ventail de fonctionnalit\u00e9s cl\u00e9s pour attirer des clients potentiels. Construit avec une conception r\u00e9active, il garantit que votre site est magnifique sur tous les appareils. Les options de th\u00e8me avanc\u00e9 offrent un degr\u00e9 \u00e9lev\u00e9 de personnalisation, vous permettant d&rsquo;adapter votre site \u00e0 vos besoins uniques. Int\u00e9grez facilement les plugins populaires, comme WooCommerce, pour une boutique en ligne rationalis\u00e9e. L&rsquo;optimisation du r\u00e9f\u00e9rencement garantit que votre site se classe \u00e9lev\u00e9 dans les r\u00e9sultats de recherche, ce qui entra\u00eene plus de trafic vers votre entreprise. Avec des mises \u00e0 jour r\u00e9guli\u00e8res, vous pouvez \u00eatre s\u00fbr que votre site reste \u00e0 jour avec les derni\u00e8res tendances et technologies. Profitez d&rsquo;un support de premier ordre, vous fournissant des solutions et de l&rsquo;assistance chaque fois que vous en avez besoin. Se d\u00e9marquez de la foule et informez les clients potentiels de vos services avec la technologie BrerentEch et le th\u00e8me WordPress Solutions.<\/p>\n","protected":false},"featured_media":143313,"comment_status":"open","ping_status":"open","template":"","meta":[],"product_brand":[2433],"product_cat":[1242,1212,1213],"product_tag":[1366],"class_list":{"0":"post-114371","1":"product","2":"type-product","3":"status-publish","4":"has-post-thumbnail","6":"product_brand-themeforest","7":"product_cat-creatif","8":"product_cat-themes","9":"product_cat-wordpress-themes","10":"product_tag-themeforest","11":"member-discount","12":"discount-restricted","14":"first","15":"instock","16":"sale","17":"downloadable","18":"virtual","19":"sold-individually","20":"purchasable","21":"product-type-simple"},"_links":{"self":[{"href":"https:\/\/gpl-love.com\/fr\/wp-json\/wp\/v2\/product\/114371","targetHints":{"allow":["GET"]}}],"collection":[{"href":"https:\/\/gpl-love.com\/fr\/wp-json\/wp\/v2\/product"}],"about":[{"href":"https:\/\/gpl-love.com\/fr\/wp-json\/wp\/v2\/types\/product"}],"replies":[{"embeddable":true,"href":"https:\/\/gpl-love.com\/fr\/wp-json\/wp\/v2\/comments?post=114371"}],"wp:featuredmedia":[{"embeddable":true,"href":"https:\/\/gpl-love.com\/fr\/wp-json\/wp\/v2\/media\/143313"}],"wp:attachment":[{"href":"https:\/\/gpl-love.com\/fr\/wp-json\/wp\/v2\/media?parent=114371"}],"wp:term":[{"taxonomy":"product_brand","embeddable":true,"href":"https:\/\/gpl-love.com\/fr\/wp-json\/wp\/v2\/product_brand?post=114371"},{"taxonomy":"product_cat","embeddable":true,"href":"https:\/\/gpl-love.com\/fr\/wp-json\/wp\/v2\/product_cat?post=114371"},{"taxonomy":"product_tag","embeddable":true,"href":"https:\/\/gpl-love.com\/fr\/wp-json\/wp\/v2\/product_tag?post=114371"}],"curies":[{"name":"wp","href":"https:\/\/api.w.org\/{rel}","templated":true}]}}