{"id":114256,"date":"2022-08-23T00:00:00","date_gmt":"2022-08-22T22:00:00","guid":{"rendered":"http:\/\/gpl-love.com\/fr\/produit\/dotlife-coach-online-courses-wordpress\/"},"modified":"2026-03-20T23:01:15","modified_gmt":"2026-03-20T22:01:15","slug":"dotlife-coach-online-courses-wordpress","status":"publish","type":"product","link":"https:\/\/gpl-love.com\/fr\/produit\/dotlife-coach-online-courses-wordpress\/","title":{"rendered":"DotLife Coach Online Courses WordPress 4.4.8"},"content":{"rendered":"<h3>DotLife Coach Online Courses WordPress Traits<\/h3>\n<p>Les cours en ligne de Dotlife Coach WordPress servent d&rsquo;instrument tr\u00e8s formidable pour les entra\u00eeneurs aspirant \u00e0 \u00e9tendre leurs efforts entrepreneuriaux tout en appuyant simultan\u00e9ment dans une base de clients plus large. Cette plate-forme de pointe permet aux entra\u00eeneurs de fabriquer et de diffuser sans effort des cours en ligne qui sont facilement accessibles \u00e0 toute personne dot\u00e9e d&rsquo;une connexion Internet. En raison de son interface remarquablement intuitive et d&rsquo;un vaste r\u00e9pertoire d&rsquo;alternatives de personnalisation, les entra\u00eeneurs ont l&rsquo;occasion in\u00e9gal\u00e9e d&rsquo;adapter m\u00e9ticuleusement leurs cours pour s&rsquo;aligner parfaitement sur les exigences uniques et les conditions de leur d\u00e9mographie cible pr\u00e9vue. De plus, la plate-forme WordPress regorge d&rsquo;une multitude de plugins et de th\u00e8mes ing\u00e9nieux qui peuvent \u00eatre adroitement exploit\u00e9s pour augmenter \u00e0 la fois la fonctionnalit\u00e9 et l&rsquo;attrait esth\u00e9tique de ces cours. Consequently, the DotLife Coach Online Courses WordPress stands as an invaluable resource that dutifully caters to the ever-evolving demands of any ambitious coach, who harbors a fervent aspiration to amplify their commercial reach and disseminate their hard-earned expertise to a substantially broader spectrum of b\u00e9n\u00e9ficiaires potentiels.<\/p>\n<ul>\n<li>Cours en ligne complets con\u00e7us pour vous aider \u00e0 devenir un coach de vie confiant et efficace<\/li>\n<li>Conf\u00e9rences vid\u00e9o pr\u00e9sent\u00e9es par des entra\u00eeneurs exp\u00e9riment\u00e9s et des experts de l&rsquo;industrie<\/li>\n<li>Mat\u00e9riel de cours interactif et activit\u00e9s pour l&rsquo;apprentissage pratique<\/li>\n<li>Acc\u00e8s \u00e0 une communaut\u00e9 en ligne de soutien de coll\u00e8gues apprenants et entra\u00eeneurs<\/li>\n<li>Acc\u00e8s pratique 24\/7 \u00e0 des documents de cours de n&rsquo;importe o\u00f9 avec une connexion Internet<\/li>\n<li>Plate-forme conviviale pour l&rsquo;apprentissage et la pratique sur le pouce<\/li>\n<li>Cours sur mesure pour diff\u00e9rents niveaux d&rsquo;exp\u00e9rience et de sp\u00e9cialisations<\/li>\n<li>Certificats d&rsquo;ach\u00e8vement pour pr\u00e9senter vos nouvelles comp\u00e9tences et connaissances<\/li>\n<li>Int\u00e9gration facile avec WordPress pour la gestion de site Web et de cours sans couture<\/li>\n<li>Prix \u200b\u200bde comp\u00e9tition avec des options de paiement flexibles disponibles.<\/li>\n<\/ul>\n","protected":false},"excerpt":{"rendered":"<p>D\u00e9couvrez le th\u00e8me WordPress Power of Dotlife Coach, une solution innovante pour tous vos besoins d&rsquo;apprentissage en ligne. Ce th\u00e8me est parfait pour les entra\u00eeneurs, les mentors et les \u00e9ducateurs qui souhaitent cr\u00e9er un site Web professionnel et facile \u00e0 naviguer pour leurs cours en ligne. DotLife Coach est con\u00e7u avec des fonctionnalit\u00e9s conviviales &#8211; des dispositions personnalisables \u00e0 la navigation intuitive &#8211; garantissant que vos \u00e9l\u00e8ves ont une exp\u00e9rience d&rsquo;apprentissage transparente. Le th\u00e8me prend \u00e9galement en charge plusieurs options de paiement, ce qui permet \u00e0 vos \u00e9tudiants de s&rsquo;inscrire plus facilement \u00e0 vos cours. Avec Dotlife Coach, vous pouvez g\u00e9rer efficacement vos cours, suivre les progr\u00e8s des \u00e9tudiants et m\u00eame vous int\u00e9grer \u00e0 diverses plateformes de m\u00e9dias sociaux pour une visibilit\u00e9 accrue. Le th\u00e8me est enti\u00e8rement r\u00e9actif et convivial pour le r\u00e9f\u00e9rencement, garantissant que votre site Web sera fantastique sur n&rsquo;importe quel appareil et se classera bien dans les r\u00e9sultats des moteurs de recherche. D\u00e9couvrez les cours en ligne Dotlife Coach WordPress &#8211; le m\u00e9lange parfait de style, de fonctionnalit\u00e9 et de commodit\u00e9.<\/p>\n","protected":false},"featured_media":143566,"comment_status":"open","ping_status":"open","template":"","meta":[],"product_brand":[2433],"product_cat":[1516,1212,1213],"product_tag":[1366],"class_list":{"0":"post-114256","1":"product","2":"type-product","3":"status-publish","4":"has-post-thumbnail","6":"product_brand-themeforest","7":"product_cat-entreprise","8":"product_cat-themes","9":"product_cat-wordpress-themes","10":"product_tag-themeforest","11":"member-discount","12":"discount-restricted","14":"first","15":"instock","16":"sale","17":"downloadable","18":"virtual","19":"sold-individually","20":"purchasable","21":"product-type-simple"},"_links":{"self":[{"href":"https:\/\/gpl-love.com\/fr\/wp-json\/wp\/v2\/product\/114256","targetHints":{"allow":["GET"]}}],"collection":[{"href":"https:\/\/gpl-love.com\/fr\/wp-json\/wp\/v2\/product"}],"about":[{"href":"https:\/\/gpl-love.com\/fr\/wp-json\/wp\/v2\/types\/product"}],"replies":[{"embeddable":true,"href":"https:\/\/gpl-love.com\/fr\/wp-json\/wp\/v2\/comments?post=114256"}],"wp:featuredmedia":[{"embeddable":true,"href":"https:\/\/gpl-love.com\/fr\/wp-json\/wp\/v2\/media\/143566"}],"wp:attachment":[{"href":"https:\/\/gpl-love.com\/fr\/wp-json\/wp\/v2\/media?parent=114256"}],"wp:term":[{"taxonomy":"product_brand","embeddable":true,"href":"https:\/\/gpl-love.com\/fr\/wp-json\/wp\/v2\/product_brand?post=114256"},{"taxonomy":"product_cat","embeddable":true,"href":"https:\/\/gpl-love.com\/fr\/wp-json\/wp\/v2\/product_cat?post=114256"},{"taxonomy":"product_tag","embeddable":true,"href":"https:\/\/gpl-love.com\/fr\/wp-json\/wp\/v2\/product_tag?post=114256"}],"curies":[{"name":"wp","href":"https:\/\/api.w.org\/{rel}","templated":true}]}}