{"id":114254,"date":"2022-02-24T00:00:00","date_gmt":"2022-02-23T23:00:00","guid":{"rendered":"http:\/\/gpl-love.com\/fr\/produit\/oxygen-woocommerce-wordpress-theme\/"},"modified":"2026-04-10T18:35:34","modified_gmt":"2026-04-10T16:35:34","slug":"oxygen-woocommerce-wordpress-theme","status":"publish","type":"product","link":"https:\/\/gpl-love.com\/fr\/produit\/oxygen-woocommerce-wordpress-theme\/","title":{"rendered":"Oxygen WooCommerce WordPress Theme 5.13"},"content":{"rendered":"<h3>Oxygen WooCommerce WordPress Theme Traits<\/h3>\n<p>Le th\u00e8me WordPress de l&rsquo;oxyg\u00e8ne WooCommerce est un th\u00e8me de commerce \u00e9lectronique \u00e9l\u00e9gamment con\u00e7u et contemporain qui a \u00e9t\u00e9 exclusivement con\u00e7u pour la plate-forme WordPress. Ce th\u00e8me remarquable sert de choix id\u00e9al pour les entreprises qui cherchent \u00e0 \u00e9tablir une boutique en ligne impeccable et visuellement attrayante. B\u00e9n\u00e9ficiant d&rsquo;une conception tr\u00e8s r\u00e9active, elle s&rsquo;adapte sans effort \u00e0 tous les types d&rsquo;appareils, garantissant une exp\u00e9rience utilisateur tout aussi captivante \u00e0 tous les niveaux. De plus, sa page d&rsquo;accueil peut \u00eatre facilement personnalis\u00e9e pour inclure une pl\u00e9thore de sections distinctes, pr\u00e9sentant efficacement un \u00e9ventail de produits, de promotions et de divers autres \u00e9l\u00e9ments. De plus, ce th\u00e8me offre un ensemble \u00e9tendu d&rsquo;options de personnalisation robustes, vous permettant de l&rsquo;adapter en fonction de vos conditions pr\u00e9alables uniques. En exploitant le pouvoir de l&rsquo;oxyg\u00e8ne, vous pouvez construire sans effort une boutique en ligne visuellement magnifique qui ne laissera pas une impression durable sur votre client\u00e8le estim\u00e9e, favorisant par cons\u00e9quent la croissance et la prosp\u00e9rit\u00e9 de vos efforts commerciaux.<\/p>\n<ul>\n<li>Conception r\u00e9active pour tous les appareils<\/li>\n<li>Disposition \u00e9l\u00e9gante et moderne avec des sch\u00e9mas de couleurs personnalisables<\/li>\n<li>Multipliers et dispositions de page int\u00e9rieures<\/li>\n<li>Compatible avec le plugin WooCommerce populaire pour une fonctionnalit\u00e9 de commerce \u00e9lectronique facile<\/li>\n<li>Vue rapide du produit et chariot ajax pour une exp\u00e9rience d&rsquo;achat sans couture<\/li>\n<li>Int\u00e9gration avec les passerelles de paiement populaires<\/li>\n<li>Section d&rsquo;examen des clients et options de filtrage des produits<\/li>\n<li>SEO optimis\u00e9 pour une meilleure visibilit\u00e9 des moteurs de recherche<\/li>\n<li>Personnalisation facile avec le g\u00e9n\u00e9rateur de pages glisser-d\u00e9poser<\/li>\n<li>Documentation compl\u00e8te et support client.<\/li>\n<\/ul>\n","protected":false},"excerpt":{"rendered":"<p>Le th\u00e8me WordPress de l&rsquo;oxyg\u00e8ne WooCommerce est un th\u00e8me extr\u00eamement con\u00e7u et contemporain qui a \u00e9t\u00e9 m\u00e9ticuleusement adapt\u00e9 dans le seul but d&rsquo;am\u00e9liorer les magasins en ligne. Avec sa conception \u00e9l\u00e9gamment simpliste et discr\u00e8te, il dirige efficacement la lumi\u00e8re sur vos produits, captivant sans effort l&rsquo;attention de votre client\u00e8le estim\u00e9e. B\u00e9n\u00e9ficiant des capacit\u00e9s robustes de WooCommerce, ce th\u00e8me profite \u00e0 une myriade de fonctionnalit\u00e9s indispensables qui visent \u00e0 faciliter la gestion transparente de votre boutique en ligne, englobant tout, de l&rsquo;administration de produits efficace au suivi des commandes rationalis\u00e9e et au-del\u00e0. S&rsquo;adaptant sans effort \u00e0 toutes les tailles d&rsquo;\u00e9cran, sa conception r\u00e9active garantit un magasin visuellement attrayant sur tous les appareils, garantissant ainsi une exp\u00e9rience utilisateur toujours d\u00e9licieuse. De plus, ses options de personnalisation conviviale vous permettent de personnaliser astucieusement toutes les facettes de votre site, en l&rsquo;alignant harmonieusement avec l&rsquo;essence distinctive de votre marque estim\u00e9e. Que vous vous lanciez dans votre premier voyage dans le domaine du commerce en ligne ou que vous cherchiez \u00e0 \u00e9lever la stature de votre boutique en ligne pr\u00e9existante, le th\u00e8me WordPress d&rsquo;oxyg\u00e8ne WOOCOMMERCE est sans \u00e9quivoque, la quintessence de l&rsquo;excellence et le choix par excellence pour les entreprises de quelque nature que ce soit.<\/p>\n","protected":false},"featured_media":144890,"comment_status":"open","ping_status":"open","template":"","meta":[],"product_brand":[2433],"product_cat":[1238,1851,1212],"product_tag":[1366],"class_list":{"0":"post-114254","1":"product","2":"type-product","3":"status-publish","4":"has-post-thumbnail","6":"product_brand-themeforest","7":"product_cat-commerce-electronique-themes","8":"product_cat-entreprise-commerce-electronique-themes","9":"product_cat-themes","10":"product_tag-themeforest","11":"member-discount","12":"discount-restricted","14":"first","15":"instock","16":"sale","17":"downloadable","18":"virtual","19":"sold-individually","20":"purchasable","21":"product-type-simple"},"_links":{"self":[{"href":"https:\/\/gpl-love.com\/fr\/wp-json\/wp\/v2\/product\/114254","targetHints":{"allow":["GET"]}}],"collection":[{"href":"https:\/\/gpl-love.com\/fr\/wp-json\/wp\/v2\/product"}],"about":[{"href":"https:\/\/gpl-love.com\/fr\/wp-json\/wp\/v2\/types\/product"}],"replies":[{"embeddable":true,"href":"https:\/\/gpl-love.com\/fr\/wp-json\/wp\/v2\/comments?post=114254"}],"wp:featuredmedia":[{"embeddable":true,"href":"https:\/\/gpl-love.com\/fr\/wp-json\/wp\/v2\/media\/144890"}],"wp:attachment":[{"href":"https:\/\/gpl-love.com\/fr\/wp-json\/wp\/v2\/media?parent=114254"}],"wp:term":[{"taxonomy":"product_brand","embeddable":true,"href":"https:\/\/gpl-love.com\/fr\/wp-json\/wp\/v2\/product_brand?post=114254"},{"taxonomy":"product_cat","embeddable":true,"href":"https:\/\/gpl-love.com\/fr\/wp-json\/wp\/v2\/product_cat?post=114254"},{"taxonomy":"product_tag","embeddable":true,"href":"https:\/\/gpl-love.com\/fr\/wp-json\/wp\/v2\/product_tag?post=114254"}],"curies":[{"name":"wp","href":"https:\/\/api.w.org\/{rel}","templated":true}]}}