{"id":114252,"date":"2021-04-21T00:00:00","date_gmt":"2021-04-20T22:00:00","guid":{"rendered":"http:\/\/gpl-love.com\/fr\/produit\/starto-saas-software-startup-wordpress\/"},"modified":"2026-04-10T18:40:29","modified_gmt":"2026-04-10T16:40:29","slug":"starto-saas-software-startup-wordpress","status":"publish","type":"product","link":"https:\/\/gpl-love.com\/fr\/produit\/starto-saas-software-startup-wordpress\/","title":{"rendered":"Starto Saas Software Startup WordPress 1.7.2"},"content":{"rendered":"<h3>Starto Saas Software Startup WordPress Traits<\/h3>\n<p>Starto, la solution logicielle SaaS exceptionnelle cr\u00e9\u00e9e sp\u00e9cifiquement pour les entreprises de d\u00e9marrage WordPress, propose une large gamme d&rsquo;outils et de fonctionnalit\u00e9s qui facilitent efficacement la gestion des sites Web. De la cr\u00e9ation de contenu captivant \u00e0 l&rsquo;\u00e9tablissement d&rsquo;un engagement client significatif, Starto englobe tous les aspects de l&rsquo;administration du site Web. En utilisant les \u00e9l\u00e9ments de conception sans effort et les mod\u00e8les de pr\u00e9-construction, les entreprises peuvent g\u00e9n\u00e9rer et personnaliser sans effort leur site Web. En outre, ce logiciel remarquable comprend des outils d&rsquo;analyse tr\u00e8s sophistiqu\u00e9s qui g\u00e9n\u00e8rent des informations pr\u00e9cieuses concernant les performances du site Web et le comportement des clients. De plus, Starto offre aux entreprises l&rsquo;avantage des options de tarification flexibles, ce qui en fait une solution \u00e9conomiquement viable pour les entreprises de toutes les amplitudes. En conclusion, Starto est une solution logicielle exceptionnellement robuste et conviviale qui optimise le processus de gestion des sites Web et propulse les entreprises vers la r\u00e9alisation de leurs objectifs.<\/p>\n<ul>\n<li>Logiciel SaaS innovant con\u00e7u pour les startups WordPress<\/li>\n<li>Permet aux utilisateurs de construire, g\u00e9rer et d\u00e9velopper facilement leurs entreprises en ligne<\/li>\n<li>Comprend des fonctionnalit\u00e9s telles que la cr\u00e9ation de sites Web, l&rsquo;int\u00e9gration des m\u00e9dias sociaux et les outils de marketing par e-mail<\/li>\n<li>Mod\u00e8les et th\u00e8mes personnalisables pour cr\u00e9er une identit\u00e9 de marque unique<\/li>\n<li>L&rsquo;interface conviviale facilite l&rsquo;utilisation des utilisateurs de technologie et non techniques en technologie<\/li>\n<li>Automatisation du marketing pour gagner du temps et augmenter l&rsquo;efficacit\u00e9<\/li>\n<li>Le tableau de bord intuitif fournit des analyses et des informations en temps r\u00e9el pour suivre les performances du site Web<\/li>\n<li>Plateforme s\u00e9curis\u00e9e, fiable et \u00e9volutive avec support client 24\/7<\/li>\n<li>Plans de prix abordables avec des options flexibles pour r\u00e9pondre aux diff\u00e9rents besoins commerciaux<\/li>\n<li>Essai gratuit et processus d&rsquo;installation facile pour les nouveaux utilisateurs.<\/li>\n<\/ul>\n","protected":false},"excerpt":{"rendered":"<p>Starto est un logiciel de pointe en tant que solution de service (SaaS) m\u00e9ticuleusement d\u00e9velopp\u00e9 exclusivement pour les sites Web de startup WordPress. En utilisant Starto, vous gagnerez la capacit\u00e9 transparente \u00e0 administrer et \u00e0 surveiller sans effort chaque facette des performances de votre site Web, passant de l&rsquo;engagement des utilisateurs \u00e0 la vitesse du site et englobant tout ce qui se situe entre les deux. Autoris\u00e9 par notre tableau de bord tr\u00e8s intuitif, qui fournit des informations et des analyses en temps r\u00e9el, vous serez \u00e9quip\u00e9 des moyens d&rsquo;optimiser facilement votre site pour un impact optimal. Que vous poss\u00e9diez une vaste exp\u00e9rience en tant qu&rsquo;utilisateur WordPress ou que vous vous lanciez simplement dans votre parcours WordPress, Starto est la solution d\u00e9finitive pour fortifier votre pr\u00e9sence en ligne et maximiser votre retour sur investissement (ROI). Nous vous encourageons sans r\u00e9serve \u00e0 vous lancer dans ce voyage transformateur et \u00e0 assister personnellement \u00e0 la disparit\u00e9 remarquable que seul Starto peut faciliter sans effort!<\/p>\n","protected":false},"featured_media":145324,"comment_status":"open","ping_status":"open","template":"","meta":[],"product_brand":[2433],"product_cat":[1516,1212,1213],"product_tag":[1366],"class_list":{"0":"post-114252","1":"product","2":"type-product","3":"status-publish","4":"has-post-thumbnail","6":"product_brand-themeforest","7":"product_cat-entreprise","8":"product_cat-themes","9":"product_cat-wordpress-themes","10":"product_tag-themeforest","11":"member-discount","12":"discount-restricted","14":"first","15":"instock","16":"sale","17":"downloadable","18":"virtual","19":"sold-individually","20":"purchasable","21":"product-type-simple"},"_links":{"self":[{"href":"https:\/\/gpl-love.com\/fr\/wp-json\/wp\/v2\/product\/114252","targetHints":{"allow":["GET"]}}],"collection":[{"href":"https:\/\/gpl-love.com\/fr\/wp-json\/wp\/v2\/product"}],"about":[{"href":"https:\/\/gpl-love.com\/fr\/wp-json\/wp\/v2\/types\/product"}],"replies":[{"embeddable":true,"href":"https:\/\/gpl-love.com\/fr\/wp-json\/wp\/v2\/comments?post=114252"}],"wp:featuredmedia":[{"embeddable":true,"href":"https:\/\/gpl-love.com\/fr\/wp-json\/wp\/v2\/media\/145324"}],"wp:attachment":[{"href":"https:\/\/gpl-love.com\/fr\/wp-json\/wp\/v2\/media?parent=114252"}],"wp:term":[{"taxonomy":"product_brand","embeddable":true,"href":"https:\/\/gpl-love.com\/fr\/wp-json\/wp\/v2\/product_brand?post=114252"},{"taxonomy":"product_cat","embeddable":true,"href":"https:\/\/gpl-love.com\/fr\/wp-json\/wp\/v2\/product_cat?post=114252"},{"taxonomy":"product_tag","embeddable":true,"href":"https:\/\/gpl-love.com\/fr\/wp-json\/wp\/v2\/product_tag?post=114252"}],"curies":[{"name":"wp","href":"https:\/\/api.w.org\/{rel}","templated":true}]}}