{"id":114250,"date":"2021-04-21T00:00:00","date_gmt":"2021-04-20T22:00:00","guid":{"rendered":"http:\/\/gpl-love.com\/fr\/produit\/theblogger-wordpress-theme\/"},"modified":"2026-04-10T18:42:25","modified_gmt":"2026-04-10T16:42:25","slug":"theblogger-wordpress-theme","status":"publish","type":"product","link":"https:\/\/gpl-love.com\/fr\/produit\/theblogger-wordpress-theme\/","title":{"rendered":"TheBlogger WordPress Theme 2.1.2"},"content":{"rendered":"<h3>TheBlogger WordPress Theme Traits<\/h3>\n<p>TheBlogger WordPress Th\u00e8me, un th\u00e8me de site Web incroyablement polyvalent et convivial qui a \u00e9t\u00e9 m\u00e9ticuleusement con\u00e7u sp\u00e9cifiquement pour les blogueurs, se d\u00e9marque vraiment. Offrant une multitude d&rsquo;options de mise en page, des fonctionnalit\u00e9s personnalisables et une conception r\u00e9active, ce th\u00e8me exceptionnel permet aux blogueurs de cr\u00e9er sans effort un site Web qui incarne non seulement leur marque unique mais d\u00e9gage \u00e9galement le professionnalisme. En plus de son adaptabilit\u00e9 remarquable, le th\u00e8me WordPress Theblogger poss\u00e8de un \u00e9ventail de formats post-post, une int\u00e9gration transparente avec les plateformes de m\u00e9dias sociaux et une s\u00e9lection impressionnante de widgets puissants qui am\u00e9liorent consid\u00e9rablement sa fonctionnalit\u00e9. De plus, ses options de personnalisation conviviales associ\u00e9es \u00e0 sa documentation approfondie garantissent que les blogueurs novices et les d\u00e9veloppeurs Web chevronn\u00e9s peuvent naviguer en toute confiance et utiliser ce th\u00e8me \u00e0 son plein potentiel. Dans l&rsquo;ensemble, le th\u00e8me WordPress Theblogger s&rsquo;av\u00e8re \u00eatre un choix exemplaire pour tous ceux qui cherchent \u00e0 \u00e9tablir une pr\u00e9sence en ligne exceptionnelle.<\/p>\n<ul>\n<li>Design beau et moderne avec des options personnalisables<\/li>\n<li>Disposition r\u00e9active pour tous les appareils<\/li>\n<li>Options de disposition de la page d&rsquo;accueil multiples<\/li>\n<li>Prend en charge plusieurs formats de publication, y compris la vid\u00e9o, la galerie et l&rsquo;audio<\/li>\n<li>Int\u00e9gration WooCommerce pour les capacit\u00e9s de commerce \u00e9lectronique<\/li>\n<li>Options de partage des m\u00e9dias sociaux int\u00e9gr\u00e9s<\/li>\n<li>Optimisation du r\u00e9f\u00e9rencement pour un meilleur classement des moteurs de recherche<\/li>\n<li>Compositeur visuel facile \u00e0 utiliser pour cr\u00e9er des pages et des dispositions personnalis\u00e9es<\/li>\n<li>Processus d&rsquo;installation rapide et facile<\/li>\n<li>Support client et documentation d\u00e9di\u00e9 disponibles.<\/li>\n<\/ul>\n","protected":false},"excerpt":{"rendered":"<p>Theblogger WordPress Th\u00e8me, une cr\u00e9ation exemplaire de la modernit\u00e9, poss\u00e8de un design impeccable qui se pr\u00eate aux besoins des blogueurs qui aspirent \u00e0 mettre en \u00e9vidence leur contenu. Son approche propre et minimaliste offre une avenue sans effort pour que les lecteurs parviennent \u00e0 parcourir les articles et savourent une exp\u00e9rience utilisateur extraordinaire. Ce th\u00e8me \u00e9tend son attrait gr\u00e2ce \u00e0 ses capacit\u00e9s de personnalisation compl\u00e8tes, englobant une pl\u00e9thore de fonctionnalit\u00e9s avanc\u00e9es telles que diverses dispositions, des widgets sur mesure, des mod\u00e8les de page et un \u00e9ventail d&rsquo;autres offres magnifiques. De plus, Theblogger incarne l&rsquo;essence de la r\u00e9activit\u00e9, garantissant que votre site d\u00e9gage de l&rsquo;\u00e9clat sur tous les appareils. Que vous vous retrouviez \u00e0 se lancer dans une nouvelle entreprise de blogs passionnante ou que vous cherchiez \u00e0 revigorer votre domaine num\u00e9rique existant, le th\u00e8me WordPress Theblogger appara\u00eet comme une option vraiment superlative.<\/p>\n","protected":false},"featured_media":145481,"comment_status":"open","ping_status":"open","template":"","meta":[],"product_brand":[2433],"product_cat":[1220,1212,1213],"product_tag":[1366],"class_list":{"0":"post-114250","1":"product","2":"type-product","3":"status-publish","4":"has-post-thumbnail","6":"product_brand-themeforest","7":"product_cat-blog-magazine","8":"product_cat-themes","9":"product_cat-wordpress-themes","10":"product_tag-themeforest","11":"member-discount","12":"discount-restricted","14":"first","15":"instock","16":"sale","17":"downloadable","18":"virtual","19":"sold-individually","20":"purchasable","21":"product-type-simple"},"_links":{"self":[{"href":"https:\/\/gpl-love.com\/fr\/wp-json\/wp\/v2\/product\/114250","targetHints":{"allow":["GET"]}}],"collection":[{"href":"https:\/\/gpl-love.com\/fr\/wp-json\/wp\/v2\/product"}],"about":[{"href":"https:\/\/gpl-love.com\/fr\/wp-json\/wp\/v2\/types\/product"}],"replies":[{"embeddable":true,"href":"https:\/\/gpl-love.com\/fr\/wp-json\/wp\/v2\/comments?post=114250"}],"wp:featuredmedia":[{"embeddable":true,"href":"https:\/\/gpl-love.com\/fr\/wp-json\/wp\/v2\/media\/145481"}],"wp:attachment":[{"href":"https:\/\/gpl-love.com\/fr\/wp-json\/wp\/v2\/media?parent=114250"}],"wp:term":[{"taxonomy":"product_brand","embeddable":true,"href":"https:\/\/gpl-love.com\/fr\/wp-json\/wp\/v2\/product_brand?post=114250"},{"taxonomy":"product_cat","embeddable":true,"href":"https:\/\/gpl-love.com\/fr\/wp-json\/wp\/v2\/product_cat?post=114250"},{"taxonomy":"product_tag","embeddable":true,"href":"https:\/\/gpl-love.com\/fr\/wp-json\/wp\/v2\/product_tag?post=114250"}],"curies":[{"name":"wp","href":"https:\/\/api.w.org\/{rel}","templated":true}]}}