{"id":114248,"date":"2023-06-21T00:00:00","date_gmt":"2023-06-20T22:00:00","guid":{"rendered":"http:\/\/gpl-love.com\/fr\/produit\/skylith-multipurpose-gutenberg-wordpress-theme\/"},"modified":"2026-04-10T18:39:48","modified_gmt":"2026-04-10T16:39:48","slug":"skylith-multipurpose-gutenberg-wordpress-theme","status":"publish","type":"product","link":"https:\/\/gpl-love.com\/fr\/produit\/skylith-multipurpose-gutenberg-wordpress-theme\/","title":{"rendered":"Skylith Multipurpose Gutenberg WordPress Theme 1.3.7"},"content":{"rendered":"<h3>Skylith Multipurpose Gutenberg WordPress Theme Traits<\/h3>\n<p>Le th\u00e8me WordPress Gutenberg polyvalent Skylith, poss\u00e9dant une multitude d&rsquo;applications, est un th\u00e8me tr\u00e8s polyvalent qui r\u00e9pond \u00e0 divers besoins. Avec sa compatibilit\u00e9 transparente avec Gutenberg, les utilisateurs sont autoris\u00e9s \u00e0 modeler sans effort les pages et les publications sur mesure. Ce th\u00e8me pr\u00e9sente un design tr\u00e8s r\u00e9actif, le rendant de mani\u00e8re transparente accessible sur tous les appareils, en plus de son assortiment diversifi\u00e9 d&rsquo;options de personnalisation, englobant plusieurs dispositions d&rsquo;en-t\u00eate et de pied de page, un \u00e9ventail de sch\u00e9mas de couleurs et une large gamme de choix de polices. En outre, il comprend un assortiment de mod\u00e8les pr\u00e9d\u00e9finis sp\u00e9cialement organis\u00e9s pour les pages couramment utilis\u00e9es, y compris celles d\u00e9di\u00e9es \u00e0 \u00e9lucider des informations sur l&rsquo;entit\u00e9 et \u00e0 \u00e9tablir un contact. B\u00e9n\u00e9ficiant d&rsquo;optimisation pour la vitesse et le r\u00e9f\u00e9rencement, ce th\u00e8me garantit des temps de chargement rapides et un classement \u00e9lev\u00e9 sur les moteurs de recherche pour votre site Web. Lorsque vous envisagez tous ses attributs, le th\u00e8me WordPress Gutenberg polyvalent Skylith \u00e9merge sans aucun doute comme une s\u00e9lection superlative pour les individus \u00e0 la recherche d&rsquo;un th\u00e8me tr\u00e8s adaptable et convivial pour leur site WordPress.<\/p>\n<ul>\n<li>Skylith est un th\u00e8me Gutenberg WordPress puissant et polyvalent.<\/li>\n<li>Il est livr\u00e9 avec une gamme de fonctionnalit\u00e9s et d&rsquo;options pour vous aider \u00e0 tirer le meilleur parti de votre site Web.<\/li>\n<li>Vous pouvez choisir parmi une gamme de superbes d\u00e9mos pr\u00e9d\u00e9finies, chacune con\u00e7ue pour convenir \u00e0 un autre type de site Web.<\/li>\n<li>Avec une prise en charge compl\u00e8te de l&rsquo;\u00e9diteur Gutenberg, vous pouvez cr\u00e9er des dispositions de page personnalis\u00e9es avec facilit\u00e9, gr\u00e2ce \u00e0 l&rsquo;interface intuitive et glisser-d\u00e9poser de Skylith.<\/li>\n<li>Le th\u00e8me est enti\u00e8rement r\u00e9actif et adapt\u00e9 aux mobiles, ce qui signifie que votre site Web aura fi\u00e8re allure sur n&rsquo;importe quel appareil.<\/li>\n<li>Une gamme de widgets personnalis\u00e9s et de raccourcis est inclus, vous permettant d&rsquo;ajouter une gamme de fonctionnalit\u00e9s \u00e0 votre site Web en quelques clics.<\/li>\n<li>Un panneau d&rsquo;options de th\u00e8me puissant facilite la personnalisation de tous les aspects de votre site Web, des couleurs et des polices aux param\u00e8tres de mise en page et de barre lat\u00e9rale.<\/li>\n<li>Skylith est enti\u00e8rement compatible avec WooCommerce, ce qui le rend parfait pour tout type de boutique en ligne ou de site de commerce \u00e9lectronique.<\/li>\n<li>Le th\u00e8me est construit sur une base solide des meilleures pratiques de r\u00e9f\u00e9rencement, contribuant \u00e0 vous assurer que votre site Web se classera fortement dans les pages de r\u00e9sultats des moteurs de recherche.<\/li>\n<li>Avec des mises \u00e0 jour r\u00e9guli\u00e8res et un support d\u00e9di\u00e9, Skylith est un choix fiable et \u00e0 l&rsquo;\u00e9preuve du futur pour votre prochain projet WordPress.<\/li>\n<\/ul>\n","protected":false},"excerpt":{"rendered":"<p>Le th\u00e8me WordPress de Gutenberg polyvalent Skylith, r\u00e9put\u00e9 pour sa polyvalence et sa r\u00e9activit\u00e9, poss\u00e8de une myriade de capacit\u00e9s qui s&rsquo;adressent \u00e0 un large \u00e9ventail de sites Web, que ce soit en affaires et en entreprise ou de nature cr\u00e9ative et cr\u00e9ative. Son int\u00e9gration transparente avec l&rsquo;\u00e9diteur de blocs Gutenberg d\u00e9clenche un potentiel illimit\u00e9 de personnalisation et d&rsquo;ing\u00e9niosit\u00e9. De plus, ce th\u00e8me pr\u00e9sente un tableau de mod\u00e8les et de widgets pr\u00e9-con\u00e7us, facilitant un processus de configuration de site Web rapide et sans effort. B\u00e9n\u00e9ficiant d&rsquo;une conception \u00e9l\u00e9gante et d&rsquo;une gamme de fonctionnalit\u00e9s puissantes, y compris des en-t\u00eates et des pieds de page personnalisables, un constructeur de pages de glisser-d\u00e9poser par des utilisateurs et des options de typographie avanc\u00e9es, le th\u00e8me WordPress Gutenberg WordPress Skylith sert de solution quintessentielle pour ceux qui recherchent la recherche de Gutenberg WordPress sert de solution quintessentielle pour ceux qui recherchent la recherche de Gutenberg WordPress sert de solution quintessentielle pour celles \u00e0 la recherche de la recherche de Gutenberg WordPress sert de solution quintessentielle pour ceux \u00e0 la recherche de la recherche de Gutenberg WordPress Une pr\u00e9sence en ligne \u00e9l\u00e9gante, professionnelle et de pointe.<\/p>\n","protected":false},"featured_media":145263,"comment_status":"open","ping_status":"open","template":"","meta":[],"product_brand":[2433],"product_cat":[1214,1212,1213],"product_tag":[1366],"class_list":{"0":"post-114248","1":"product","2":"type-product","3":"status-publish","4":"has-post-thumbnail","6":"product_brand-themeforest","7":"product_cat-polyvalent","8":"product_cat-themes","9":"product_cat-wordpress-themes","10":"product_tag-themeforest","11":"member-discount","12":"discount-restricted","14":"first","15":"instock","16":"sale","17":"downloadable","18":"virtual","19":"sold-individually","20":"purchasable","21":"product-type-simple"},"_links":{"self":[{"href":"https:\/\/gpl-love.com\/fr\/wp-json\/wp\/v2\/product\/114248","targetHints":{"allow":["GET"]}}],"collection":[{"href":"https:\/\/gpl-love.com\/fr\/wp-json\/wp\/v2\/product"}],"about":[{"href":"https:\/\/gpl-love.com\/fr\/wp-json\/wp\/v2\/types\/product"}],"replies":[{"embeddable":true,"href":"https:\/\/gpl-love.com\/fr\/wp-json\/wp\/v2\/comments?post=114248"}],"wp:featuredmedia":[{"embeddable":true,"href":"https:\/\/gpl-love.com\/fr\/wp-json\/wp\/v2\/media\/145263"}],"wp:attachment":[{"href":"https:\/\/gpl-love.com\/fr\/wp-json\/wp\/v2\/media?parent=114248"}],"wp:term":[{"taxonomy":"product_brand","embeddable":true,"href":"https:\/\/gpl-love.com\/fr\/wp-json\/wp\/v2\/product_brand?post=114248"},{"taxonomy":"product_cat","embeddable":true,"href":"https:\/\/gpl-love.com\/fr\/wp-json\/wp\/v2\/product_cat?post=114248"},{"taxonomy":"product_tag","embeddable":true,"href":"https:\/\/gpl-love.com\/fr\/wp-json\/wp\/v2\/product_tag?post=114248"}],"curies":[{"name":"wp","href":"https:\/\/api.w.org\/{rel}","templated":true}]}}