{"id":114246,"date":"2021-07-02T00:00:00","date_gmt":"2021-07-01T22:00:00","guid":{"rendered":"http:\/\/gpl-love.com\/fr\/produit\/questionar-faq-accordions-pour-elementor\/"},"modified":"2026-04-10T18:37:37","modified_gmt":"2026-04-10T16:37:37","slug":"questionar-faq-accordions-pour-elementor","status":"publish","type":"product","link":"https:\/\/gpl-love.com\/fr\/produit\/questionar-faq-accordions-pour-elementor\/","title":{"rendered":"Questionar FAQ Accordions pour Elementor 1.1.3"},"content":{"rendered":"<h3>Questionar FAQ Accordions pour Elementor Traits<\/h3>\n<p>Les accord\u00e9ons FAQ questionnaires pour Elementor sont un plugin tr\u00e8s efficace et pratique qui sert \u00e0 permettre aux utilisateurs de pr\u00e9senter efficacement les questions fr\u00e9quemment pos\u00e9es ainsi que leurs r\u00e9ponses correspondantes sur leurs sites Web. Ce plugin a \u00e9t\u00e9 sp\u00e9cialement d\u00e9velopp\u00e9 pour s&rsquo;int\u00e9grer de mani\u00e8re transparente \u00e0 Elementor, un constructeur de pages bien connu et largement utilis\u00e9 qui offre la commodit\u00e9 des fonctionnalit\u00e9s de glisser-d\u00e9poser. En tirant parti des capacit\u00e9s des accord\u00e9ons FAQ questionnaires, les utilisateurs sont autoris\u00e9s \u00e0 \u00e9tablir sans effort une section FAQ r\u00e9active et enti\u00e8rement personnalisable sur leur site Web, facilitant ainsi les visiteurs en acc\u00e9dant rapidement aux informations souhait\u00e9es. La caract\u00e9ristique d&rsquo;accord\u00e9on ing\u00e9nieuse garantit que les questions sont m\u00e9ticuleusement organis\u00e9es, r\u00e9sultant en une utilisation tr\u00e8s efficace de l&rsquo;espace sur la page. De plus, ce plugin facilite les utilisateurs avec une gamme diversifi\u00e9e d&rsquo;options de style, leur permettant ainsi d&rsquo;aligner de mani\u00e8re transparente l&rsquo;apparence g\u00e9n\u00e9rale de la section FAQ avec les \u00e9l\u00e9ments de conception et de marque existants du site Web. En un mot, les accord\u00e9ons FAQ sur le questionnaire pour Elementor sert ind\u00e9niablement de ressource inestimable pour les propri\u00e9taires de sites Web qui souhaitent am\u00e9liorer l&rsquo;exp\u00e9rience utilisateur globale et rendre toutes les informations requises de mani\u00e8re facilement accessible et conviviale.<\/p>\n<ul>\n<li>Permet aux utilisateurs de cr\u00e9er des sections FAQ sur leur site Web \u00e0 l&rsquo;aide de Elementor Page Builder<\/li>\n<li>Livr\u00e9 avec des dispositions d&rsquo;accord\u00e9on pr\u00e9-faites et enti\u00e8rement personnalisables pour une configuration facile<\/li>\n<li>Interface conviviale pour ajouter des questions et des r\u00e9ponses avec l&rsquo;option d&rsquo;utiliser des images ou des vid\u00e9os<\/li>\n<li>La conception de l&rsquo;accord\u00e9on garantit une apparence propre et organis\u00e9e sur les appareils de bureau et mobiles<\/li>\n<li>Aide \u00e0 am\u00e9liorer la convivialit\u00e9 du site Web en fournissant des r\u00e9ponses facilement accessibles aux questions courantes<\/li>\n<li>Compatible avec WordPress et tous les th\u00e8mes soutenus par \u00e9l\u00e9mentor<\/li>\n<li>Constamment mis \u00e0 jour avec de nouvelles fonctionnalit\u00e9s et am\u00e9liorations en fonction des commentaires des utilisateurs<\/li>\n<li>Offre un excellent support client et documentation pour aider \u00e0 tous les probl\u00e8mes ou questions que les utilisateurs peuvent avoir<\/li>\n<li>Options de tarification abordables, avec la possibilit\u00e9 d&rsquo;acheter des composants individuels ou un forfait.<\/li>\n<\/ul>\n","protected":false},"excerpt":{"rendered":"<p>Les accord\u00e9ons FAQ questionnaires pour Elementor sont un logiciel remarquable qui offre une solution in\u00e9gal\u00e9e pour organiser et g\u00e9rer efficacement vos questions fr\u00e9quemment pos\u00e9es. Ce plugin incroyablement robuste vous permet de cr\u00e9er des sections FAQ de style accord\u00e9on sans effort et rapidement sur n&rsquo;importe quel site Web propuls\u00e9 par Elementor. Avec sa myriade d&rsquo;options de personnalisation et de commandes conviviales, le questionnaire simplifie le processus d&rsquo;ajout et de maintien de vos FAQ, vous permettant ainsi de fournir votre client\u00e8le estim\u00e9 avec les informations cruciales dont ils ont besoin pour prendre des d\u00e9cisions bien inform\u00e9es. Offrez des adieux aux pages FAQ encombr\u00e9es et d\u00e9sorganis\u00e9es, et inaugurez une nouvelle \u00e8re de sophistication et de professionnalisme avec les remarquables accord\u00e9ons FAQ questionnaires pour Elementor!<\/p>\n","protected":false},"featured_media":145064,"comment_status":"open","ping_status":"open","template":"","meta":[],"product_brand":[2435],"product_cat":[1189,1181,1186],"product_tag":[1231],"class_list":{"0":"post-114246","1":"product","2":"type-product","3":"status-publish","4":"has-post-thumbnail","6":"product_brand-codecanyon","7":"product_cat-personnalisation","8":"product_cat-plugins","9":"product_cat-wordpress-plugins","10":"product_tag-codecanyon","11":"member-discount","12":"discount-restricted","14":"first","15":"instock","16":"sale","17":"downloadable","18":"virtual","19":"sold-individually","20":"purchasable","21":"product-type-simple"},"_links":{"self":[{"href":"https:\/\/gpl-love.com\/fr\/wp-json\/wp\/v2\/product\/114246","targetHints":{"allow":["GET"]}}],"collection":[{"href":"https:\/\/gpl-love.com\/fr\/wp-json\/wp\/v2\/product"}],"about":[{"href":"https:\/\/gpl-love.com\/fr\/wp-json\/wp\/v2\/types\/product"}],"replies":[{"embeddable":true,"href":"https:\/\/gpl-love.com\/fr\/wp-json\/wp\/v2\/comments?post=114246"}],"wp:featuredmedia":[{"embeddable":true,"href":"https:\/\/gpl-love.com\/fr\/wp-json\/wp\/v2\/media\/145064"}],"wp:attachment":[{"href":"https:\/\/gpl-love.com\/fr\/wp-json\/wp\/v2\/media?parent=114246"}],"wp:term":[{"taxonomy":"product_brand","embeddable":true,"href":"https:\/\/gpl-love.com\/fr\/wp-json\/wp\/v2\/product_brand?post=114246"},{"taxonomy":"product_cat","embeddable":true,"href":"https:\/\/gpl-love.com\/fr\/wp-json\/wp\/v2\/product_cat?post=114246"},{"taxonomy":"product_tag","embeddable":true,"href":"https:\/\/gpl-love.com\/fr\/wp-json\/wp\/v2\/product_tag?post=114246"}],"curies":[{"name":"wp","href":"https:\/\/api.w.org\/{rel}","templated":true}]}}