{"id":114244,"date":"2021-04-21T00:00:00","date_gmt":"2021-04-20T22:00:00","guid":{"rendered":"http:\/\/gpl-love.com\/fr\/produit\/mdtf-wordpress-meta-data-et-taxonomies-filter\/"},"modified":"2026-03-20T23:24:01","modified_gmt":"2026-03-20T22:24:01","slug":"mdtf-wordpress-meta-data-et-taxonomies-filter","status":"publish","type":"product","link":"https:\/\/gpl-love.com\/fr\/produit\/mdtf-wordpress-meta-data-et-taxonomies-filter\/","title":{"rendered":"MDTF WordPress Meta Data et Taxonomies Filter 2.2.8"},"content":{"rendered":"<h3>MDTF WordPress Meta Data et Taxonomies Filter Traits<\/h3>\n<p>Le filtre MDTF WordPress Meta Data et Taxonomies est un plugin incroyablement robuste qui accorde aux propri\u00e9taires de sites Web la possibilit\u00e9 d&rsquo;augmenter la fonctionnalit\u00e9 de leurs sites WordPress. Ce plugin remarquable permet aux utilisateurs de filtrer sans effort le contenu de leur site gr\u00e2ce \u00e0 l&rsquo;utilisation des m\u00e9tadonn\u00e9es et des taxonomies, rationalisant ainsi le processus de localisation des informations souhait\u00e9es pour les visiteurs de mani\u00e8re rapide et efficace. Il convient de noter que ce plugin propose un assortiment de fonctionnalit\u00e9s avanc\u00e9es, y compris les go\u00fbts de la pagination Ajax et du d\u00e9filement infini, qui servent \u00e0 am\u00e9liorer l&rsquo;exp\u00e9rience utilisateur globale en offrant aux visiteurs des capacit\u00e9s de navigation transparentes, en \u00e9liminant le besoin de rechargements de page. De plus, le filtre MDTF WordPress Meta Data et Taxonomies est exceptionnellement simple \u00e0 installer et \u00e0 fonctionner, avec l&rsquo;avantage suppl\u00e9mentaire d&rsquo;\u00eatre enti\u00e8rement personnalisable, permettant ainsi aux utilisateurs de l&rsquo;adapter \u00e0 leurs exigences sp\u00e9cifiques. Peu importe que l&rsquo;on utilise un blog, un site de portefeuille ou un magasin de commerce \u00e9lectronique, ce plugin est un outil indispensable pour optimiser l&rsquo;exp\u00e9rience utilisateur et faciliter la d\u00e9couverte du contenu souhait\u00e9 pour tous les visiteurs du site.<\/p>\n<ul>\n<li>Filtrer et rechercher efficacement le contenu WordPress bas\u00e9 sur les m\u00e9tadonn\u00e9es et les taxonomies<\/li>\n<li>Personnalisez les options de filtre et de recherche en s\u00e9lectionnant des m\u00e9tadonn\u00e9es et des taxonomies sp\u00e9cifiques<\/li>\n<li>Cr\u00e9ez des formulaires de filtre et de recherche personnalis\u00e9s pour r\u00e9pondre \u00e0 vos besoins uniques<\/li>\n<li>Am\u00e9liorer la navigation du site et l&rsquo;exp\u00e9rience utilisateur avec des options de filtrage intuitif<\/li>\n<li>Boostez les performances du site en r\u00e9duisant les demandes du serveur et les temps de chargement des pages<\/li>\n<li>Compatible avec une large gamme de th\u00e8mes et plugins WordPress<\/li>\n<li>Conception r\u00e9active pour une exp\u00e9rience utilisateur optimale sur tous les appareils<\/li>\n<li>Facile \u00e0 utiliser et \u00e0 int\u00e9grer dans votre site WordPress sans aucune exp\u00e9rience de codage requise.<\/li>\n<\/ul>\n","protected":false},"excerpt":{"rendered":"<p>Le filtre MDTF WordPress Meta Data et Taxonomies est un plugin incroyablement robuste et dynamique qui vous accorde la possibilit\u00e9 d&rsquo;incorporer sans effort les m\u00e9ta-donn\u00e9es et de pr\u00e9senter des taxonomies pour vos publications et pages WordPress. Ce plugin innovant vous permet de passer efficacement et de trier les publications et les pages en fonction de leurs termes de m\u00e9ta-donn\u00e9es ou de taxonomies respectifs, simplifiant ainsi la t\u00e2che ardue de localiser le contenu souhait\u00e9 pour vos visiteurs estim\u00e9s. En exploitant la puissance de ce plugin remarquable, vous pouvez adapter sans effort votre site WordPress pour r\u00e9pondre \u00e0 vos sp\u00e9cifications uniques tout en fa\u00e7onnant la mode d&rsquo;une exp\u00e9rience de navigation plus conviviale et rationalis\u00e9e pour vos visiteurs ch\u00e9ris. Offrez-vous \u00e0 la multitude d&rsquo;avantages qui accompagnent l&rsquo;utilisation des m\u00e9ta-donn\u00e9es et taxonomies MDTF WordPress filtrent et se d\u00e9lectent de la fonctionnalit\u00e9 accrue et de la convivialit\u00e9 am\u00e9lior\u00e9e qu&rsquo;il accorde \u00e0 votre site WordPress.<\/p>\n","protected":false},"featured_media":144475,"comment_status":"open","ping_status":"open","template":"","meta":[],"product_brand":[2435],"product_cat":[1189,1181,1186],"product_tag":[1231],"class_list":{"0":"post-114244","1":"product","2":"type-product","3":"status-publish","4":"has-post-thumbnail","6":"product_brand-codecanyon","7":"product_cat-personnalisation","8":"product_cat-plugins","9":"product_cat-wordpress-plugins","10":"product_tag-codecanyon","11":"member-discount","12":"discount-restricted","14":"first","15":"instock","16":"sale","17":"downloadable","18":"virtual","19":"sold-individually","20":"purchasable","21":"product-type-simple"},"_links":{"self":[{"href":"https:\/\/gpl-love.com\/fr\/wp-json\/wp\/v2\/product\/114244","targetHints":{"allow":["GET"]}}],"collection":[{"href":"https:\/\/gpl-love.com\/fr\/wp-json\/wp\/v2\/product"}],"about":[{"href":"https:\/\/gpl-love.com\/fr\/wp-json\/wp\/v2\/types\/product"}],"replies":[{"embeddable":true,"href":"https:\/\/gpl-love.com\/fr\/wp-json\/wp\/v2\/comments?post=114244"}],"wp:featuredmedia":[{"embeddable":true,"href":"https:\/\/gpl-love.com\/fr\/wp-json\/wp\/v2\/media\/144475"}],"wp:attachment":[{"href":"https:\/\/gpl-love.com\/fr\/wp-json\/wp\/v2\/media?parent=114244"}],"wp:term":[{"taxonomy":"product_brand","embeddable":true,"href":"https:\/\/gpl-love.com\/fr\/wp-json\/wp\/v2\/product_brand?post=114244"},{"taxonomy":"product_cat","embeddable":true,"href":"https:\/\/gpl-love.com\/fr\/wp-json\/wp\/v2\/product_cat?post=114244"},{"taxonomy":"product_tag","embeddable":true,"href":"https:\/\/gpl-love.com\/fr\/wp-json\/wp\/v2\/product_tag?post=114244"}],"curies":[{"name":"wp","href":"https:\/\/api.w.org\/{rel}","templated":true}]}}