{"id":114241,"date":"2021-04-21T00:00:00","date_gmt":"2021-04-20T22:00:00","guid":{"rendered":"http:\/\/gpl-love.com\/fr\/produit\/preston-real-estate-wordpress-theme\/"},"modified":"2026-04-10T18:36:58","modified_gmt":"2026-04-10T16:36:58","slug":"preston-real-estate-wordpress-theme","status":"publish","type":"product","link":"https:\/\/gpl-love.com\/fr\/produit\/preston-real-estate-wordpress-theme\/","title":{"rendered":"Preston Real Estate WordPress Theme 1.2.1"},"content":{"rendered":"<h3>Preston Real Estate WordPress Theme Traits<\/h3>\n<p>Le th\u00e8me WordPress Real Estate Preston est une solution extr\u00eamement robuste et riche en fonctionnalit\u00e9s qui s&rsquo;adresse sp\u00e9cifiquement aux sites Web immobiliers. B\u00e9n\u00e9ficiant d&rsquo;un design \u00e9l\u00e9gant et moderne, ce th\u00e8me offre la plate-forme parfaite pour pr\u00e9senter votre vaste gamme de propri\u00e9t\u00e9s et de listes de mani\u00e8re vraiment \u00e9l\u00e9gante et professionnelle. De plus, le vaste r\u00e9pertoire du th\u00e8me de mod\u00e8les et de dispositions pr\u00e9d\u00e9finis garantit que vous pouvez construire sans effort et rapidement un site Web \u00e9blouissant qui captive sans effort l&rsquo;attention de votre public. Sans oublier que le th\u00e8me offre aux utilisateurs des options de personnalisation in\u00e9gal\u00e9es, accordant une autonomie compl\u00e8te sur l&rsquo;esth\u00e9tique et l&rsquo;ambiance globales de leurs sites respectifs. En plus de ces fonctionnalit\u00e9s remarquables, le th\u00e8me englobe \u00e9galement les fonctionnalit\u00e9s de recherche avanc\u00e9es, l&rsquo;inclusion de listes de propri\u00e9t\u00e9s avec des champs hautement personnalisables et le support in\u00e9branlable pour IDX et MLS. Rassurez-vous, ce th\u00e8me est enti\u00e8rement r\u00e9actif et adapt\u00e9 aux mobiles, garantissant que votre site appara\u00eetra visuellement et tr\u00e8s fonctionnel sur une myriade d&rsquo;appareils. Tout bien consid\u00e9r\u00e9, il est tout \u00e0 fait clair que le th\u00e8me WordPress immobilier de Preston est une solution extr\u00eamement puissante et extr\u00eamement adaptable qui autonomisera sans aucun doute les agents immobiliers et les agences pour \u00e9tablir une pr\u00e9sence en ligne dominante et r\u00e9put\u00e9e avec le plus grand professionnalisme.<\/p>\n<ul>\n<li>Th\u00e8me WordPress con\u00e7u par des professionnels pour les sites Web immobiliers<\/li>\n<li>Disposition moderne et r\u00e9active qui s&rsquo;adapte parfaitement \u00e0 diff\u00e9rentes tailles d&rsquo;\u00e9cran<\/li>\n<li>Design hautement personnalisable avec de nombreuses options de mise en page, sch\u00e9mas de couleurs et polices<\/li>\n<li>Ajouter des listes de propri\u00e9t\u00e9s personnalis\u00e9es avec des fonctionnalit\u00e9s de propri\u00e9t\u00e9 d\u00e9taill\u00e9es et des galeries d&rsquo;images<\/li>\n<li>Options de recherche et de filtrage int\u00e9gr\u00e9es pour aider les visiteurs \u00e0 trouver leur propri\u00e9t\u00e9 id\u00e9ale<\/li>\n<li>Formulaires de contact et cartes int\u00e9gr\u00e9es dans le th\u00e8me pour aider les utilisateurs \u00e0 entrer en contact avec les agents immobiliers<\/li>\n<li>Compatible avec les plugins WordPress populaires tels que Yoast SEO, Jetpack et Contact Form 7<\/li>\n<li>Installation et configuration faciles avec une documentation d\u00e9taill\u00e9e et un support client<\/li>\n<li>Mises \u00e0 jour r\u00e9guli\u00e8res et correctifs de bogues pour assurer le fonctionnement fluide du th\u00e8me<\/li>\n<li>Codage de haute qualit\u00e9 pour assurer le chargement rapide et l&rsquo;optimisation des performances<\/li>\n<li>Un choix parfait pour les agences immobili\u00e8res, les courtiers, les soci\u00e9t\u00e9s de gestion immobili\u00e8re et les agents immobiliers individuels.<\/li>\n<\/ul>\n","protected":false},"excerpt":{"rendered":"<p>Nous sommes ravis de vous pr\u00e9senter le th\u00e8me WordPress immobilier tr\u00e8s sophistiqu\u00e9 et avanc\u00e9 WordPress, une solution exceptionnelle et in\u00e9gal\u00e9e sp\u00e9cialement adapt\u00e9e \u00e0 votre entreprise immobili\u00e8re en ligne florissante. M\u00e9ticuleusement con\u00e7u en mettant l&rsquo;accent sur la navigation transparente et les caract\u00e9ristiques complexes, ce th\u00e8me de pointe et esth\u00e9tique vous offre la capacit\u00e9 sans effort pour g\u00e9n\u00e9rer et superviser efficacement votre inventaire \u00e9tendu, pr\u00e9senter sans effort votre site pour obtenir une visibilit\u00e9 primordiale sur les moteurs de recherche populaires. Pr\u00e9sentant une vaste gamme d&rsquo;options de personnalisation qui r\u00e9pondront \u00e0 tous vos besoins, compl\u00e9t\u00e9s par une conception sans faille et r\u00e9active qui s&rsquo;adapte de mani\u00e8re transparente \u00e0 tous les appareils, coupl\u00e9 \u00e0 une interface intuitive et conviviale qui incarne l&rsquo;accessibilit\u00e9, le th\u00e8me WordPress immobilier Preston \u00e9merge sans \u00e9quivoque. comme choix par excellence pour les professionnels de l&rsquo;immobilier exigeants et motiv\u00e9s \u00e0 travers le monde. Ne perdez pas de temps \u00e0 vous lancer dans votre voyage passionnant vers l&rsquo;expansion et le succ\u00e8s des entreprises &#8211; saisissez cette opportunit\u00e9 remarquable aujourd&rsquo;hui!<\/p>\n","protected":false},"featured_media":145017,"comment_status":"open","ping_status":"open","template":"","meta":[],"product_brand":[2433],"product_cat":[1356,1212,1213],"product_tag":[1366],"class_list":{"0":"post-114241","1":"product","2":"type-product","3":"status-publish","4":"has-post-thumbnail","6":"product_brand-themeforest","7":"product_cat-immobilier","8":"product_cat-themes","9":"product_cat-wordpress-themes","10":"product_tag-themeforest","11":"member-discount","12":"discount-restricted","14":"first","15":"instock","16":"sale","17":"downloadable","18":"virtual","19":"sold-individually","20":"purchasable","21":"product-type-simple"},"_links":{"self":[{"href":"https:\/\/gpl-love.com\/fr\/wp-json\/wp\/v2\/product\/114241","targetHints":{"allow":["GET"]}}],"collection":[{"href":"https:\/\/gpl-love.com\/fr\/wp-json\/wp\/v2\/product"}],"about":[{"href":"https:\/\/gpl-love.com\/fr\/wp-json\/wp\/v2\/types\/product"}],"replies":[{"embeddable":true,"href":"https:\/\/gpl-love.com\/fr\/wp-json\/wp\/v2\/comments?post=114241"}],"wp:featuredmedia":[{"embeddable":true,"href":"https:\/\/gpl-love.com\/fr\/wp-json\/wp\/v2\/media\/145017"}],"wp:attachment":[{"href":"https:\/\/gpl-love.com\/fr\/wp-json\/wp\/v2\/media?parent=114241"}],"wp:term":[{"taxonomy":"product_brand","embeddable":true,"href":"https:\/\/gpl-love.com\/fr\/wp-json\/wp\/v2\/product_brand?post=114241"},{"taxonomy":"product_cat","embeddable":true,"href":"https:\/\/gpl-love.com\/fr\/wp-json\/wp\/v2\/product_cat?post=114241"},{"taxonomy":"product_tag","embeddable":true,"href":"https:\/\/gpl-love.com\/fr\/wp-json\/wp\/v2\/product_tag?post=114241"}],"curies":[{"name":"wp","href":"https:\/\/api.w.org\/{rel}","templated":true}]}}