{"id":114161,"date":"2023-10-05T00:00:00","date_gmt":"2023-10-04T22:00:00","guid":{"rendered":"http:\/\/gpl-love.com\/fr\/produit\/wpmu-dev-snapshot-pro\/"},"modified":"2026-03-20T23:52:07","modified_gmt":"2026-03-20T22:52:07","slug":"wpmu-dev-snapshot-pro","status":"publish","type":"product","link":"https:\/\/gpl-love.com\/fr\/produit\/wpmu-dev-snapshot-pro\/","title":{"rendered":"WPMU DEV Snapshot Pro 4.20.0"},"content":{"rendered":"<h3>WPMU DEV Snapshot Pro Traits<\/h3>\n<p>WPMU Dev Snapshot Pro, un plugin de sauvegarde et de restauration remarquablement robuste et efficace et de restauration d\u00e9lib\u00e9r\u00e9ment con\u00e7u pour les sites Web WordPress, poss\u00e8de un tableau de fonctionnalit\u00e9s impressionnantes. Ce plugin permet aux utilisateurs de g\u00e9n\u00e9rer sans effort des sauvegardes compl\u00e8tes de leurs sites Web et de les restaurer sans effort avec le simple clic d&rsquo;un bouton. De plus, il facilite l&rsquo;\u00e9tablissement de sauvegardes automatis\u00e9es, ainsi que des sauvegardes manuelles, garantissant ainsi la plus grande s\u00e9curit\u00e9 et la s\u00e9curit\u00e9 de toutes les donn\u00e9es. De plus, sa compatibilit\u00e9 avec divers services de stockage cloud telles qu&rsquo;Amazon S3, Google Drive et Dropbox rend le stockage des sauvegardes dans le cloud et sans effort. Notamment, WPMU Dev Snapshot Pro est r\u00e9put\u00e9 pour sa nature conviviale et est \u00e9quip\u00e9 d&rsquo;une multitude de fonctionnalit\u00e9s qui aident les propri\u00e9taires de sites Web \u00e0 pr\u00e9server l&rsquo;int\u00e9grit\u00e9 des donn\u00e9es de site Web inestimables. Que vous soyez un n\u00e9ophyte ou un d\u00e9veloppeur assaisonn\u00e9, ce plugin est un atout inestimable qui prot\u00e8ge efficacement votre site Web \u00e0 partir des dangers de la perte de donn\u00e9es et garantit sa fonctionnalit\u00e9 ininterrompue, m\u00eame dans les circonstances les plus d\u00e9sastreuses.<\/p>\n<ul>\n<li>Sauvegarder sans effort les sites WordPress utilisant Snapshot Pro<\/li>\n<li>Cr\u00e9er des sauvegardes manuelles ou planifi\u00e9es pour assurer la s\u00e9curit\u00e9 des donn\u00e9es<\/li>\n<li>Restaurer les sites rapidement et facilement en quelques clics<\/li>\n<li>Utilisez la fonction de migration de Snapshot Pro pour d\u00e9placer les sites entre h\u00f4tes ou domaines<\/li>\n<li>Choisissez parmi plusieurs emplacements de stockage, y compris les serveurs locaux, les emplacements distants ou les services cloud<\/li>\n<li>Personnalisez les param\u00e8tres de sauvegarde pour exclure les fichiers ou r\u00e9pertoires inutiles<\/li>\n<li>Surveiller les progr\u00e8s de la sauvegarde avec les barres de progression en temps r\u00e9el<\/li>\n<li>Obtenez des notifications par e-mail lorsque les sauvegardes sont termin\u00e9es ou \u00e9chouent<\/li>\n<li>Afficher et g\u00e9rer les sauvegardes \u00e0 partir d&rsquo;un tableau de bord centralis\u00e9<\/li>\n<li>Profitez des mises \u00e0 jour automatiques et du support 24\/7 de l&rsquo;\u00e9quipe d&rsquo;experts de WPMU Dev.<\/li>\n<\/ul>\n","protected":false},"excerpt":{"rendered":"<p>WPMU Dev Snapshot Pro, consid\u00e9r\u00e9 comme le plugin de sauvegarde et de restauration ultime pour les sites Web WordPress, offre un \u00e9ventail de fonctionnalit\u00e9s pour assurer la sauvegarde compl\u00e8te et la r\u00e9cup\u00e9ration de l&rsquo;ensemble de votre site Web. Cela englobe non seulement tous les fichiers, les tables de base de donn\u00e9es et les param\u00e8tres, mais s&rsquo;\u00e9tend \u00e9galement \u00e0 la fourniture de cr\u00e9ation sans effort et de planification des sauvegardes. En outre, la possibilit\u00e9 de stocker des sauvegardes soit localement ou dans un stockage cloud s\u00e9curis\u00e9 renforce davantage la commodit\u00e9 et la fiabilit\u00e9 de la pr\u00e9servation de l&rsquo;int\u00e9grit\u00e9 de votre site Web. Dans l&rsquo;\u00e9ventualit\u00e9 de tous les pr\u00e9dicats impr\u00e9vus, le processus de restauration transparente facilit\u00e9 par la fonction de restauration en un clic, coupl\u00e9 aux sauvegardes automatiques et aux horaires de sauvegarde personnalisables, solidifie davantage le statut de Snapshot Pro en tant que solution quintessentielle pour les propri\u00e9taires de sites Web pour la r\u00e9\u00e9vasion et la s\u00e9curit\u00e9 sereins et la s\u00e9curit\u00e9 il s&rsquo;offre.<\/p>\n","protected":false},"featured_media":146305,"comment_status":"open","ping_status":"open","template":"","meta":[],"product_brand":[2744],"product_cat":[1187,1181,1186],"product_tag":[1429],"class_list":{"0":"post-114161","1":"product","2":"type-product","3":"status-publish","4":"has-post-thumbnail","6":"product_brand-wpmu","7":"product_cat-administration-wordpress-plugins","8":"product_cat-plugins","9":"product_cat-wordpress-plugins","10":"product_tag-wpmu","11":"member-discount","12":"discount-restricted","14":"first","15":"instock","16":"sale","17":"downloadable","18":"virtual","19":"sold-individually","20":"purchasable","21":"product-type-simple"},"_links":{"self":[{"href":"https:\/\/gpl-love.com\/fr\/wp-json\/wp\/v2\/product\/114161","targetHints":{"allow":["GET"]}}],"collection":[{"href":"https:\/\/gpl-love.com\/fr\/wp-json\/wp\/v2\/product"}],"about":[{"href":"https:\/\/gpl-love.com\/fr\/wp-json\/wp\/v2\/types\/product"}],"replies":[{"embeddable":true,"href":"https:\/\/gpl-love.com\/fr\/wp-json\/wp\/v2\/comments?post=114161"}],"wp:featuredmedia":[{"embeddable":true,"href":"https:\/\/gpl-love.com\/fr\/wp-json\/wp\/v2\/media\/146305"}],"wp:attachment":[{"href":"https:\/\/gpl-love.com\/fr\/wp-json\/wp\/v2\/media?parent=114161"}],"wp:term":[{"taxonomy":"product_brand","embeddable":true,"href":"https:\/\/gpl-love.com\/fr\/wp-json\/wp\/v2\/product_brand?post=114161"},{"taxonomy":"product_cat","embeddable":true,"href":"https:\/\/gpl-love.com\/fr\/wp-json\/wp\/v2\/product_cat?post=114161"},{"taxonomy":"product_tag","embeddable":true,"href":"https:\/\/gpl-love.com\/fr\/wp-json\/wp\/v2\/product_tag?post=114161"}],"curies":[{"name":"wp","href":"https:\/\/api.w.org\/{rel}","templated":true}]}}