{"id":114159,"date":"2026-04-18T00:00:00","date_gmt":"2026-04-17T22:00:00","guid":{"rendered":"http:\/\/gpl-love.com\/fr\/produit\/groups-pour-woocommerce\/"},"modified":"2026-04-19T00:30:40","modified_gmt":"2026-04-18T22:30:40","slug":"groups-pour-woocommerce","status":"publish","type":"product","link":"https:\/\/gpl-love.com\/fr\/produit\/groups-pour-woocommerce\/","title":{"rendered":"Groups pour WooCommerce 4.1.0"},"content":{"rendered":"<h3>Groups pour WooCommerce Traits<\/h3>\n<p>Le plugin Groupes de WooCommerce est un outil extr\u00eamement puissant qui vous accorde la possibilit\u00e9 de g\u00e9n\u00e9rer et de superviser des groupes de clients dans votre boutique WooCommerce. Ce plugin exceptionnel facilite l&rsquo;allocation de prix distincts, de remises et d&rsquo;autres offres avantageuses \u00e0 des groupes de clients sp\u00e9cifiques. De plus, il vous permet d&rsquo;imposer des limites \u00e0 l&rsquo;accessibilit\u00e9 de certains produits, cat\u00e9gories ou pages, subordonn\u00e9s aux adh\u00e9sions aux clients dans les groupes respectifs. Les groupes de plugin WooCommerce poss\u00e8dent une interface utilisateur sans effort, ce qui le rend sans effort navigable, tout en vous donnant simultan\u00e9ment une large gamme d&rsquo;options de personnalisation. Cela vous permet de cr\u00e9er une exp\u00e9rience sur mesure pour vos clients, qui s&rsquo;adresse \u00e0 leurs d\u00e9sirs et pr\u00e9f\u00e9rences uniques. Que votre objectif soit de pr\u00e9senter des offres exclusives exclusivement \u00e0 vos clients les plus fid\u00e8les ou de r\u00e9glementer l&rsquo;acc\u00e8s \u00e0 quelques produits s\u00e9lectionn\u00e9s, ce plugin remarquable a tous vos besoins couverts. En int\u00e9grant des groupes pour WooCommerce dans vos processus de gestion de la client\u00e8le, vous pouvez optimiser et rationaliser vos op\u00e9rations, conduisant \u00e0 une augmentation des ventes, en fournissant \u00e0 chaque groupe de clients une exp\u00e9rience enti\u00e8rement personnalis\u00e9e.<\/p>\n<ul>\n<li>Permet la cr\u00e9ation de prix et de rabais sp\u00e9cifiques au groupe dans WooCommerce<\/li>\n<li>Permet une gestion facile des abonnements et restrictions des groupes de clients<\/li>\n<li>Offre la possibilit\u00e9 de cr\u00e9er des formulaires d&rsquo;enregistrement personnalis\u00e9s et d&rsquo;attribuer des clients \u00e0 des groupes sp\u00e9cifiques lors de l&rsquo;inscription<\/li>\n<li>Fournit un moyen simple d&rsquo;afficher le contenu et les produits sp\u00e9cifiques au groupe sur votre site WooCommerce<\/li>\n<li>Aide \u00e0 rationaliser votre processus de vente en offrant des prix et des promotions sur mesure pour chaque groupe de clients<\/li>\n<li>Compatible avec une large gamme d&rsquo;autres extensions et plugins WooCommerce<\/li>\n<li>Comprend une documentation d\u00e9taill\u00e9e et un soutien de d\u00e9veloppeurs WooCommerce exp\u00e9riment\u00e9s<\/li>\n<li>Hautement personnalisable, avec une gamme d&rsquo;options de style et de marque pour r\u00e9pondre aux besoins de votre entreprise<\/li>\n<\/ul>\n","protected":false},"excerpt":{"rendered":"<p>Nous sommes ravis d&rsquo;introduire la nouvelle entr\u00e9e et am\u00e9lior\u00e9e: groupes pour le plugin WooCommerce! Cet outil tr\u00e8s efficace et avanc\u00e9 vous offre la capacit\u00e9 incroyable de cr\u00e9er et de g\u00e9rer efficacement des groupes de clients dans votre magasin WooCommerce. Il vous fournit une gamme diversifi\u00e9e de m\u00e9thodes innovantes pour s&rsquo;engager efficacement avec votre public, \u00e9tablir des campagnes de marketing cibl\u00e9es, et bien plus encore. Que vous souhaitiez classer vos clients en fonction de leur emplacement g\u00e9ographique, de leur historique d&rsquo;achat ou de tout autre crit\u00e8re sp\u00e9cifique, soyez assur\u00e9 que la contribution: les groupes vous ont enti\u00e8rement couvert. De plus, ce plugin indispensable est \u00e9quip\u00e9 d&rsquo;une interface conviviale qui est remarquablement intuitive. Son int\u00e9gration transparente dans votre magasin existant en fait une n\u00e9cessit\u00e9 absolue pour tout d\u00e9taillant WooCommerce d\u00e9vou\u00e9 et d\u00e9vou\u00e9. Par cons\u00e9quent, pourquoi reporter cette opportunit\u00e9 sans pr\u00e9c\u00e9dent? Commencez la transformation de votre entreprise aujourd&rsquo;hui en adoptant la contribution exceptionnelle: groupes pour WooCommerce.<\/p>\n","protected":false},"featured_media":144157,"comment_status":"open","ping_status":"open","template":"","meta":[],"product_brand":[2440],"product_cat":[1183,1182,1181],"product_tag":[1398],"class_list":{"0":"post-114159","1":"product","2":"type-product","3":"status-publish","4":"has-post-thumbnail","6":"product_brand-woocommerce","7":"product_cat-administration","8":"product_cat-commerce-electronique-plugins","9":"product_cat-plugins","10":"product_tag-woocommerce","11":"member-discount","12":"discount-restricted","14":"first","15":"instock","16":"sale","17":"downloadable","18":"virtual","19":"sold-individually","20":"purchasable","21":"product-type-simple"},"_links":{"self":[{"href":"https:\/\/gpl-love.com\/fr\/wp-json\/wp\/v2\/product\/114159","targetHints":{"allow":["GET"]}}],"collection":[{"href":"https:\/\/gpl-love.com\/fr\/wp-json\/wp\/v2\/product"}],"about":[{"href":"https:\/\/gpl-love.com\/fr\/wp-json\/wp\/v2\/types\/product"}],"replies":[{"embeddable":true,"href":"https:\/\/gpl-love.com\/fr\/wp-json\/wp\/v2\/comments?post=114159"}],"wp:featuredmedia":[{"embeddable":true,"href":"https:\/\/gpl-love.com\/fr\/wp-json\/wp\/v2\/media\/144157"}],"wp:attachment":[{"href":"https:\/\/gpl-love.com\/fr\/wp-json\/wp\/v2\/media?parent=114159"}],"wp:term":[{"taxonomy":"product_brand","embeddable":true,"href":"https:\/\/gpl-love.com\/fr\/wp-json\/wp\/v2\/product_brand?post=114159"},{"taxonomy":"product_cat","embeddable":true,"href":"https:\/\/gpl-love.com\/fr\/wp-json\/wp\/v2\/product_cat?post=114159"},{"taxonomy":"product_tag","embeddable":true,"href":"https:\/\/gpl-love.com\/fr\/wp-json\/wp\/v2\/product_tag?post=114159"}],"curies":[{"name":"wp","href":"https:\/\/api.w.org\/{rel}","templated":true}]}}