{"id":114157,"date":"2025-04-16T00:00:00","date_gmt":"2025-04-15T22:00:00","guid":{"rendered":"http:\/\/gpl-love.com\/fr\/produit\/wp-cafe-restaurant-reservation-food-menu-et-food-ordering-pour-woocommerce\/"},"modified":"2026-03-20T23:49:33","modified_gmt":"2026-03-20T22:49:33","slug":"wp-cafe-restaurant-reservation-food-menu-et-food-ordering-pour-woocommerce","status":"publish","type":"product","link":"https:\/\/gpl-love.com\/fr\/produit\/wp-cafe-restaurant-reservation-food-menu-et-food-ordering-pour-woocommerce\/","title":{"rendered":"WP Cafe Restaurant Reservation Food Menu et Food Ordering pour WooCommerce 2.2.27"},"content":{"rendered":"<h3>WP Cafe Restaurant Reservation Food Menu et Food Ordering pour WooCommerce Traits<\/h3>\n<p>Le WP Cafe Restaurant Reservation Menu et la commande de nourriture pour WooCommerce est un plugin incroyablement robuste qui am\u00e9liore consid\u00e9rablement les fonctionnalit\u00e9s de votre site Web WooCommerce en incorporant de mani\u00e8re transparente la r\u00e9servation de restaurants, le menu alimentaire et les fonctionnalit\u00e9s de commande de nourriture. En mettant en \u0153uvre ce plugin, vous \u00e9tablirez sans effort un syst\u00e8me de r\u00e9servation, vous pr\u00e9sentera sans effort sans effort le menu d\u00e9licieux de votre restaurant et permettez aux clients sans effort de passer des commandes alimentaires en ligne. L&rsquo;interface remarquablement conviviale et les options de personnalisation \u00e9tendues garantissent que ce plugin est exceptionnellement simple pour naviguer et int\u00e8gre sans effort avec votre site Web. Les clients ont la merveilleuse capacit\u00e9 de parcourir votre menu, de passer sans effort les commandes en quelques clics rapides et de faire des r\u00e9servations sans effort dans un endroit facilement accessible. Ce plugin ph\u00e9nom\u00e9nal est ind\u00e9niablement adapt\u00e9 aux besoins des propri\u00e9taires de restaurants qui souhaitent ardemment optimiser leurs efforts en ligne et offrir une exp\u00e9rience culinaire \u00e9tonnamment transparente pour leurs clients estim\u00e9s.<\/p>\n<ul>\n<li>Le plugin de r\u00e9servation WP Cafe Restaurant permet aux clients de faire des r\u00e9servations directement \u00e0 partir de votre site Web<\/li>\n<li>Le menu des aliments qui l&rsquo;accompagne et le syst\u00e8me de commande sont int\u00e9gr\u00e9s de mani\u00e8re transparente \u00e0 WooCommerce, ce qui facilite la gestion des commandes et des stocks<\/li>\n<li>Les clients peuvent parcourir votre menu alimentaire et passer des commandes en ligne, \u00e9liminant le besoin de commandes t\u00e9l\u00e9phoniques ou de commande en personne<\/li>\n<li>Le syst\u00e8me de r\u00e9servation permet des temps de r\u00e9servation et des tailles de f\u00eate personnalis\u00e9s, ce qui facilite la gestion de la disponibilit\u00e9 du tableau<\/li>\n<li>Vous pouvez choisir d&rsquo;exiger un d\u00e9p\u00f4t ou un pr\u00e9-paiement pour les r\u00e9servations, en r\u00e9duisant la probabilit\u00e9 de non-pr\u00e9sentation<\/li>\n<li>Le plugin fournit des analyses et des fonctionnalit\u00e9s de rapport utiles, vous permettant de suivre les commandes, les r\u00e9servations et les revenus<\/li>\n<li>L&rsquo;interface utilisateur intuitive permet \u00e0 la fois pour les clients et le personnel du restaurant de naviguer facilement et de g\u00e9rer les commandes<\/li>\n<li>Le plugin est enti\u00e8rement personnalisable, vous permettant de l&rsquo;adapter aux besoins et \u00e0 la marque de votre restaurant sp\u00e9cifique<\/li>\n<li>Il s&rsquo;int\u00e8gre aux passerelles de paiement populaires telles que PayPal et Stripe, rendant les paiements en ligne simples et s\u00e9curis\u00e9s.<\/li>\n<\/ul>\n","protected":false},"excerpt":{"rendered":"<p>Pr\u00e9sentation du WP Cafe, un produit extraordinaire et in\u00e9gal\u00e9 con\u00e7u exclusivement pour les propri\u00e9taires de restaurants estim\u00e9s aspirant \u00e0 optimiser et \u00e0 acc\u00e9l\u00e9rer les subtilit\u00e9s de leurs proc\u00e9dures de r\u00e9servation et de commande des aliments. En se pr\u00e9voyant de ce plugin global qui a \u00e9t\u00e9 m\u00e9ticuleusement adapt\u00e9 aux plates-formes WordPress et WooCommerce, les restaurateurs acqui\u00e8rent la possibilit\u00e9 de superviser et d&rsquo;administrer des r\u00e9serves sans effort tout en pr\u00e9sentant simultan\u00e9ment leur d\u00e9licieux r\u00e9pertoire de d\u00e9lices culinaires. Cette offre impeccablement \u00e9labor\u00e9e et charg\u00e9e de fonctionnalit\u00e9s comprend tous les aspects imaginables essentiels pour \u00e9lever et augmenter l&rsquo;exp\u00e9rience culinaire globale des clients, le tout sans soumettre les propri\u00e9taires au fardeau ardu du suivi manuel des r\u00e9serves. Embrassez l&rsquo;avenir de l&rsquo;efficacit\u00e9 gastronomique et de la commodit\u00e9, alors que les clients se pr\u00e9lassent dans la facilit\u00e9 in\u00e9gal\u00e9e de commander leurs repas souhait\u00e9s avec une simple poign\u00e9e de clics. R\u00e9volutionnez votre \u00e9tablissement aujourd&rsquo;hui en adoptant les capacit\u00e9s extraordinaires de WP Cafe.<\/p>\n","protected":false},"featured_media":146136,"comment_status":"open","ping_status":"open","template":"","meta":[],"product_brand":[2435],"product_cat":[1182,1223,1181],"product_tag":[1231],"class_list":{"0":"post-114157","1":"product","2":"type-product","3":"status-publish","4":"has-post-thumbnail","6":"product_brand-codecanyon","7":"product_cat-commerce-electronique-plugins","8":"product_cat-personnalisation-commerce-electronique-plugins","9":"product_cat-plugins","10":"product_tag-codecanyon","11":"member-discount","12":"discount-restricted","14":"first","15":"instock","16":"sale","17":"downloadable","18":"virtual","19":"sold-individually","20":"purchasable","21":"product-type-simple"},"_links":{"self":[{"href":"https:\/\/gpl-love.com\/fr\/wp-json\/wp\/v2\/product\/114157","targetHints":{"allow":["GET"]}}],"collection":[{"href":"https:\/\/gpl-love.com\/fr\/wp-json\/wp\/v2\/product"}],"about":[{"href":"https:\/\/gpl-love.com\/fr\/wp-json\/wp\/v2\/types\/product"}],"replies":[{"embeddable":true,"href":"https:\/\/gpl-love.com\/fr\/wp-json\/wp\/v2\/comments?post=114157"}],"wp:featuredmedia":[{"embeddable":true,"href":"https:\/\/gpl-love.com\/fr\/wp-json\/wp\/v2\/media\/146136"}],"wp:attachment":[{"href":"https:\/\/gpl-love.com\/fr\/wp-json\/wp\/v2\/media?parent=114157"}],"wp:term":[{"taxonomy":"product_brand","embeddable":true,"href":"https:\/\/gpl-love.com\/fr\/wp-json\/wp\/v2\/product_brand?post=114157"},{"taxonomy":"product_cat","embeddable":true,"href":"https:\/\/gpl-love.com\/fr\/wp-json\/wp\/v2\/product_cat?post=114157"},{"taxonomy":"product_tag","embeddable":true,"href":"https:\/\/gpl-love.com\/fr\/wp-json\/wp\/v2\/product_tag?post=114157"}],"curies":[{"name":"wp","href":"https:\/\/api.w.org\/{rel}","templated":true}]}}