{"id":114155,"date":"2024-02-05T00:00:00","date_gmt":"2024-02-04T23:00:00","guid":{"rendered":"http:\/\/gpl-love.com\/fr\/produit\/goral-smartwatch-single-product-woocommerce-wordpress-theme\/"},"modified":"2026-03-20T23:17:21","modified_gmt":"2026-03-20T22:17:21","slug":"goral-smartwatch-single-product-woocommerce-wordpress-theme","status":"publish","type":"product","link":"https:\/\/gpl-love.com\/fr\/produit\/goral-smartwatch-single-product-woocommerce-wordpress-theme\/","title":{"rendered":"Goral SmartWatch 1.29"},"content":{"rendered":"<h3>Goral SmartWatch Traits<\/h3>\n<p>Le Goral Smartwatch, un appareil avec un design \u00e9l\u00e9gant et \u00e9l\u00e9gant, poss\u00e8de un \u00e9ventail de fonctions visant \u00e0 aider les individus \u00e0 maintenir un \u0153il vigilant sur leur bien-\u00eatre g\u00e9n\u00e9ral et leurs activit\u00e9s quotidiennes. B\u00e9n\u00e9ficiant de capteurs de pointe, cette montre intelligente a la capacit\u00e9 de surveiller avec diligence sa fr\u00e9quence cardiaque, de suivre m\u00e9ticuleusement le nombre de mesures prises et m\u00eame d&rsquo;observer consciencieusement les habitudes de sommeil. De plus, il englobe un syst\u00e8me de positionnement global int\u00e9gr\u00e9 (GPS) qui facilite non seulement le suivi de son emplacement g\u00e9ographique, mais supervise \u00e9galement la progression de ses efforts de fitness. De plus, cette montre s&rsquo;aligne harmonieusement avec les appareils iOS et Android, permettant ainsi une synchronisation transparente avec son smartphone et garantissant une connectivit\u00e9 ininterrompue m\u00eame en d\u00e9placement. Pour les individus aspirant \u00e0 am\u00e9liorer leur sant\u00e9 et \u00e0 g\u00e9rer efficacement leur programme quotidien, la smartwatch Goral sert sans aucun doute de compagnon parfait.<\/p>\n<ul>\n<li>Mat\u00e9riaux de construction durables et durables de haute qualit\u00e9, y compris en acier inoxydable et en verre r\u00e9sistant aux rayures<\/li>\n<li>S&rsquo;int\u00e8gre parfaitement aux appareils iOS et Android pour une communication et des notifications faciles<\/li>\n<li>Offre une vari\u00e9t\u00e9 de fonctionnalit\u00e9s de suivi de la sant\u00e9 et de la condition physique, notamment la surveillance de la fr\u00e9quence cardiaque, le podom\u00e8tre et le suivi du sommeil<\/li>\n<li>Bande r\u00e9glable pour un ajustement et un confort optimaux pendant l&rsquo;usure<\/li>\n<li>Interface d&rsquo;\u00e9cran tactile facile \u00e0 utiliser avec les visages de montre personnalisables<\/li>\n<li>Conception r\u00e9sistante \u00e0 l&rsquo;eau pour une utilisation sans souci pendant l&rsquo;exercice et d&rsquo;autres activit\u00e9s<\/li>\n<li>La dur\u00e9e de vie de la batterie durable pour une utilisation d&rsquo;une journ\u00e9e et un besoin minimal de charge<\/li>\n<li>Suivi GPS int\u00e9gr\u00e9 pour le suivi pr\u00e9cis de l&#8217;emplacement et la surveillance des activit\u00e9s ext\u00e9rieures<\/li>\n<li>Les fonctionnalit\u00e9s suppl\u00e9mentaires incluent le contr\u00f4le de la cam\u00e9ra, le contr\u00f4le musical et les rappels de calendrier<\/li>\n<\/ul>\n","protected":false},"excerpt":{"rendered":"<p>Le Goral Smartwatch, un accessoire sophistiqu\u00e9 et technologiquement avanc\u00e9, se fond sans effort dans votre mode de vie dynamique. B\u00e9n\u00e9ficiant d&rsquo;une multitude de fonctionnalit\u00e9s telles que des alertes d&rsquo;appel et de message, de surveillance de la fr\u00e9quence cardiaque, de surveillance des activit\u00e9s et d&rsquo;un \u00e9ventail d&rsquo;autres attributs impressionnants, cette montre sert de compl\u00e9ment impeccable \u00e0 votre r\u00e9gime quotidien. Avec son esth\u00e9tique \u00e9l\u00e9gante et sa construction robuste, la smartwatch Goral s&rsquo;av\u00e8re \u00eatre un choix id\u00e9al pour les amateurs de sport, les amateurs de fitness et les individus \u00e0 la recherche de connectivit\u00e9 constante et de mises \u00e0 jour \u00e0 la minute en mouvement.<\/p>\n","protected":false},"featured_media":144039,"comment_status":"open","ping_status":"open","template":"","meta":[],"product_brand":[2433],"product_cat":[1238,1444,1212],"product_tag":[1366],"class_list":{"0":"post-114155","1":"product","2":"type-product","3":"status-publish","4":"has-post-thumbnail","6":"product_brand-themeforest","7":"product_cat-commerce-electronique-themes","8":"product_cat-creatif-commerce-electronique-themes","9":"product_cat-themes","10":"product_tag-themeforest","11":"member-discount","12":"discount-restricted","14":"first","15":"instock","16":"sale","17":"downloadable","18":"virtual","19":"sold-individually","20":"purchasable","21":"product-type-simple"},"_links":{"self":[{"href":"https:\/\/gpl-love.com\/fr\/wp-json\/wp\/v2\/product\/114155","targetHints":{"allow":["GET"]}}],"collection":[{"href":"https:\/\/gpl-love.com\/fr\/wp-json\/wp\/v2\/product"}],"about":[{"href":"https:\/\/gpl-love.com\/fr\/wp-json\/wp\/v2\/types\/product"}],"replies":[{"embeddable":true,"href":"https:\/\/gpl-love.com\/fr\/wp-json\/wp\/v2\/comments?post=114155"}],"wp:featuredmedia":[{"embeddable":true,"href":"https:\/\/gpl-love.com\/fr\/wp-json\/wp\/v2\/media\/144039"}],"wp:attachment":[{"href":"https:\/\/gpl-love.com\/fr\/wp-json\/wp\/v2\/media?parent=114155"}],"wp:term":[{"taxonomy":"product_brand","embeddable":true,"href":"https:\/\/gpl-love.com\/fr\/wp-json\/wp\/v2\/product_brand?post=114155"},{"taxonomy":"product_cat","embeddable":true,"href":"https:\/\/gpl-love.com\/fr\/wp-json\/wp\/v2\/product_cat?post=114155"},{"taxonomy":"product_tag","embeddable":true,"href":"https:\/\/gpl-love.com\/fr\/wp-json\/wp\/v2\/product_tag?post=114155"}],"curies":[{"name":"wp","href":"https:\/\/api.w.org\/{rel}","templated":true}]}}