{"id":114153,"date":"2024-05-10T00:00:00","date_gmt":"2024-05-09T22:00:00","guid":{"rendered":"http:\/\/gpl-love.com\/fr\/produit\/domnoo-pizza-et-restaurant-wordpress-theme\/"},"modified":"2026-03-20T23:01:11","modified_gmt":"2026-03-20T22:01:11","slug":"domnoo-pizza-et-restaurant-wordpress-theme","status":"publish","type":"product","link":"https:\/\/gpl-love.com\/fr\/produit\/domnoo-pizza-et-restaurant-wordpress-theme\/","title":{"rendered":"Domnoo Pizza et Restaurant WordPress Theme 1.38"},"content":{"rendered":"<h3>Domnoo Pizza et Restaurant WordPress Theme Traits<\/h3>\n<p>Le th\u00e8me Domnoo Pizza and Restaurant WordPress est un th\u00e8me tr\u00e8s polyvalent et remarquablement r\u00e9actif qui a \u00e9t\u00e9 m\u00e9ticuleusement con\u00e7u pour r\u00e9pondre aux besoins sp\u00e9cifiques des entreprises li\u00e9es \u00e0 la nourriture, y compris, mais sans s&rsquo;y limiter, les pizzerias, les restaurants, les caf\u00e9s, les bars et les boulangeries. Avec une interface remarquablement conviviale et un vaste \u00e9ventail de fonctionnalit\u00e9s \u00e0 votre disposition, la gestion sans effort de votre site Web tout en pr\u00e9sentant efficacement vos menus divers, des \u00e9v\u00e9nements passionnants, plusieurs emplacements et des services de haut niveau devient une brise absolue. De plus, le design moderne et \u00e9l\u00e9gant de ce th\u00e8me assure non seulement un site Web visuellement captivant, mais aussi celui qui peut \u00eatre parfaitement personnalis\u00e9 pour s&rsquo;aligner parfaitement avec vos exigences de marque et de marketing uniques. De plus, Domnoo prend votre pr\u00e9sence en ligne vers de nouveaux sommets en \u00e9tant optimis\u00e9es en moteur de recherche et en offrant des options avanc\u00e9es pour l&rsquo;optimisation des moteurs de recherche (SEO) qui servent \u00e0 am\u00e9liorer votre visibilit\u00e9 sur le paysage num\u00e9rique et \u00e0 attirer un afflux substantiel de clients. En r\u00e9sum\u00e9, le th\u00e8me Domnoo Pizza and Restaurant WordPress est la quintessence d&rsquo;un choix prudent pour les individus \u00e0 la recherche d&rsquo;un site Web navigable et polie sans effort pour leur entreprise estim\u00e9e li\u00e9e \u00e0 la nourriture.<\/p>\n<ul>\n<li>Un th\u00e8me WordPress moderne et visuellement attrayant sp\u00e9cialement con\u00e7u pour les sites Web de pizzas et de restaurants<\/li>\n<li>Disposages pr\u00e9-con\u00e7us pour les pages de menu, les formulaires de r\u00e9servation et les sections am\u00e9ricaines<\/li>\n<li>Int\u00e9gration avec Visual Composer, permettant une personnalisation et une cr\u00e9ation faciles de nouvelles pages et sections<\/li>\n<li>Conception r\u00e9active pour assurer une visualisation optimale sur toutes les tailles de p\u00e9riph\u00e9rique<\/li>\n<li>Compatibilit\u00e9 avec des plugins WordPress populaires tels que WooCommerce et WPML pour des fonctionnalit\u00e9s suppl\u00e9mentaires et un support multi-langues<\/li>\n<li>Documentation approfondie et soutien fourni pour aider \u00e0 la configuration et \u00e0 la personnalisation<\/li>\n<li>Graphiques Retina Ready pour l&rsquo;affichage d&rsquo;image de haute qualit\u00e9 sur les appareils r\u00e9tines<\/li>\n<li>Code et optimisation conviviaux pour le r\u00e9f\u00e9rencement pour une meilleure visibilit\u00e9 du moteur de recherche<\/li>\n<li>Options de typographie avanc\u00e9e pour am\u00e9liorer l&rsquo;attrait visuel du site Web<\/li>\n<li>Int\u00e9gration des m\u00e9dias sociaux pour un partage et une promotion faciles sur diverses plateformes.<\/li>\n<\/ul>\n","protected":false},"excerpt":{"rendered":"<p>Pr\u00e9sentation de Domnoo &#8211; un th\u00e8me WordPress de pizza et de restaurant haut de gamme, parfait pour les entreprises de livraison de pizzas, les caf\u00e9s, les boulangeries et d&rsquo;autres \u00e9tablissements li\u00e9s \u00e0 la nourriture. Charg\u00e9 de fonctionnalit\u00e9s puissantes telles que la commande en ligne, les syst\u00e8mes de r\u00e9servation et un constructeur de menu interactif, ce th\u00e8me propose une plate-forme conviviale pour que les clients passent facilement les commandes. De plus, il comprend une gamme de mod\u00e8les personnalisables, vous donnant un contr\u00f4le total sur la conception de votre site Web. Avec Domnoo, vous avez \u00e9galement acc\u00e8s \u00e0 des outils de r\u00e9f\u00e9rencement avanc\u00e9s pour am\u00e9liorer votre visibilit\u00e9 en ligne et g\u00e9n\u00e9rer plus de trafic vers votre site. Ce th\u00e8me WordPress est pleinement r\u00e9actif, garantissant une exp\u00e9rience de visualisation optimale sur tous les appareils. Boostez la pr\u00e9sence num\u00e9rique de votre restaurant avec Domnoo, un th\u00e8me WordPress qui offre \u00e0 la fois le style et la fonctionnalit\u00e9.<\/p>\n","protected":false},"featured_media":143563,"comment_status":"open","ping_status":"open","template":"","meta":[],"product_brand":[2433],"product_cat":[1606,1212,1213],"product_tag":[1366],"class_list":{"0":"post-114153","1":"product","2":"type-product","3":"status-publish","4":"has-post-thumbnail","6":"product_brand-themeforest","7":"product_cat-restauration-et-restaurant","8":"product_cat-themes","9":"product_cat-wordpress-themes","10":"product_tag-themeforest","11":"member-discount","12":"discount-restricted","14":"first","15":"instock","16":"sale","17":"downloadable","18":"virtual","19":"sold-individually","20":"purchasable","21":"product-type-simple"},"_links":{"self":[{"href":"https:\/\/gpl-love.com\/fr\/wp-json\/wp\/v2\/product\/114153","targetHints":{"allow":["GET"]}}],"collection":[{"href":"https:\/\/gpl-love.com\/fr\/wp-json\/wp\/v2\/product"}],"about":[{"href":"https:\/\/gpl-love.com\/fr\/wp-json\/wp\/v2\/types\/product"}],"replies":[{"embeddable":true,"href":"https:\/\/gpl-love.com\/fr\/wp-json\/wp\/v2\/comments?post=114153"}],"wp:featuredmedia":[{"embeddable":true,"href":"https:\/\/gpl-love.com\/fr\/wp-json\/wp\/v2\/media\/143563"}],"wp:attachment":[{"href":"https:\/\/gpl-love.com\/fr\/wp-json\/wp\/v2\/media?parent=114153"}],"wp:term":[{"taxonomy":"product_brand","embeddable":true,"href":"https:\/\/gpl-love.com\/fr\/wp-json\/wp\/v2\/product_brand?post=114153"},{"taxonomy":"product_cat","embeddable":true,"href":"https:\/\/gpl-love.com\/fr\/wp-json\/wp\/v2\/product_cat?post=114153"},{"taxonomy":"product_tag","embeddable":true,"href":"https:\/\/gpl-love.com\/fr\/wp-json\/wp\/v2\/product_tag?post=114153"}],"curies":[{"name":"wp","href":"https:\/\/api.w.org\/{rel}","templated":true}]}}