{"id":114151,"date":"2021-04-20T00:00:00","date_gmt":"2021-04-19T22:00:00","guid":{"rendered":"http:\/\/gpl-love.com\/fr\/produit\/oliver-classic-portfolio-wordpress-theme\/"},"modified":"2026-04-10T18:35:13","modified_gmt":"2026-04-10T16:35:13","slug":"oliver-classic-portfolio-wordpress-theme","status":"publish","type":"product","link":"https:\/\/gpl-love.com\/fr\/produit\/oliver-classic-portfolio-wordpress-theme\/","title":{"rendered":"Oliver Classic Portfolio WordPress Theme 1.2.0"},"content":{"rendered":"<h3>Oliver Classic Portfolio WordPress Theme Traits<\/h3>\n<p>Le th\u00e8me WordPress du portefeuille Oliver Classic est un th\u00e8me tr\u00e8s polyvalent et contemporain qui offre une plate-forme id\u00e9ale pour pr\u00e9senter un \u00e9ventail d&rsquo;efforts cr\u00e9atifs. B\u00e9n\u00e9ficiant d&rsquo;un design \u00e9l\u00e9gant et minimaliste, ce th\u00e8me garantit que votre travail occupe le devant de la sc\u00e8ne, tout en incorporant des options de navigation et de personnalisation sans effort pour votre site Web. De plus, le th\u00e8me poss\u00e8de une conception r\u00e9active qui s&rsquo;adapte de mani\u00e8re transparente sur tous les appareils, ce qui le rend visuellement agr\u00e9able aux utilisateurs, quelle que soit la plate-forme \u00e0 partir de laquelle ils y acc\u00e8dent. De plus, il est m\u00e9ticuleusement optimis\u00e9 pour les moteurs de recherche, renfor\u00e7ant ainsi consid\u00e9rablement votre visibilit\u00e9 en ligne. Le th\u00e8me WordPress de portfolio Oliver Classic accorde \u00e9galement l&rsquo;acc\u00e8s des utilisateurs \u00e0 une pl\u00e9thore de mod\u00e8les personnalisables et de dispositions de page, en plus d&rsquo;une grande vari\u00e9t\u00e9 de widgets et de plugins qui peuvent \u00eatre exploit\u00e9s pour am\u00e9liorer la fonctionnalit\u00e9 de votre site Web. Que vous soyez photographe, artiste ou cr\u00e9ateur, ce th\u00e8me est sans aucun doute un choix exemplaire pour fa\u00e7onner un portefeuille en ligne professionnel et visuellement captivant.<\/p>\n<ul>\n<li>Design \u00e9l\u00e9gant et classique parfait pour pr\u00e9senter votre portefeuille ou votre travail<\/li>\n<li>Enti\u00e8rement r\u00e9actif et convivial pour fournir la meilleure exp\u00e9rience utilisateur sur tous les appareils<\/li>\n<li>Options de couleurs personnalisables pour s&rsquo;adapter \u00e0 votre marque ou \u00e0 votre style personnel<\/li>\n<li>Faites glisser et d\u00e9posez le constructeur de pages pour une cr\u00e9ation de site Web facile et intuitive<\/li>\n<li>Plusieurs dispositions de page d&rsquo;accueil au choix, y compris les options en plein \u00e9cran ou en bo\u00eete<\/li>\n<li>Types de messages personnalis\u00e9s pour la gestion et l&rsquo;organisation faciles de contenu<\/li>\n<li>Documentation et soutien approfondis pour toute question ou probl\u00e8me<\/li>\n<li>Compatible avec des plugins populaires tels que WooCommerce et Contact Form 7<\/li>\n<li>SEO optimis\u00e9 pour am\u00e9liorer le classement des moteurs de recherche et g\u00e9n\u00e9rer plus de trafic vers votre site<\/li>\n<li>Importation de d\u00e9monstration en un clic pour configurer facilement votre site Web et commencer \u00e0 pr\u00e9senter votre travail.<\/li>\n<\/ul>\n","protected":false},"excerpt":{"rendered":"<p>Le th\u00e8me WordPress du portfolio Oliver Classic appara\u00eet comme une option extraordinairement \u00e9l\u00e9gante et professionnelle lorsqu&rsquo;il s&rsquo;agit de promouvoir et de pr\u00e9senter vos efforts cr\u00e9atifs dans le domaine en ligne. B\u00e9n\u00e9ficiant d&rsquo;un design qui se caract\u00e9rise par sa propret\u00e9 et son minimalisme inh\u00e9rents, ce th\u00e8me accentue effectivement et met en \u00e9vidence la substance de votre contenu. De plus, il offre une pl\u00e9thore de sections personnalisables qui vous permettent de pr\u00e9senter efficacement votre portefeuille, de fournir des t\u00e9moignages clients, de publier des articles de blog, et bien plus encore. De plus, la conception r\u00e9active du th\u00e8me garantit que votre site Web d\u00e9gagera l&rsquo;excellence et l&rsquo;attractivit\u00e9 de tout appareil \u00e0 partir de laquelle il est accessible. En outre, le panneau d&rsquo;administration convivial qui accompagne le th\u00e8me facilite la personnalisation et la gestion sans effort de votre site Web, en vous assurant que vous \u00eates en mesure de manipuler et de superviser ses diff\u00e9rents aspects. Que vous vous identifiiez en tant que photographe, concepteur ou artiste, le th\u00e8me du portefeuille Oliver Classic est un choix exceptionnel qui vous permettra sans aucun doute d&rsquo;\u00e9tablir une pr\u00e9sence en ligne captivante et remarquable pour votre travail.<\/p>\n","protected":false},"featured_media":144858,"comment_status":"open","ping_status":"open","template":"","meta":[],"product_brand":[2433],"product_cat":[1242,1212,1213],"product_tag":[1366],"class_list":{"0":"post-114151","1":"product","2":"type-product","3":"status-publish","4":"has-post-thumbnail","6":"product_brand-themeforest","7":"product_cat-creatif","8":"product_cat-themes","9":"product_cat-wordpress-themes","10":"product_tag-themeforest","11":"member-discount","12":"discount-restricted","14":"first","15":"instock","16":"sale","17":"downloadable","18":"virtual","19":"sold-individually","20":"purchasable","21":"product-type-simple"},"_links":{"self":[{"href":"https:\/\/gpl-love.com\/fr\/wp-json\/wp\/v2\/product\/114151","targetHints":{"allow":["GET"]}}],"collection":[{"href":"https:\/\/gpl-love.com\/fr\/wp-json\/wp\/v2\/product"}],"about":[{"href":"https:\/\/gpl-love.com\/fr\/wp-json\/wp\/v2\/types\/product"}],"replies":[{"embeddable":true,"href":"https:\/\/gpl-love.com\/fr\/wp-json\/wp\/v2\/comments?post=114151"}],"wp:featuredmedia":[{"embeddable":true,"href":"https:\/\/gpl-love.com\/fr\/wp-json\/wp\/v2\/media\/144858"}],"wp:attachment":[{"href":"https:\/\/gpl-love.com\/fr\/wp-json\/wp\/v2\/media?parent=114151"}],"wp:term":[{"taxonomy":"product_brand","embeddable":true,"href":"https:\/\/gpl-love.com\/fr\/wp-json\/wp\/v2\/product_brand?post=114151"},{"taxonomy":"product_cat","embeddable":true,"href":"https:\/\/gpl-love.com\/fr\/wp-json\/wp\/v2\/product_cat?post=114151"},{"taxonomy":"product_tag","embeddable":true,"href":"https:\/\/gpl-love.com\/fr\/wp-json\/wp\/v2\/product_tag?post=114151"}],"curies":[{"name":"wp","href":"https:\/\/api.w.org\/{rel}","templated":true}]}}