{"id":114149,"date":"2021-04-20T00:00:00","date_gmt":"2021-04-19T22:00:00","guid":{"rendered":"http:\/\/gpl-love.com\/fr\/produit\/annusa-modern-digital-bakery-wordpress-theme\/"},"modified":"2026-03-20T22:54:43","modified_gmt":"2026-03-20T21:54:43","slug":"annusa-modern-digital-bakery-wordpress-theme","status":"publish","type":"product","link":"https:\/\/gpl-love.com\/fr\/produit\/annusa-modern-digital-bakery-wordpress-theme\/","title":{"rendered":"Annusa Modern Digital Bakery WordPress Theme 1.1.1"},"content":{"rendered":"<h3>Annusa Modern Digital Bakery WordPress Theme Traits<\/h3>\n<p>Annusa Modern Digital Bakery WordPress Le th\u00e8me est une solution de conception de site Web de pointe et contemporaine qui r\u00e9pond sp\u00e9cifiquement aux besoins des boulangeries et des p\u00e2tisseries. B\u00e9n\u00e9ficiant d&rsquo;une disposition \u00e9l\u00e9gante et visuellement agr\u00e9able, ce th\u00e8me sert de plate-forme id\u00e9ale pour pr\u00e9senter et mettre en lumi\u00e8re vos produits de boulangerie tout en \u00e9tablissant simultan\u00e9ment une pr\u00e9sence en ligne puissante et percutante pour votre entreprise estim\u00e9e. Remarquablement, ce th\u00e8me englobe un \u00e9ventail d&rsquo;options de personnalisation, vous offrant la possibilit\u00e9 d&rsquo;adapter et de personnaliser la conception d&rsquo;une mani\u00e8re qui s&rsquo;aligne parfaitement avec votre identit\u00e9 de marque unique et vos pr\u00e9f\u00e9rences stylistiques. De plus, il est \u00e9quip\u00e9 d&rsquo;une disposition enti\u00e8rement r\u00e9active, garantissant l&rsquo;accessibilit\u00e9 transparente sur tous les appareils, tandis que son interface conviviale garantit une exp\u00e9rience de navigation sans frottement et sans effort pour les visiteurs du site. Que votre objectif soit de compiler un portefeuille complet avec vos d\u00e9licieux produits de boulangerie, de promouvoir vos services in\u00e9gal\u00e9s ou d&rsquo;effectuer sans effort les ventes en ligne et les transactions gr\u00e2ce \u00e0 l&rsquo;int\u00e9gration transparente de WooCommerce, assurez-vous que le th\u00e8me WordPress de Bakery Digital Annusa poss\u00e8de toutes les caract\u00e9ristiques et outils essentiels requis pour vous autonomiser et vous permettre de construire un site Web exquis, visuellement captivant et hautement fonctionnel qui incarne et refl\u00e8te vraiment l&rsquo;essence et l&rsquo;esprit de votre entreprise de boulangerie bien-aim\u00e9e.<\/p>\n<ul>\n<li>Un th\u00e8me WordPress moderne et \u00e9l\u00e9gant con\u00e7u sp\u00e9cifiquement pour les boulangeries et autres entreprises li\u00e9es \u00e0 l&rsquo;alimentation.<\/li>\n<li>Propose un constructeur de pages visuelles faciles \u00e0 utiliser pour personnaliser la disposition et la conception de votre site Web.<\/li>\n<li>Livr\u00e9 avec une vari\u00e9t\u00e9 de mod\u00e8les pr\u00e9fabriqu\u00e9s pour diff\u00e9rentes pages, comme une page d&rsquo;accueil, une page de contact et une page de menu.<\/li>\n<li>Comprend plusieurs options de menu et de prix pour pr\u00e9senter les offres de votre boulangerie.<\/li>\n<li>Offre l&rsquo;int\u00e9gration avec des plugins de r\u00e9servation et de r\u00e9servation populaires pour la commande en ligne et les r\u00e9servations.<\/li>\n<li>La conception r\u00e9active garantit que votre site Web a fi\u00e8re allure sur tous les appareils.<\/li>\n<li>Livr\u00e9 avec des outils d&rsquo;optimisation des moteurs de recherche int\u00e9gr\u00e9s (SEO) pour am\u00e9liorer la visibilit\u00e9 de votre site Web dans les r\u00e9sultats de recherche.<\/li>\n<li>Fournit un excellent support client et documentation pour vous aider \u00e0 tirer le meilleur parti de votre site Web.<\/li>\n<\/ul>\n","protected":false},"excerpt":{"rendered":"<p>D\u00e9couvrez l&rsquo;avenir de la cuisson avec Annusa, un th\u00e8me WordPress de boulangerie num\u00e9rique moderne. Ce th\u00e8me est parfait pour les boulangers, les caf\u00e9s, les restaurants ou toute personne dans l&rsquo;industrie alimentaire qui cherche \u00e0 cr\u00e9er une pr\u00e9sence en ligne visuellement magnifique. La conception enti\u00e8rement r\u00e9active d&rsquo;Annusa garantit que votre site Web est parfait sur n&rsquo;importe quel appareil, tandis que ses fonctionnalit\u00e9s conviviales de r\u00e9f\u00e9rencement aident \u00e0 am\u00e9liorer le classement de votre moteur de recherche. Avec son constructeur de page de glisser-d\u00e9poser et de drop facile \u00e0 utiliser, vous pouvez cr\u00e9er un site Web professionnel sans aucune comp\u00e9tence de codage. Le th\u00e8me comprend \u00e9galement une vari\u00e9t\u00e9 de mod\u00e8les pr\u00e9-con\u00e7us, vous pouvez donc faire fonctionner votre site en un rien de temps. De plus, avec son int\u00e9gration WooCommerce, vous pouvez facilement configurer une boutique en ligne et commencer \u00e0 vendre vos d\u00e9licieux produits de boulangerie imm\u00e9diatement. D\u00e9couvrez les avantages d&rsquo;une approche moderne et num\u00e9rique de votre entreprise de boulangerie avec Annusa.<\/p>\n","protected":false},"featured_media":143136,"comment_status":"open","ping_status":"open","template":"","meta":[],"product_brand":[2433],"product_cat":[1242,1212,1213],"product_tag":[1366],"class_list":{"0":"post-114149","1":"product","2":"type-product","3":"status-publish","4":"has-post-thumbnail","6":"product_brand-themeforest","7":"product_cat-creatif","8":"product_cat-themes","9":"product_cat-wordpress-themes","10":"product_tag-themeforest","11":"member-discount","12":"discount-restricted","14":"first","15":"instock","16":"sale","17":"downloadable","18":"virtual","19":"sold-individually","20":"purchasable","21":"product-type-simple"},"_links":{"self":[{"href":"https:\/\/gpl-love.com\/fr\/wp-json\/wp\/v2\/product\/114149","targetHints":{"allow":["GET"]}}],"collection":[{"href":"https:\/\/gpl-love.com\/fr\/wp-json\/wp\/v2\/product"}],"about":[{"href":"https:\/\/gpl-love.com\/fr\/wp-json\/wp\/v2\/types\/product"}],"replies":[{"embeddable":true,"href":"https:\/\/gpl-love.com\/fr\/wp-json\/wp\/v2\/comments?post=114149"}],"wp:featuredmedia":[{"embeddable":true,"href":"https:\/\/gpl-love.com\/fr\/wp-json\/wp\/v2\/media\/143136"}],"wp:attachment":[{"href":"https:\/\/gpl-love.com\/fr\/wp-json\/wp\/v2\/media?parent=114149"}],"wp:term":[{"taxonomy":"product_brand","embeddable":true,"href":"https:\/\/gpl-love.com\/fr\/wp-json\/wp\/v2\/product_brand?post=114149"},{"taxonomy":"product_cat","embeddable":true,"href":"https:\/\/gpl-love.com\/fr\/wp-json\/wp\/v2\/product_cat?post=114149"},{"taxonomy":"product_tag","embeddable":true,"href":"https:\/\/gpl-love.com\/fr\/wp-json\/wp\/v2\/product_tag?post=114149"}],"curies":[{"name":"wp","href":"https:\/\/api.w.org\/{rel}","templated":true}]}}