{"id":114147,"date":"2023-03-10T00:00:00","date_gmt":"2023-03-09T23:00:00","guid":{"rendered":"http:\/\/gpl-love.com\/fr\/produit\/alit-minimalist-responsive-woocommerce-wordpress-theme\/"},"modified":"2026-03-20T22:54:20","modified_gmt":"2026-03-20T21:54:20","slug":"alit-minimalist-responsive-woocommerce-wordpress-theme","status":"publish","type":"product","link":"https:\/\/gpl-love.com\/fr\/produit\/alit-minimalist-responsive-woocommerce-wordpress-theme\/","title":{"rendered":"Alit Minimalist Responsive Woocommerce WordPress Theme 1.26"},"content":{"rendered":"<h3>Alit Minimalist Responsive Woocommerce WordPress Theme Traits<\/h3>\n<p>Le th\u00e8me WOOCOMMERCE WORDPRESS r\u00e9actif minimaliste Alit est un th\u00e8me de commerce \u00e9lectronique absolument \u00e0 couper le souffle et exceptionnellement convivial qui a \u00e9t\u00e9 con\u00e7u avec des propri\u00e9taires de magasins en ligne. Ce th\u00e8me remarquable poss\u00e8de une r\u00e9activit\u00e9 compl\u00e8te, ce qui signifie qu&rsquo;elle peut s&rsquo;adapter sans effort \u00e0 n&rsquo;importe quelle taille d&rsquo;\u00e9cran, garantissant ainsi l&rsquo;accessibilit\u00e9 pour les utilisateurs de tous les appareils. En adoptant une philosophie de conception minimaliste, ce th\u00e8me offre une interface utilisateur visuellement agr\u00e9able et incroyablement facile \u00e0 naviguer, facilitant ainsi la d\u00e9couverte et l&rsquo;achat et l&rsquo;achat efficaces des produits souhait\u00e9s par les clients. De plus, le th\u00e8me ALIT offre une vaste gamme d&rsquo;options de personnalisation, permettant ainsi aux propri\u00e9taires de magasins d&rsquo;adapter leur site Web pour refl\u00e9ter parfaitement leur identit\u00e9 de marque unique. En outre, gr\u00e2ce \u00e0 son int\u00e9gration transparente avec WooCommerce, ce th\u00e8me garantit des transactions s\u00e9curis\u00e9es et sans tracas, inculquant par cons\u00e9quent la confiance dans les clients. Pour r\u00e9sumer, le th\u00e8me WOOCommerce WOOCOMMERCE ALIT MINIMALMAUX est un choix absolument exceptionnel pour les entreprises en ligne qui cherchent \u00e0 am\u00e9liorer leur pr\u00e9sence en ligne au moyen d&rsquo;un site Web poli et hautement fonctionnel.<\/p>\n<ul>\n<li>Voici quelques fonctionnalit\u00e9s et avantages cl\u00e9s du th\u00e8me WOOCommerce Minimaliste r\u00e9actif Minimaliste:<\/li>\n<li><\/li>\n<li>Design moderne et minimaliste qui met vos produits sous les projecteurs<\/li>\n<li>Conception enti\u00e8rement r\u00e9active et adapt\u00e9e aux mobiles pour la navigation transparente sur n&rsquo;importe quel appareil<\/li>\n<li>Compatible avec le plugin WooCommerce populaire pour une gestion de boutiques en ligne facile<\/li>\n<li>Page d&rsquo;accueil personnalisable et dispositions de page de produit avec fonctionnalit\u00e9 de glisser-d\u00e9poser<\/li>\n<li>Plusieurs sch\u00e9mas de couleurs et options de typographie au choix<\/li>\n<li>Construit sur le puissant framework Redux pour une personnalisation et des mises \u00e0 jour faciles<\/li>\n<li>Int\u00e9gration avec des plugins populaires tels que le formulaire de contact 7 et MailChimp<\/li>\n<li>Vitesses de chargement de page rapide et optimis\u00e9es pour le r\u00e9f\u00e9rencement pour les classements de moteur de recherche plus \u00e9lev\u00e9s<\/li>\n<li>\u00c9quipe de support client fiable et d\u00e9vou\u00e9 pour aider \u00e0 tous les probl\u00e8mes ou questions<\/li>\n<li><\/li>\n<li>Dans l&rsquo;ensemble, le th\u00e8me de WooCommerce Minimaliste ALIT WOOCOMMERCE est un excellent choix pour tous ceux qui cherchent \u00e0 cr\u00e9er une boutique en ligne propre et professionnelle. Ses fonctionnalit\u00e9s personnalisables et sa compatibilit\u00e9 avec WooCommerce le rendent \u00e0 la fois polyvalent et convivial.<\/li>\n<\/ul>\n","protected":false},"excerpt":{"rendered":"<p>D\u00e9couvrez le pouvoir et les fonctionnalit\u00e9s du th\u00e8me WOOCommerce r\u00e9actif minimaliste ALIT. Ce th\u00e8me polyvalent est con\u00e7u pour s&rsquo;adapter \u00e0 n&rsquo;importe quelle taille d&rsquo;\u00e9cran, offrant une exp\u00e9rience de navigation transparente sur n&rsquo;importe quel appareil. Avec sa conception minimaliste, vos produits et votre contenu prendront le devant de la sc\u00e8ne, captivant instantan\u00e9ment votre public. Le th\u00e8me s&rsquo;int\u00e8gre sans effort avec WooCommerce, ce qui vous permet de g\u00e9rer facilement votre boutique en ligne. Personnalisez votre site \u00e0 votre go\u00fbt avec ses options flexibles, en ajoutant une touche personnelle qui vous distingue de la concurrence. Avec le th\u00e8me WOOCommerce Minimaliste ALIT Minimaliste, vous obtenez une plate-forme \u00e9l\u00e9gante et conviviale qui stimule votre pr\u00e9sence en ligne et stimule les ventes. Pr\u00e9parez-vous \u00e0 \u00e9lever votre jeu de commerce \u00e9lectronique.<\/p>\n","protected":false},"featured_media":143111,"comment_status":"open","ping_status":"open","template":"","meta":[],"product_brand":[2433],"product_cat":[1238,1444,1212],"product_tag":[1366],"class_list":{"0":"post-114147","1":"product","2":"type-product","3":"status-publish","4":"has-post-thumbnail","6":"product_brand-themeforest","7":"product_cat-commerce-electronique-themes","8":"product_cat-creatif-commerce-electronique-themes","9":"product_cat-themes","10":"product_tag-themeforest","11":"member-discount","12":"discount-restricted","14":"first","15":"instock","16":"sale","17":"downloadable","18":"virtual","19":"sold-individually","20":"purchasable","21":"product-type-simple"},"_links":{"self":[{"href":"https:\/\/gpl-love.com\/fr\/wp-json\/wp\/v2\/product\/114147","targetHints":{"allow":["GET"]}}],"collection":[{"href":"https:\/\/gpl-love.com\/fr\/wp-json\/wp\/v2\/product"}],"about":[{"href":"https:\/\/gpl-love.com\/fr\/wp-json\/wp\/v2\/types\/product"}],"replies":[{"embeddable":true,"href":"https:\/\/gpl-love.com\/fr\/wp-json\/wp\/v2\/comments?post=114147"}],"wp:featuredmedia":[{"embeddable":true,"href":"https:\/\/gpl-love.com\/fr\/wp-json\/wp\/v2\/media\/143111"}],"wp:attachment":[{"href":"https:\/\/gpl-love.com\/fr\/wp-json\/wp\/v2\/media?parent=114147"}],"wp:term":[{"taxonomy":"product_brand","embeddable":true,"href":"https:\/\/gpl-love.com\/fr\/wp-json\/wp\/v2\/product_brand?post=114147"},{"taxonomy":"product_cat","embeddable":true,"href":"https:\/\/gpl-love.com\/fr\/wp-json\/wp\/v2\/product_cat?post=114147"},{"taxonomy":"product_tag","embeddable":true,"href":"https:\/\/gpl-love.com\/fr\/wp-json\/wp\/v2\/product_tag?post=114147"}],"curies":[{"name":"wp","href":"https:\/\/api.w.org\/{rel}","templated":true}]}}