{"id":114145,"date":"2022-05-24T00:00:00","date_gmt":"2022-05-23T22:00:00","guid":{"rendered":"http:\/\/gpl-love.com\/fr\/produit\/arkhitekton-modern-architecture-et-interior-design-wordpress-theme\/"},"modified":"2026-03-20T22:55:01","modified_gmt":"2026-03-20T21:55:01","slug":"arkhitekton-modern-architecture-et-interior-design-wordpress-theme","status":"publish","type":"product","link":"https:\/\/gpl-love.com\/fr\/produit\/arkhitekton-modern-architecture-et-interior-design-wordpress-theme\/","title":{"rendered":"Arkhitekton Modern Architecture et Interior Design WordPress Theme 1.3.0"},"content":{"rendered":"<h3>Arkhitekton Modern Architecture et Interior Design WordPress Theme Traits<\/h3>\n<p>Le th\u00e8me WordPress de l&rsquo;architecture moderne Arkhitekton et du design d&rsquo;int\u00e9rieur, caract\u00e9ris\u00e9 par sa polyvalence et son style, est fabriqu\u00e9 sur mesure pour les architectes, les designers d&rsquo;int\u00e9rieur et d&rsquo;autres professionnels de l&rsquo;industrie du design. Impr\u00e9gn\u00e9 d&rsquo;une esth\u00e9tique \u00e9l\u00e9gante et contemporaine, ce th\u00e8me met l&rsquo;accent primordial sur la navigation intuitive et l&rsquo;optimisation de l&rsquo;exp\u00e9rience utilisateur. Sa page d&rsquo;accueil est hautement personnalisable, vous permettant de pr\u00e9senter votre travail le plus exemplaire d&rsquo;une mani\u00e8re visuellement \u00e9tonnante. De plus, l&rsquo;inclusion de mod\u00e8les de page pr\u00e9d\u00e9finis facilite la cr\u00e9ation sans effort d&rsquo;un site Web de qualit\u00e9 professionnelle. Avec l&rsquo;int\u00e9gration d&rsquo;Arkhitekton, vous pouvez incorporer de mani\u00e8re transparente vos profils de m\u00e9dias sociaux, tandis que le th\u00e8me lui-m\u00eame a \u00e9t\u00e9 finement r\u00e9gl\u00e9 pour des performances optimales du moteur de recherche, garantissant que votre site Web est facilement d\u00e9couvrable par des clients potentiels. Que vous soyez un individu qui a besoin d&rsquo;un site Web ou d&rsquo;une agence de conception, le th\u00e8me Arkhitekton est un choix exceptionnel qui vous aidera sans effort \u00e0 \u00e9tablir une pr\u00e9sence en ligne sophistiqu\u00e9e et \u00e9l\u00e9gante.<\/p>\n<ul>\n<li>Un th\u00e8me WordPress moderne et \u00e9l\u00e9gant pour les sites Web d&rsquo;architecture et de design d&rsquo;int\u00e9rieur.<\/li>\n<li>Comprend une vari\u00e9t\u00e9 de dispositions et de mod\u00e8les personnalisables pour les pages et les articles de blog.<\/li>\n<li>Propose un design r\u00e9actif qui a fi\u00e8re allure sur tous les appareils.<\/li>\n<li>Comprend des outils d&rsquo;optimisation SEO int\u00e9gr\u00e9s pour aider \u00e0 am\u00e9liorer le classement des moteurs de recherche.<\/li>\n<li>Livr\u00e9 avec un puissant plugin Page Builder pour cr\u00e9er facilement des pages uniques et professionnelles.<\/li>\n<li>Offre diverses options de personnalisation pour une exp\u00e9rience enti\u00e8rement personnalis\u00e9e.<\/li>\n<li>Comprend une vari\u00e9t\u00e9 de widgets et de shortcodes pour des fonctionnalit\u00e9s suppl\u00e9mentaires.<\/li>\n<li>Propose un importateur de d\u00e9monstration en un clic pour configurer rapidement et facilement votre site Web.<\/li>\n<li>Compatible avec les plugins WordPress populaires pour des fonctionnalit\u00e9s suppl\u00e9mentaires.<\/li>\n<li>R\u00e9guli\u00e8rement mis \u00e0 jour avec de nouvelles fonctionnalit\u00e9s et corrections de bogues.<\/li>\n<\/ul>\n","protected":false},"excerpt":{"rendered":"<p>Arkhitekton est un th\u00e8me WordPress moderne, con\u00e7u de mani\u00e8re experte pour des professionnels de l&rsquo;architecture et du design d&rsquo;int\u00e9rieur. Ce th\u00e8me est parfait pour pr\u00e9senter votre travail, attirer de nouveaux clients et \u00e9tablir une impressionnante pr\u00e9sence en ligne. Arkhitekton est magnifiquement con\u00e7u avec un look propre et \u00e9l\u00e9gant qui met en \u00e9vidence vos projets sous la meilleure lumi\u00e8re possible. Son interface conviviale permet une personnalisation facile, fournissant un look unique et personnalis\u00e9 pour votre site Web. Le th\u00e8me est enti\u00e8rement r\u00e9actif, garantissant que votre site est magnifique sur tous les appareils. Avec Arkhitekton, vous pouvez facilement partager votre vision cr\u00e9ative et d\u00e9montrer votre expertise en architecture et en design d&rsquo;int\u00e9rieur. Il est temps de faire passer votre portefeuille num\u00e9rique au niveau sup\u00e9rieur avec le th\u00e8me Arkhitekton WordPress.<\/p>\n","protected":false},"featured_media":143155,"comment_status":"open","ping_status":"open","template":"","meta":[],"product_brand":[2433],"product_cat":[1242,1212,1213],"product_tag":[1366],"class_list":{"0":"post-114145","1":"product","2":"type-product","3":"status-publish","4":"has-post-thumbnail","6":"product_brand-themeforest","7":"product_cat-creatif","8":"product_cat-themes","9":"product_cat-wordpress-themes","10":"product_tag-themeforest","11":"member-discount","12":"discount-restricted","14":"first","15":"instock","16":"sale","17":"downloadable","18":"virtual","19":"sold-individually","20":"purchasable","21":"product-type-simple"},"_links":{"self":[{"href":"https:\/\/gpl-love.com\/fr\/wp-json\/wp\/v2\/product\/114145","targetHints":{"allow":["GET"]}}],"collection":[{"href":"https:\/\/gpl-love.com\/fr\/wp-json\/wp\/v2\/product"}],"about":[{"href":"https:\/\/gpl-love.com\/fr\/wp-json\/wp\/v2\/types\/product"}],"replies":[{"embeddable":true,"href":"https:\/\/gpl-love.com\/fr\/wp-json\/wp\/v2\/comments?post=114145"}],"wp:featuredmedia":[{"embeddable":true,"href":"https:\/\/gpl-love.com\/fr\/wp-json\/wp\/v2\/media\/143155"}],"wp:attachment":[{"href":"https:\/\/gpl-love.com\/fr\/wp-json\/wp\/v2\/media?parent=114145"}],"wp:term":[{"taxonomy":"product_brand","embeddable":true,"href":"https:\/\/gpl-love.com\/fr\/wp-json\/wp\/v2\/product_brand?post=114145"},{"taxonomy":"product_cat","embeddable":true,"href":"https:\/\/gpl-love.com\/fr\/wp-json\/wp\/v2\/product_cat?post=114145"},{"taxonomy":"product_tag","embeddable":true,"href":"https:\/\/gpl-love.com\/fr\/wp-json\/wp\/v2\/product_tag?post=114145"}],"curies":[{"name":"wp","href":"https:\/\/api.w.org\/{rel}","templated":true}]}}