{"id":114137,"date":"2021-04-20T00:00:00","date_gmt":"2021-04-19T22:00:00","guid":{"rendered":"http:\/\/gpl-love.com\/fr\/produit\/huza-charity-responsive-wordpress-theme\/"},"modified":"2026-03-20T23:20:01","modified_gmt":"2026-03-20T22:20:01","slug":"huza-charity-responsive-wordpress-theme","status":"publish","type":"product","link":"https:\/\/gpl-love.com\/fr\/produit\/huza-charity-responsive-wordpress-theme\/","title":{"rendered":"Huza Charity Responsive WordPress Theme 1.20"},"content":{"rendered":"<h3>Huza Charity Responsive WordPress Theme Traits<\/h3>\n<p>Le th\u00e8me WordPress r\u00e9actif de Huza Charity est un outil de cr\u00e9ation de sites Web tr\u00e8s efficace et efficace qui a \u00e9t\u00e9 sp\u00e9cialement con\u00e7u pour r\u00e9pondre aux besoins et aux exigences sp\u00e9cifiques des organisations \u00e0 but non lucratif et des institutions caritatives. Caract\u00e9ris\u00e9e par sa r\u00e9activit\u00e9 remarquable et son interface conviviale, ce th\u00e8me dynamique permet aux utilisateurs de cr\u00e9er sans effort des sites Web visuellement attrayants et professionnels qui sont parfaitement optimis\u00e9s pour un \u00e9ventail d&rsquo;appareils, y compris des ordinateurs de bureau, des tablettes et des t\u00e9l\u00e9phones mobiles. B\u00e9n\u00e9ficiant d&rsquo;un r\u00e9pertoire impressionnant de fonctionnalit\u00e9s, notamment la disposition des dispositions personnalisables, des formulaires de don int\u00e9gr\u00e9s et des outils de gestion d&rsquo;\u00e9v\u00e9nements, ce th\u00e8me facilite la pr\u00e9sentation transparente et transparente des \u00e9v\u00e9nements, des causes et des campagnes des organisations. De plus, il convient de noter que ce th\u00e8me est \u00e9galement \u00e9quip\u00e9 de capacit\u00e9s d&rsquo;optimisation des moteurs de recherche, garantissant ainsi que votre site Web garantira un classement favorable dans les r\u00e9sultats des moteurs de recherche. En r\u00e9sum\u00e9, le th\u00e8me WordPress r\u00e9actif de Huza Charity est sans \u00e9quivoque comme un choix exemplaire pour toute organisation \u00e0 but non lucratif cherchant \u00e0 forger une formidable pr\u00e9sence en ligne et \u00e0 \u00e9tablir des liens significatifs avec des donateurs et des supporters potentiels.<\/p>\n<ul>\n<li>Le th\u00e8me WordPress r\u00e9actif de Huza Charity est un th\u00e8me \u00e9tonnant et moderne sp\u00e9cialement con\u00e7u pour les organisations caritatives et \u00e0 but non lucratif.<\/li>\n<li>Le th\u00e8me est enti\u00e8rement r\u00e9actif, garantissant que votre site est superbe sur tous les appareils, y compris le bureau, la tablette et le mobile.<\/li>\n<li>Avec Huza Charity, vous aurez acc\u00e8s \u00e0 une gamme de mod\u00e8les de pages pr\u00e9-con\u00e7us qui facilitent la cr\u00e9ation d&rsquo;un site Web professionnel rapidement.<\/li>\n<li>Le th\u00e8me comprend plusieurs dispositions d&rsquo;en-t\u00eate, de pied de page et de blog, vous offrant de nombreuses options pour personnaliser l&rsquo;apparence et la sensation de votre site.<\/li>\n<li>Un panneau d&rsquo;options de th\u00e8me puissant vous permet de personnaliser facilement tous les aspects de votre site, y compris les couleurs, les polices, les logos, etc.<\/li>\n<li>Compatible avec WordPress -X et WooCommerce -X, le th\u00e8me facilite la cr\u00e9ation d&rsquo;une boutique en ligne et commence \u00e0 accepter des dons.<\/li>\n<li>Huza Charity est livr\u00e9 avec une gamme de widgets personnalis\u00e9s, y compris des widgets de don, des calendriers d&rsquo;\u00e9v\u00e9nements et des flux de m\u00e9dias sociaux, afin que vous puissiez facilement ajouter des informations importantes \u00e0 votre site.<\/li>\n<li>Le th\u00e8me est construit avec le r\u00e9f\u00e9rencement \u00e0 l&rsquo;esprit, garantissant que votre site se classe bien dans les moteurs de recherche et obtient la visibilit\u00e9 qu&rsquo;elle m\u00e9rite.<\/li>\n<li>Huza Charity est enti\u00e8rement traduisible, ce qui facilite la cr\u00e9ation d&rsquo;un site multilingue qui atteint un public plus large.<\/li>\n<li>Le th\u00e8me est soutenu par une \u00e9quipe de soutien d\u00e9di\u00e9e, vous donnant la tranquillit\u00e9 d&rsquo;esprit en sachant que l&rsquo;aide n&rsquo;est qu&rsquo;un clic.<\/li>\n<\/ul>\n","protected":false},"excerpt":{"rendered":"<p>Le th\u00e8me WordPress r\u00e9actif de Huza Charity, qui a \u00e9t\u00e9 m\u00e9ticuleusement con\u00e7u pour s&rsquo;adresser sp\u00e9cifiquement aux organisations et organismes de bienfaisance \u00e0 but non lucratif, est un th\u00e8me tr\u00e8s polyvalent et riche en fonctionnalit\u00e9s. B\u00e9n\u00e9ficiant d&rsquo;une disposition contemporaine et sophistiqu\u00e9e, ce th\u00e8me garantit que votre site Web sera visuellement attrayant sur tous les appareils en raison de sa conception enti\u00e8rement r\u00e9active. Ce qui distingue ce th\u00e8me, c&rsquo;est sa vaste gamme d&rsquo;options personnalisables, qui incluent un panneau d&rsquo;options de th\u00e8me avanc\u00e9, des pages et des widgets pr\u00e9d\u00e9finis, ainsi qu&rsquo;une multitude de styles d&rsquo;en-t\u00eate et de pied de page. Avec le th\u00e8me WordPress sensible \u00e0 Huza Charity, vous pouvez pr\u00e9senter efficacement la mission et les objectifs de votre organisation, mettre l&rsquo;accent sur vos \u00e9v\u00e9nements, collecter sans effort les dons et engager activement votre public. Ses fonctionnalit\u00e9s conviviales en font un choix exceptionnel pour toute organisation ou organisme de bienfaisance \u00e0 but non lucratif qui souhaite \u00e9tablir une pr\u00e9sence en ligne commandante.<\/p>\n","protected":false},"featured_media":144210,"comment_status":"open","ping_status":"open","template":"","meta":[],"product_brand":[2433],"product_cat":[1242,1212,1213],"product_tag":[1366],"class_list":{"0":"post-114137","1":"product","2":"type-product","3":"status-publish","4":"has-post-thumbnail","6":"product_brand-themeforest","7":"product_cat-creatif","8":"product_cat-themes","9":"product_cat-wordpress-themes","10":"product_tag-themeforest","11":"member-discount","12":"discount-restricted","14":"first","15":"instock","16":"sale","17":"downloadable","18":"virtual","19":"sold-individually","20":"purchasable","21":"product-type-simple"},"_links":{"self":[{"href":"https:\/\/gpl-love.com\/fr\/wp-json\/wp\/v2\/product\/114137","targetHints":{"allow":["GET"]}}],"collection":[{"href":"https:\/\/gpl-love.com\/fr\/wp-json\/wp\/v2\/product"}],"about":[{"href":"https:\/\/gpl-love.com\/fr\/wp-json\/wp\/v2\/types\/product"}],"replies":[{"embeddable":true,"href":"https:\/\/gpl-love.com\/fr\/wp-json\/wp\/v2\/comments?post=114137"}],"wp:featuredmedia":[{"embeddable":true,"href":"https:\/\/gpl-love.com\/fr\/wp-json\/wp\/v2\/media\/144210"}],"wp:attachment":[{"href":"https:\/\/gpl-love.com\/fr\/wp-json\/wp\/v2\/media?parent=114137"}],"wp:term":[{"taxonomy":"product_brand","embeddable":true,"href":"https:\/\/gpl-love.com\/fr\/wp-json\/wp\/v2\/product_brand?post=114137"},{"taxonomy":"product_cat","embeddable":true,"href":"https:\/\/gpl-love.com\/fr\/wp-json\/wp\/v2\/product_cat?post=114137"},{"taxonomy":"product_tag","embeddable":true,"href":"https:\/\/gpl-love.com\/fr\/wp-json\/wp\/v2\/product_tag?post=114137"}],"curies":[{"name":"wp","href":"https:\/\/api.w.org\/{rel}","templated":true}]}}