{"id":114135,"date":"2024-02-05T00:00:00","date_gmt":"2024-02-04T23:00:00","guid":{"rendered":"http:\/\/gpl-love.com\/fr\/produit\/studylms-education-lms-et-courses-wordpress-theme\/"},"modified":"2026-04-10T18:41:21","modified_gmt":"2026-04-10T16:41:21","slug":"studylms-education-lms-et-courses-wordpress-theme","status":"publish","type":"product","link":"https:\/\/gpl-love.com\/fr\/produit\/studylms-education-lms-et-courses-wordpress-theme\/","title":{"rendered":"Studylms Education LMS et Courses WordPress Theme 1.29"},"content":{"rendered":"<h3>Studylms Education LMS et Courses WordPress Theme Traits<\/h3>\n<p>Studylms Education LMS et cours WordPress Th\u00e8me, un outil tr\u00e8s robuste, sert de moyen puissant pour la cr\u00e9ation et la gestion des plateformes \u00e9ducatives en ligne. Dans ce th\u00e8me, on peut trouver une abondance de fonctionnalit\u00e9s remarquables, y compris la cr\u00e9ation de cours, la gestion des \u00e9tudiants et les travaux de cours. Avec sa navigation accessible sans effort et son interface conviviale, Studylms Education LMS et cours WordPress Theme permet sans effort les individus de tous horizons d&rsquo;\u00e9tablir parfaitement un environnement d&rsquo;apprentissage en ligne de qualit\u00e9 professionnelle. De plus, ce th\u00e8me offre une gamme diversifi\u00e9e d&rsquo;options de personnalisation, offrant aux utilisateurs la libert\u00e9 d&rsquo;adapter l&rsquo;esth\u00e9tique visuelle et l&rsquo;ambiance globale de leur plate-forme en ligne pour s&rsquo;aligner sur leurs exigences sp\u00e9cifiques. Que son r\u00f4le assume la position d&rsquo;un enseignant ou d&rsquo;un administrateur, il est ind\u00e9niable que l&rsquo;\u00e9ducation de l&rsquo;\u00e9ducation LMS et les cours WordPress th\u00e8me reste un choix exceptionnel pour ceux qui cherchent avec ferveur \u00e0 cultiver une communaut\u00e9 d&rsquo;apprentissage en ligne prosp\u00e8re.<\/p>\n<ul>\n<li>Un syst\u00e8me complet de gestion de l&rsquo;apprentissage (LMS) pour les \u00e9tablissements d&rsquo;enseignement et les prestataires de cours en ligne<\/li>\n<li>Construit sur la plate-forme WordPress flexible et puissante, permettant une personnalisation et une int\u00e9gration faciles avec d&rsquo;autres outils<\/li>\n<li>Comprend une gamme de mod\u00e8les de cours pr\u00e9d\u00e9finis, ce qui rend simple \u00e0 commencer par la cr\u00e9ation d&rsquo;exp\u00e9riences d&rsquo;apprentissage engageantes et interactives<\/li>\n<li>Outils de cr\u00e9ation de cours intuitifs, avec la possibilit\u00e9 d&rsquo;ajouter du contenu multim\u00e9dia, des quiz, des \u00e9valuations et plus<\/li>\n<li>Prend en charge une gamme de formats de cours, y compris des cours vid\u00e9o, des cours de texte et des tutoriels interactifs<\/li>\n<li>Offre des fonctionnalit\u00e9s de gestion des \u00e9tudiants robustes, y compris la possibilit\u00e9 de suivre les progr\u00e8s, de g\u00e9rer les missions et de fournir des commentaires et un classement<\/li>\n<li>Livr\u00e9 avec une gamme d&rsquo;outils de communication int\u00e9gr\u00e9s, permettant aux \u00e9ducateurs d&rsquo;interagir avec les \u00e9l\u00e8ves et les parents dans un environnement en ligne s\u00e9curis\u00e9<\/li>\n<li>Conception enti\u00e8rement r\u00e9active, garantir que tous les cours et mat\u00e9riaux sont accessibles et conviviaux sur diff\u00e9rents appareils et tailles d&rsquo;\u00e9cran<\/li>\n<li>Int\u00e9gration facile des paiements, permettant un traitement de paiement s\u00e9curis\u00e9 et sans tracas pour l&rsquo;enregistrement des cours et l&rsquo;inscription<\/li>\n<li>Documentation compl\u00e8te et support client pour assurer une mise en \u0153uvre et une utilisation en douceur et une utilisation du th\u00e8me WordPress de l&rsquo;\u00e9ducation Studylms LMS et des cours.<\/li>\n<\/ul>\n","protected":false},"excerpt":{"rendered":"<p>Studylms Education LMS et cours Le th\u00e8me WordPress sert de solution irr\u00e9prochable aux personnes cherchant \u00e0 \u00e9tablir une plate-forme d&rsquo;\u00e9ducation en ligne. Son interface, caract\u00e9ris\u00e9e par sa nature conviviale, facilite le processus de construction et de supervision des cours, des quiz et des affectations avec la plus grande facilit\u00e9 et l&rsquo;efficacit\u00e9. De plus, ce th\u00e8me offre diverses fonctionnalit\u00e9s de pointe, telles que l&rsquo;int\u00e9gration transparente des syst\u00e8mes de paiement en ligne et le suivi complet des progr\u00e8s des \u00e9tudiants. Peu importe si l&rsquo;on vise \u00e0 construire un environnement de classe virtuel pour leurs \u00e9tudiants ou \u00e0 \u00e9largir la port\u00e9e de leurs cours \u00e9ducatifs \u00e0 un groupe d\u00e9mographique plus large, optant pour des \u00e9tudes qui ouvrent sans aucun doute la voie \u00e0 la transformation des aspirations \u00e9ducatives en r\u00e9alit\u00e9s tangibles.<\/p>\n","protected":false},"featured_media":145394,"comment_status":"open","ping_status":"open","template":"","meta":[],"product_brand":[2433],"product_cat":[1242,1212,1213],"product_tag":[1366],"class_list":{"0":"post-114135","1":"product","2":"type-product","3":"status-publish","4":"has-post-thumbnail","6":"product_brand-themeforest","7":"product_cat-creatif","8":"product_cat-themes","9":"product_cat-wordpress-themes","10":"product_tag-themeforest","11":"member-discount","12":"discount-restricted","14":"first","15":"instock","16":"sale","17":"downloadable","18":"virtual","19":"sold-individually","20":"purchasable","21":"product-type-simple"},"_links":{"self":[{"href":"https:\/\/gpl-love.com\/fr\/wp-json\/wp\/v2\/product\/114135","targetHints":{"allow":["GET"]}}],"collection":[{"href":"https:\/\/gpl-love.com\/fr\/wp-json\/wp\/v2\/product"}],"about":[{"href":"https:\/\/gpl-love.com\/fr\/wp-json\/wp\/v2\/types\/product"}],"replies":[{"embeddable":true,"href":"https:\/\/gpl-love.com\/fr\/wp-json\/wp\/v2\/comments?post=114135"}],"wp:featuredmedia":[{"embeddable":true,"href":"https:\/\/gpl-love.com\/fr\/wp-json\/wp\/v2\/media\/145394"}],"wp:attachment":[{"href":"https:\/\/gpl-love.com\/fr\/wp-json\/wp\/v2\/media?parent=114135"}],"wp:term":[{"taxonomy":"product_brand","embeddable":true,"href":"https:\/\/gpl-love.com\/fr\/wp-json\/wp\/v2\/product_brand?post=114135"},{"taxonomy":"product_cat","embeddable":true,"href":"https:\/\/gpl-love.com\/fr\/wp-json\/wp\/v2\/product_cat?post=114135"},{"taxonomy":"product_tag","embeddable":true,"href":"https:\/\/gpl-love.com\/fr\/wp-json\/wp\/v2\/product_tag?post=114135"}],"curies":[{"name":"wp","href":"https:\/\/api.w.org\/{rel}","templated":true}]}}