{"id":114133,"date":"2023-05-17T00:00:00","date_gmt":"2023-05-16T22:00:00","guid":{"rendered":"http:\/\/gpl-love.com\/fr\/produit\/teta-technology-et-it-solutions-wordpress-theme\/"},"modified":"2026-04-10T18:42:00","modified_gmt":"2026-04-10T16:42:00","slug":"teta-technology-et-it-solutions-wordpress-theme","status":"publish","type":"product","link":"https:\/\/gpl-love.com\/fr\/produit\/teta-technology-et-it-solutions-wordpress-theme\/","title":{"rendered":"Tanda Technology et IT Solutions WordPress Theme 2.0"},"content":{"rendered":"<h3>Tanda Technology et IT Solutions WordPress Theme Traits<\/h3>\n<p>Le th\u00e8me Tanda Technology and IT Solutions WordPress se pr\u00e9sente comme un outil id\u00e9al pour faciliter la cr\u00e9ation d&rsquo;un site Web professionnel et visuellement captivant sp\u00e9cifiquement pour la technologie et les entreprises informatiques. Avec son design \u00e9l\u00e9gant et moderne, ce th\u00e8me propose une interface hautement personnalisable qui peut \u00eatre facilement navigu\u00e9e par les d\u00e9veloppeurs et les non-d\u00e9veloppeurs. Notamment, il est \u00e9quip\u00e9 d&rsquo;un large \u00e9ventail de mod\u00e8les de page pr\u00e9d\u00e9finis, d&rsquo;un constructeur de glisser-d\u00e9poser pratique et d&rsquo;une prise en charge compl\u00e8te de plusieurs plugins, permettant aux utilisateurs de fa\u00e7onner sans effort des pages uniques et dynamiques qui sont optimis\u00e9es pour bien classer dans les moteurs de recherche de recherche de moteurs de recherche r\u00e9sultats. Il convient de souligner que le th\u00e8me Tanda poss\u00e8de une r\u00e9activit\u00e9 compl\u00e8te, garantissant qu&rsquo;il reste accessible et convivial, quel que soit le dispositif \u00e0 partir duquel il est accessible. Tout bien consid\u00e9r\u00e9, la technologie Tanda et le th\u00e8me WordPress Solutions se pr\u00e9sente ind\u00e9niablement comme un choix exceptionnellement polyvalent et fiable pour les personnes cherchant \u00e0 cr\u00e9er un site Web extraordinaire pour leur technologie ou leur entreprise informatique.<\/p>\n<ul>\n<li>Design enti\u00e8rement r\u00e9actif et convivial<\/li>\n<li>Disposition propre et moderne avec des couleurs et des polices personnalisables<\/li>\n<li>Construit avec Bootstrap Framework pour une personnalisation et une flexibilit\u00e9 faciles<\/li>\n<li>5 dispositions de page d&rsquo;accueil pr\u00e9-construites au choix<\/li>\n<li>Options de l&rsquo;en-t\u00eate et de pied de page flexibles<\/li>\n<li>Panneau d&rsquo;options de th\u00e8me avanc\u00e9 pour une personnalisation facile<\/li>\n<li>Int\u00e9gr\u00e9 avec des plugins WordPress populaires tels que WooCommerce et Formulaire de contact 7<\/li>\n<li>Options de mise en page de portfolio, blog et page de tarification multiples<\/li>\n<li>Code de r\u00e9f\u00e9rencement pour un meilleur classement des moteurs de recherche<\/li>\n<li>Fonction d&rsquo;importation de d\u00e9monstration en un clic pour configurer rapidement votre site Web<\/li>\n<li>Excellent support client et documentation.<\/li>\n<\/ul>\n","protected":false},"excerpt":{"rendered":"<p>Le th\u00e8me WordPress de la technologie Tanda et des solutions informatiques poss\u00e8de un design \u00e9l\u00e9gant et contemporain sp\u00e9cialement con\u00e7u pour r\u00e9pondre aux entreprises op\u00e9rant dans les secteurs de la technologie et informatique. Ce th\u00e8me excelle dans la fourniture d&rsquo;une disposition immacul\u00e9e, des graphiques captivants et des fonctionnalit\u00e9s de pointe, garantissant ainsi une exp\u00e9rience utilisateur supr\u00eame et une adaptabilit\u00e9 in\u00e9gal\u00e9e. Que votre intention soit de pr\u00e9senter votre marque, de conduire des promotions pour vos produits ou services, ou d&rsquo;\u00e9tablir une plate-forme de commerce \u00e9lectronique, ce th\u00e8me vous accorde la libert\u00e9 de personnaliser votre site Web conform\u00e9ment \u00e0 vos exigences uniques. B\u00e9n\u00e9ficiant d&rsquo;une interface conviviale et d&rsquo;une conception enti\u00e8rement r\u00e9active, le th\u00e8me Tanda Technology and IT Solutions WordPress appara\u00eet comme une solution id\u00e9ale pour augmenter votre pr\u00e9sence en ligne.<\/p>\n","protected":false},"featured_media":145448,"comment_status":"open","ping_status":"open","template":"","meta":[],"product_brand":[2433],"product_cat":[1516,1212,1213],"product_tag":[1366],"class_list":{"0":"post-114133","1":"product","2":"type-product","3":"status-publish","4":"has-post-thumbnail","6":"product_brand-themeforest","7":"product_cat-entreprise","8":"product_cat-themes","9":"product_cat-wordpress-themes","10":"product_tag-themeforest","11":"member-discount","12":"discount-restricted","14":"first","15":"instock","16":"sale","17":"downloadable","18":"virtual","19":"sold-individually","20":"purchasable","21":"product-type-simple"},"_links":{"self":[{"href":"https:\/\/gpl-love.com\/fr\/wp-json\/wp\/v2\/product\/114133","targetHints":{"allow":["GET"]}}],"collection":[{"href":"https:\/\/gpl-love.com\/fr\/wp-json\/wp\/v2\/product"}],"about":[{"href":"https:\/\/gpl-love.com\/fr\/wp-json\/wp\/v2\/types\/product"}],"replies":[{"embeddable":true,"href":"https:\/\/gpl-love.com\/fr\/wp-json\/wp\/v2\/comments?post=114133"}],"wp:featuredmedia":[{"embeddable":true,"href":"https:\/\/gpl-love.com\/fr\/wp-json\/wp\/v2\/media\/145448"}],"wp:attachment":[{"href":"https:\/\/gpl-love.com\/fr\/wp-json\/wp\/v2\/media?parent=114133"}],"wp:term":[{"taxonomy":"product_brand","embeddable":true,"href":"https:\/\/gpl-love.com\/fr\/wp-json\/wp\/v2\/product_brand?post=114133"},{"taxonomy":"product_cat","embeddable":true,"href":"https:\/\/gpl-love.com\/fr\/wp-json\/wp\/v2\/product_cat?post=114133"},{"taxonomy":"product_tag","embeddable":true,"href":"https:\/\/gpl-love.com\/fr\/wp-json\/wp\/v2\/product_tag?post=114133"}],"curies":[{"name":"wp","href":"https:\/\/api.w.org\/{rel}","templated":true}]}}