{"id":114131,"date":"2021-04-20T00:00:00","date_gmt":"2021-04-19T22:00:00","guid":{"rendered":"http:\/\/gpl-love.com\/fr\/produit\/prolisting-directory-listing-wordpress-theme\/"},"modified":"2026-04-10T18:37:15","modified_gmt":"2026-04-10T16:37:15","slug":"prolisting-directory-listing-wordpress-theme","status":"publish","type":"product","link":"https:\/\/gpl-love.com\/fr\/produit\/prolisting-directory-listing-wordpress-theme\/","title":{"rendered":"Prolisting Directory Listing WordPress Theme 1.31"},"content":{"rendered":"<h3>Prolisting Directory Listing WordPress Theme Traits<\/h3>\n<p>Le th\u00e8me WordPress de r\u00e9pertoire prolistant se pr\u00e9sente comme un outil impressionnant et formidable, d\u00e9bordant de capacit\u00e9s, dans le but de fabriquer des sites Web d&rsquo;annuaire professionnel et poli. Cette interface conviviale permet aux individus d&rsquo;\u00e9tablir et de superviser rapidement et efficacement leurs listes, tout en b\u00e9n\u00e9ficiant d&rsquo;une pl\u00e9thore de fonctionnalit\u00e9s remarquables telles que des cartes, des images et des informations sur les prix. De plus, ce th\u00e8me poss\u00e8de une fonctionnalit\u00e9 de recherche avanc\u00e9e, simplifiant ainsi le processus de localisation des informations souhait\u00e9es. De plus, la conception r\u00e9active du th\u00e8me prolistant garantit que votre site Web sera facilement accessible sur une gamme diversifi\u00e9e d&rsquo;appareils. De plus, sa disposition personnalisable et ses \u00e9tendues options de couleurs vous accordent la libert\u00e9 de fa\u00e7onner une identit\u00e9 visuelle vraiment distinctive pour votre site. Que vous construisiez un r\u00e9pertoire pour les entreprises immobili\u00e8res, les h\u00f4tels ou toute autre forme d&rsquo;entreprise, le r\u00e9pertoire prolistant r\u00e9pertoriant le th\u00e8me WordPress \u00e9merge ind\u00e9niablement comme la solution par excellence, la restauration de toutes vos exigences et aspirations.<\/p>\n<ul>\n<li>Th\u00e8me WordPress con\u00e7u par des professionnels pour les listes de r\u00e9pertoires<\/li>\n<li>Conception enti\u00e8rement r\u00e9active et personnalisable<\/li>\n<li>Comprend plusieurs zones de widget et widgets personnalis\u00e9s<\/li>\n<li>SEO optimis\u00e9 pour un meilleur classement des moteurs de recherche<\/li>\n<li>Prend en charge les soumissions des utilisateurs et les listes payantes<\/li>\n<li>Syst\u00e8me de r\u00e9vision et de notation int\u00e9gr\u00e9<\/li>\n<li>Int\u00e9gr\u00e9 \u00e0 Google Maps pour les recherches bas\u00e9es sur la localisation<\/li>\n<li>Compatible avec plusieurs passerelles de paiement pour des transactions faciles<\/li>\n<li>Tableau de bord facile \u00e0 utiliser pour g\u00e9rer les listes et les utilisateurs<\/li>\n<li>R\u00e9guli\u00e8rement mis \u00e0 jour avec de nouvelles fonctionnalit\u00e9s et corrections de bogues.<\/li>\n<\/ul>\n","protected":false},"excerpt":{"rendered":"<p>Le th\u00e8me WordPress r\u00e9pertori\u00e9 prolistant est un th\u00e8me tr\u00e8s robuste et convivial qui a \u00e9t\u00e9 sp\u00e9cifiquement d\u00e9velopp\u00e9 pour faciliter la cr\u00e9ation de sites Web d&rsquo;annuaire. Ce th\u00e8me poss\u00e8de un large \u00e9ventail de fonctionnalit\u00e9s personnalisables qui permettent une personnalisation approfondie, telle que l&rsquo;inclusion de plusieurs options de soumission de liste, la possibilit\u00e9 d&rsquo;incorporer des champs personnalis\u00e9s et la fourniture de fonctionnalit\u00e9s de recherche avanc\u00e9es. De plus, sa conception contemporaine et sa mise en page adaptative contribuent \u00e0 la cr\u00e9ation de listes de r\u00e9pertoires visuellement attrayantes qui sont accessibles sans effort pour vos utilisateurs. Que vous vous lanciez dans le d\u00e9veloppement d&rsquo;un r\u00e9pertoire d&rsquo;entreprise, d&rsquo;un conseil d&rsquo;administration ou d&rsquo;un site d&rsquo;inscription immobili\u00e8re, la prolistation est la solution compl\u00e8te qui englobe tous les composants n\u00e9cessaires pour lancer avec succ\u00e8s votre plate-forme en ligne.<\/p>\n","protected":false},"featured_media":145037,"comment_status":"open","ping_status":"open","template":"","meta":[],"product_brand":[2433],"product_cat":[1242,1212,1213],"product_tag":[1366],"class_list":{"0":"post-114131","1":"product","2":"type-product","3":"status-publish","4":"has-post-thumbnail","6":"product_brand-themeforest","7":"product_cat-creatif","8":"product_cat-themes","9":"product_cat-wordpress-themes","10":"product_tag-themeforest","11":"member-discount","12":"discount-restricted","14":"first","15":"instock","16":"sale","17":"downloadable","18":"virtual","19":"sold-individually","20":"purchasable","21":"product-type-simple"},"_links":{"self":[{"href":"https:\/\/gpl-love.com\/fr\/wp-json\/wp\/v2\/product\/114131","targetHints":{"allow":["GET"]}}],"collection":[{"href":"https:\/\/gpl-love.com\/fr\/wp-json\/wp\/v2\/product"}],"about":[{"href":"https:\/\/gpl-love.com\/fr\/wp-json\/wp\/v2\/types\/product"}],"replies":[{"embeddable":true,"href":"https:\/\/gpl-love.com\/fr\/wp-json\/wp\/v2\/comments?post=114131"}],"wp:featuredmedia":[{"embeddable":true,"href":"https:\/\/gpl-love.com\/fr\/wp-json\/wp\/v2\/media\/145037"}],"wp:attachment":[{"href":"https:\/\/gpl-love.com\/fr\/wp-json\/wp\/v2\/media?parent=114131"}],"wp:term":[{"taxonomy":"product_brand","embeddable":true,"href":"https:\/\/gpl-love.com\/fr\/wp-json\/wp\/v2\/product_brand?post=114131"},{"taxonomy":"product_cat","embeddable":true,"href":"https:\/\/gpl-love.com\/fr\/wp-json\/wp\/v2\/product_cat?post=114131"},{"taxonomy":"product_tag","embeddable":true,"href":"https:\/\/gpl-love.com\/fr\/wp-json\/wp\/v2\/product_tag?post=114131"}],"curies":[{"name":"wp","href":"https:\/\/api.w.org\/{rel}","templated":true}]}}