{"id":114129,"date":"2024-02-05T00:00:00","date_gmt":"2024-02-04T23:00:00","guid":{"rendered":"http:\/\/gpl-love.com\/fr\/produit\/kossy-minimalist-ecommerce-wordpress-theme\/"},"modified":"2026-03-20T23:21:43","modified_gmt":"2026-03-20T22:21:43","slug":"kossy-minimalist-ecommerce-wordpress-theme","status":"publish","type":"product","link":"https:\/\/gpl-love.com\/fr\/produit\/kossy-minimalist-ecommerce-wordpress-theme\/","title":{"rendered":"Kossy Minimalist eCommerce WordPress Theme 1.33"},"content":{"rendered":"<h3>Kossy Minimalist eCommerce WordPress Theme Traits<\/h3>\n<p>Le th\u00e8me WordPress de commerce \u00e9lectronique minimaliste Kossy se pr\u00e9sente comme un mod\u00e8le de site Web de pointe et sophistiqu\u00e9, ciblant exclusivement les entreprises de commerce \u00e9lectronique. Ce mod\u00e8le particulier excelle dans l&rsquo;affichage de votre marchandise avec sa conception minimaliste et poli. L&rsquo;interface, qui est remarquablement conviviale, facilite la navigation sans effort et fournit une rencontre d&rsquo;achat sans couture pour votre client\u00e8le estim\u00e9e. De plus, ce mod\u00e8le poss\u00e8de une r\u00e9activit\u00e9 compl\u00e8te, garantissant ainsi une exp\u00e9rience visuelle impeccable sur tous les appareils num\u00e9riques. De plus, la multitude d&rsquo;options de personnalisation disponibles vous permet de fa\u00e7onner votre site Web pour refl\u00e9ter votre identit\u00e9 de marque distinctive. En substance, le th\u00e8me WordPress de commerce \u00e9lectronique minimaliste Kossy est la solution ultime pour les entreprises qui cherchent \u00e0 \u00e9tablir et \u00e0 am\u00e9liorer leur pr\u00e9sence en ligne, augmentant finalement leurs chiffres de vente.<\/p>\n<ul>\n<li>Design propre et moderne qui correspond \u00e0 n&rsquo;importe quelle industrie<\/li>\n<li>Typographie personnalisable et options de couleurs<\/li>\n<li>Enti\u00e8rement r\u00e9actif et convivial<\/li>\n<li>Support WooCommerce int\u00e9gr\u00e9 pour les ventes en ligne faciles<\/li>\n<li>Importation de d\u00e9monstration en un clic pour vous aider \u00e0 d\u00e9marrer rapidement<\/li>\n<li>SEO optimis\u00e9 pour un meilleur classement des moteurs de recherche<\/li>\n<li>Variations de page d&rsquo;accueil multiples et d&rsquo;en-t\u00eate<\/li>\n<li>Temps de chargement de page rapide pour une meilleure exp\u00e9rience utilisateur<\/li>\n<li>Compatibilit\u00e9 entre les navigateurs pour une visualisation transparente sur tous les appareils<\/li>\n<li>Interface intuitive et conviviale pour une personnalisation facile<\/li>\n<li>\u00c9quipe de support client d\u00e9di\u00e9e pr\u00eate \u00e0 r\u00e9pondre \u00e0 toutes les questions.<\/li>\n<\/ul>\n","protected":false},"excerpt":{"rendered":"<p>Kossy, un th\u00e8me WordPress exquis et \u00e0 la mode, a \u00e9t\u00e9 m\u00e9ticuleusement con\u00e7u dans le but de s&rsquo;adresser \u00e0 des magasins en ligne minimalistes. Ce th\u00e8me poss\u00e8de un design remarquablement contemporain et \u00e9pur\u00e9, accentuant effectivement l&rsquo;importance de vos produits et facilitant l&rsquo;\u00e9tablissement d&rsquo;une exp\u00e9rience d&rsquo;achat conviviale pour votre client\u00e8le estim\u00e9e. Remarquablement adaptable, Kossy est pleinement r\u00e9actif et englobe une pl\u00e9thore d&rsquo;alternatives de personnalisation, englobant diverses dispositions et sch\u00e9mas de couleurs. De plus, Kossy garantit une convivialit\u00e9 transparente et une personnalisation sans effort, ce qui en fait une option exceptionnelle pour les novices et les utilisateurs chevronn\u00e9s. Que votre entreprise tourne autour de la vente de la mode, des bijoux ou de toute autre cat\u00e9gorie de produits, Kossy \u00e9merge sans effort comme le th\u00e8me par excellence de votre boutique en ligne estim\u00e9e.<\/p>\n","protected":false},"featured_media":144324,"comment_status":"open","ping_status":"open","template":"","meta":[],"product_brand":[2433],"product_cat":[1238,1851,1212],"product_tag":[1366],"class_list":{"0":"post-114129","1":"product","2":"type-product","3":"status-publish","4":"has-post-thumbnail","6":"product_brand-themeforest","7":"product_cat-commerce-electronique-themes","8":"product_cat-entreprise-commerce-electronique-themes","9":"product_cat-themes","10":"product_tag-themeforest","11":"member-discount","12":"discount-restricted","14":"first","15":"instock","16":"sale","17":"downloadable","18":"virtual","19":"sold-individually","20":"purchasable","21":"product-type-simple"},"_links":{"self":[{"href":"https:\/\/gpl-love.com\/fr\/wp-json\/wp\/v2\/product\/114129","targetHints":{"allow":["GET"]}}],"collection":[{"href":"https:\/\/gpl-love.com\/fr\/wp-json\/wp\/v2\/product"}],"about":[{"href":"https:\/\/gpl-love.com\/fr\/wp-json\/wp\/v2\/types\/product"}],"replies":[{"embeddable":true,"href":"https:\/\/gpl-love.com\/fr\/wp-json\/wp\/v2\/comments?post=114129"}],"wp:featuredmedia":[{"embeddable":true,"href":"https:\/\/gpl-love.com\/fr\/wp-json\/wp\/v2\/media\/144324"}],"wp:attachment":[{"href":"https:\/\/gpl-love.com\/fr\/wp-json\/wp\/v2\/media?parent=114129"}],"wp:term":[{"taxonomy":"product_brand","embeddable":true,"href":"https:\/\/gpl-love.com\/fr\/wp-json\/wp\/v2\/product_brand?post=114129"},{"taxonomy":"product_cat","embeddable":true,"href":"https:\/\/gpl-love.com\/fr\/wp-json\/wp\/v2\/product_cat?post=114129"},{"taxonomy":"product_tag","embeddable":true,"href":"https:\/\/gpl-love.com\/fr\/wp-json\/wp\/v2\/product_tag?post=114129"}],"curies":[{"name":"wp","href":"https:\/\/api.w.org\/{rel}","templated":true}]}}