{"id":114127,"date":"2021-04-20T00:00:00","date_gmt":"2021-04-19T22:00:00","guid":{"rendered":"http:\/\/gpl-love.com\/fr\/produit\/life-boxed-portfolio-wordpress-theme\/"},"modified":"2026-03-20T23:22:25","modified_gmt":"2026-03-20T22:22:25","slug":"life-boxed-portfolio-wordpress-theme","status":"publish","type":"product","link":"https:\/\/gpl-love.com\/fr\/produit\/life-boxed-portfolio-wordpress-theme\/","title":{"rendered":"Life Boxed Portfolio WordPress Theme 1.1.7"},"content":{"rendered":"<h3>Life Boxed Portfolio WordPress Theme Traits<\/h3>\n<p>Le th\u00e8me WordPress du portefeuille Boxed Life se pr\u00e9sente comme une solution id\u00e9ale et compl\u00e8te pour afficher efficacement son travail d&rsquo;une mani\u00e8re \u00e0 la fois professionnelle et \u00e9l\u00e9gante. Ce th\u00e8me poss\u00e8de un \u00e9ventail impressionnant de fonctionnalit\u00e9s, soigneusement organis\u00e9e pour permettre la cr\u00e9ation d&rsquo;un site Web visuellement frappant et enti\u00e8rement r\u00e9actif. En cons\u00e9quence, les visiteurs n&rsquo;auront aucune difficult\u00e9 \u00e0 acc\u00e9der \u00e0 votre portefeuille depuis n&rsquo;importe quel appareil. Le design du th\u00e8me est \u00e0 la fois \u00e9l\u00e9gant et contemporain, garantissant qu&rsquo;il capture sans effort l&rsquo;attention de son public. De plus, la flexibilit\u00e9 du th\u00e8me est sans pr\u00e9c\u00e9dent, vous offrant la possibilit\u00e9 de la personnaliser dans le d\u00e9sir de votre c\u0153ur. Que vous vous identifiiez en tant que photographe, artiste ou graphiste, le th\u00e8me WordPress du portefeuille en bo\u00eete Life est sans aucun doute un choix exceptionnel pour \u00e9tablir et promouvoir votre pr\u00e9sence en ligne, vous permettant de pr\u00e9senter fi\u00e8rement vos talents uniques au monde.<\/p>\n<ul>\n<li>Th\u00e8me WordPress de portefeuille \u00e9l\u00e9gant et professionnel qui pr\u00e9sente \u00e0 merveille votre travail<\/li>\n<li>La conception enti\u00e8rement r\u00e9active garantit que votre portefeuille a fi\u00e8re allure sur tous les appareils<\/li>\n<li>Comprend plusieurs mises en page et styles de portefeuille \u00e0 choisir, vous donnant un contr\u00f4le complet sur l&rsquo;apparence de votre site<\/li>\n<li>Des options de personnalisation simples et intuitives vous permettent de personnaliser facilement votre site<\/li>\n<li>Livr\u00e9 avec une vari\u00e9t\u00e9 de widgets et de codes de short int\u00e9gr\u00e9s, y compris des formulaires de contact, des ic\u00f4nes de m\u00e9dias sociaux et des t\u00e9moignages, pour ajouter encore plus de fonctionnalit\u00e9s \u00e0 votre site<\/li>\n<li>\u00c9quip\u00e9 d&rsquo;un code HTML, CSS et PHP valide et clairement structur\u00e9 pour vous assurer que votre site Web fonctionne bien et est optimis\u00e9 pour les moteurs de recherche<\/li>\n<li>Compatible avec les plugins WordPress populaires, vous permettant d&rsquo;ajouter encore plus de fonctionnalit\u00e9s \u00e0 votre site selon les besoins<\/li>\n<li>La documentation compl\u00e8te et le support client fiable facilitent la d\u00e9marrage et la gestion de votre site en toute confiance<\/li>\n<li>Les mises \u00e0 jour r\u00e9guli\u00e8res garantissent que votre site reste \u00e0 jour et s\u00e9curis\u00e9, et que de nouvelles fonctionnalit\u00e9s et fonctionnalit\u00e9s sont ajout\u00e9es au fil du temps.<\/li>\n<\/ul>\n","protected":false},"excerpt":{"rendered":"<p>Le th\u00e8me WordPress du portefeuille en bo\u00eete Life est un th\u00e8me WordPress exceptionnel qui a \u00e9t\u00e9 m\u00e9ticuleusement con\u00e7u dans le but de faire appel aux cr\u00e9atifs, photographes et agences qui aspirent \u00e0 pr\u00e9senter leur travail d&rsquo;une mani\u00e8re s\u00e9duisante et sophistiqu\u00e9e. B\u00e9n\u00e9ficiant d&rsquo;un design \u00e9l\u00e9gant et contemporain, le th\u00e8me WordPress du portefeuille en bo\u00eete Life est exceptionnellement bien adapt\u00e9 aux personnes cherchant \u00e0 pr\u00e9senter leurs portefeuilles, galeries, vitrines et autres sites Web comparables. Dot\u00e9 d&rsquo;une pl\u00e9thore d&rsquo;attributs personnalisables, y compris des dispositions, des polices, des couleurs et des widgets, ce th\u00e8me poss\u00e8de la capacit\u00e9 extraordinaire \u00e0 s&rsquo;adapter \u00e0 vos besoins individuels et distinctifs. Remarquablement, ce th\u00e8me a \u00e9t\u00e9 optimis\u00e9 de mani\u00e8re experte pour l&rsquo;optimisation des moteurs de recherche (SEO), garantissant ainsi que votre site Web monte \u00e0 des \u00e9chelons plus \u00e9lev\u00e9s dans les r\u00e9sultats de la recherche. De plus, le th\u00e8me WordPress du portefeuille en bo\u00eete Life est enti\u00e8rement r\u00e9actif et compatible parfaitement avec tous les principaux navigateurs, garantissant ainsi que votre site Web appara\u00eet et fonctionne parfaitement sur un \u00e9ventail diversifi\u00e9 d&rsquo;appareils. Avec l&rsquo;aide du th\u00e8me WordPress du portefeuille en bo\u00eete Life, vous aurez la capacit\u00e9 de cr\u00e9er un portefeuille visuellement frappant qui captivera sans aucun doute l&rsquo;attention d&rsquo;une client\u00e8le potentielle, facilitant finalement la croissance et l&rsquo;expansion de votre entreprise.<\/p>\n","protected":false},"featured_media":144373,"comment_status":"open","ping_status":"open","template":"","meta":[],"product_brand":[2433],"product_cat":[1214,1212,1213],"product_tag":[1366],"class_list":{"0":"post-114127","1":"product","2":"type-product","3":"status-publish","4":"has-post-thumbnail","6":"product_brand-themeforest","7":"product_cat-polyvalent","8":"product_cat-themes","9":"product_cat-wordpress-themes","10":"product_tag-themeforest","11":"member-discount","12":"discount-restricted","14":"first","15":"instock","16":"sale","17":"downloadable","18":"virtual","19":"sold-individually","20":"purchasable","21":"product-type-simple"},"_links":{"self":[{"href":"https:\/\/gpl-love.com\/fr\/wp-json\/wp\/v2\/product\/114127","targetHints":{"allow":["GET"]}}],"collection":[{"href":"https:\/\/gpl-love.com\/fr\/wp-json\/wp\/v2\/product"}],"about":[{"href":"https:\/\/gpl-love.com\/fr\/wp-json\/wp\/v2\/types\/product"}],"replies":[{"embeddable":true,"href":"https:\/\/gpl-love.com\/fr\/wp-json\/wp\/v2\/comments?post=114127"}],"wp:featuredmedia":[{"embeddable":true,"href":"https:\/\/gpl-love.com\/fr\/wp-json\/wp\/v2\/media\/144373"}],"wp:attachment":[{"href":"https:\/\/gpl-love.com\/fr\/wp-json\/wp\/v2\/media?parent=114127"}],"wp:term":[{"taxonomy":"product_brand","embeddable":true,"href":"https:\/\/gpl-love.com\/fr\/wp-json\/wp\/v2\/product_brand?post=114127"},{"taxonomy":"product_cat","embeddable":true,"href":"https:\/\/gpl-love.com\/fr\/wp-json\/wp\/v2\/product_cat?post=114127"},{"taxonomy":"product_tag","embeddable":true,"href":"https:\/\/gpl-love.com\/fr\/wp-json\/wp\/v2\/product_tag?post=114127"}],"curies":[{"name":"wp","href":"https:\/\/api.w.org\/{rel}","templated":true}]}}