{"id":114125,"date":"2021-10-20T00:00:00","date_gmt":"2021-10-19T22:00:00","guid":{"rendered":"http:\/\/gpl-love.com\/fr\/produit\/curly-a-stylish-theme-pour-hairdressers-et-hair-salons\/"},"modified":"2026-03-20T23:00:14","modified_gmt":"2026-03-20T22:00:14","slug":"curly-a-stylish-theme-pour-hairdressers-et-hair-salons","status":"publish","type":"product","link":"https:\/\/gpl-love.com\/fr\/produit\/curly-a-stylish-theme-pour-hairdressers-et-hair-salons\/","title":{"rendered":"Curly A Stylish Th\u00e8me pour Hairdressers et Hair Salons 2.6"},"content":{"rendered":"<h3>Curly A Stylish Th\u00e8me pour Hairdressers et Hair Salons Traits<\/h3>\n<p>Curly Un th\u00e8me \u00e9l\u00e9gant se pr\u00e9sente comme le choix ultime pour les coiffeurs et les salons de coiffure qui cherchent \u00e0 \u00e9tablir une forte pr\u00e9sence en ligne pour montrer leur large \u00e9ventail de services. Ce th\u00e8me remarquable poss\u00e8de un design de pointe et sophistiqu\u00e9, avec une pl\u00e9thore de sch\u00e9mas de couleurs personnalisables, de polices et de dispositions, tous m\u00e9ticuleusement adapt\u00e9s pour refl\u00e9ter l&rsquo;identit\u00e9 unique de votre marque. Avec son interface conviviale, la cr\u00e9ation et la gestion sans effort de votre site Web devient une exp\u00e9rience transparente. La galerie d&rsquo;images impressionnante vous permet de pr\u00e9senter votre travail exemplaire, de captiver l&rsquo;attention des clients potentiels et de les attirer vers vos services exceptionnels, tandis que l&rsquo;int\u00e9gration d&rsquo;un syst\u00e8me de r\u00e9servation rationalis\u00e9 acc\u00e9l\u00e8re le processus de planification des rendez-vous, d&rsquo;am\u00e9lioration de l&rsquo;efficacit\u00e9 et de la satisfaction des clients. De plus, Curly, un th\u00e8me \u00e9l\u00e9gant a \u00e9t\u00e9 m\u00e9ticuleusement optimis\u00e9 pour les moteurs de recherche, garantissant que votre site Web assure une visibilit\u00e9 maximale parmi un public plus large. En tirant parti des caract\u00e9ristiques remarquables de ce th\u00e8me et des fonctionnalit\u00e9s in\u00e9gal\u00e9es, vous pouvez cr\u00e9er une pr\u00e9sence en ligne extraordinairement captivante qui ne doit pas laisser une marque ind\u00e9l\u00e9bile sur votre client\u00e8le estim\u00e9e.<\/p>\n<ul>\n<li>Un th\u00e8me \u00e9l\u00e9gant et moderne con\u00e7u sp\u00e9cifiquement pour les coiffeurs et les salons de coiffure<\/li>\n<li>Options personnalisables pour les couleurs, les polices et la mise en page pour cr\u00e9er un site Web unique et personnalis\u00e9<\/li>\n<li>Conception r\u00e9active mobile pour une visualisation optimale sur tous les appareils<\/li>\n<li>Mod\u00e8les de plusieurs pages, y compris les services, les prix, les membres de l&rsquo;\u00e9quipe et le contact<\/li>\n<li>Int\u00e9gration avec des plugins de r\u00e9servation et de planification populaires pour une gestion de rendez-vous facile<\/li>\n<li>Compatibilit\u00e9 avec WooCommerce pour vendre des produits de soins capillaires et des marchandises en ligne<\/li>\n<li>Caract\u00e9ristiques d&rsquo;optimisation du r\u00e9f\u00e9rencement pour am\u00e9liorer le classement et la visibilit\u00e9 des moteurs de recherche<\/li>\n<li>Mises \u00e0 jour r\u00e9guli\u00e8res et support client pour des performances fiables et coh\u00e9rentes<\/li>\n<li>Processus d&rsquo;installation et de configuration facile, m\u00eame pour ceux qui n&rsquo;ont pas d&rsquo;exp\u00e9rience en d\u00e9veloppement Web<\/li>\n<\/ul>\n","protected":false},"excerpt":{"rendered":"<p>D\u00e9couvrez la combinaison ultime de style et de fonctionnalit\u00e9 avec Curly &#8211; un th\u00e8me \u00e9l\u00e9gant et moderne con\u00e7u exclusivement pour les coiffeurs et les salons de coiffure. Ce th\u00e8me est l&rsquo;outil parfait pour pr\u00e9senter vos services uniques et vos comp\u00e9tences professionnelles de mani\u00e8re cr\u00e9ative. Le th\u00e8me boucl\u00e9 n&rsquo;est pas seulement visuellement attrayant mais aussi convivial, assurant la visibilit\u00e9 en ligne de votre salon. Il offre une conception enti\u00e8rement r\u00e9active, s&rsquo;adaptant parfaitement \u00e0 tous les appareils. Le th\u00e8me comprend un syst\u00e8me de r\u00e9servation facile \u00e0 utiliser, permettant \u00e0 vos clients de prendre rendez-vous en ligne \u00e0 leur convenance. Il est \u00e9galement livr\u00e9 avec une fonctionnalit\u00e9 de galerie pour afficher vos derni\u00e8res coiffures et tendances. Avec ses options de personnalisation faciles, vous pouvez personnaliser votre site Web pour refl\u00e9ter la marque et le style de votre salon. Faites confiance \u00e0 Curly pour donner \u00e0 votre salon de coiffure la pr\u00e9sence en ligne qu&rsquo;elle m\u00e9rite!<\/p>\n","protected":false},"featured_media":143499,"comment_status":"open","ping_status":"open","template":"","meta":[],"product_brand":[2433],"product_cat":[1214,1212,1213],"product_tag":[1366],"class_list":{"0":"post-114125","1":"product","2":"type-product","3":"status-publish","4":"has-post-thumbnail","6":"product_brand-themeforest","7":"product_cat-polyvalent","8":"product_cat-themes","9":"product_cat-wordpress-themes","10":"product_tag-themeforest","11":"member-discount","12":"discount-restricted","14":"first","15":"instock","16":"sale","17":"downloadable","18":"virtual","19":"sold-individually","20":"purchasable","21":"product-type-simple"},"_links":{"self":[{"href":"https:\/\/gpl-love.com\/fr\/wp-json\/wp\/v2\/product\/114125","targetHints":{"allow":["GET"]}}],"collection":[{"href":"https:\/\/gpl-love.com\/fr\/wp-json\/wp\/v2\/product"}],"about":[{"href":"https:\/\/gpl-love.com\/fr\/wp-json\/wp\/v2\/types\/product"}],"replies":[{"embeddable":true,"href":"https:\/\/gpl-love.com\/fr\/wp-json\/wp\/v2\/comments?post=114125"}],"wp:featuredmedia":[{"embeddable":true,"href":"https:\/\/gpl-love.com\/fr\/wp-json\/wp\/v2\/media\/143499"}],"wp:attachment":[{"href":"https:\/\/gpl-love.com\/fr\/wp-json\/wp\/v2\/media?parent=114125"}],"wp:term":[{"taxonomy":"product_brand","embeddable":true,"href":"https:\/\/gpl-love.com\/fr\/wp-json\/wp\/v2\/product_brand?post=114125"},{"taxonomy":"product_cat","embeddable":true,"href":"https:\/\/gpl-love.com\/fr\/wp-json\/wp\/v2\/product_cat?post=114125"},{"taxonomy":"product_tag","embeddable":true,"href":"https:\/\/gpl-love.com\/fr\/wp-json\/wp\/v2\/product_tag?post=114125"}],"curies":[{"name":"wp","href":"https:\/\/api.w.org\/{rel}","templated":true}]}}