{"id":114123,"date":"2022-05-16T00:00:00","date_gmt":"2022-05-15T22:00:00","guid":{"rendered":"http:\/\/gpl-love.com\/fr\/produit\/lafka-woocommerce-theme-pour-burger-et-pizza-delivery\/"},"modified":"2026-03-20T23:21:44","modified_gmt":"2026-03-20T22:21:44","slug":"lafka-woocommerce-theme-pour-burger-et-pizza-delivery","status":"publish","type":"product","link":"https:\/\/gpl-love.com\/fr\/produit\/lafka-woocommerce-theme-pour-burger-et-pizza-delivery\/","title":{"rendered":"Lafka WooCommerce Th\u00e8me pour Burger et Pizza Delivery 4.1.2"},"content":{"rendered":"<h3>Lafka WooCommerce Th\u00e8me pour Burger et Pizza Delivery Traits<\/h3>\n<p>Le th\u00e8me Lafka WooCommerce pr\u00e9sente une option id\u00e9ale pour les entreprises sp\u00e9cialis\u00e9es dans la livraison des hamburgers et des pizzas. Avec son \u00e9ventail de fonctionnalit\u00e9s conviviales, ce th\u00e8me simplifie le processus pour que les clients parviennent des produits et passent des commandes en ligne. Notamment, le th\u00e8me poss\u00e8de un design \u00e9l\u00e9gant et contemporain, qui peut \u00eatre personnalis\u00e9 pour s&rsquo;aligner sur l&rsquo;identit\u00e9 de votre marque. Assurant la plus grande accessibilit\u00e9, le th\u00e8me Lafka WooCommerce est enti\u00e8rement r\u00e9actif, permettant aux clients d&rsquo;acc\u00e9der \u00e0 votre site Web de mani\u00e8re transparente sur divers appareils. De plus, ce th\u00e8me est optimis\u00e9 pour les moteurs de recherche, augmentant ainsi la visibilit\u00e9 de votre site Web et am\u00e9liorant son classement. Si vous cherchez une pr\u00e9sence en ligne \u00e9lev\u00e9e et des ventes qui sont amplifi\u00e9es, le th\u00e8me Lafka WooCommerce est la solution id\u00e9ale pour vous.<\/p>\n<ul>\n<li>Un th\u00e8me WordPress moderne et \u00e9l\u00e9gant con\u00e7u sp\u00e9cialement pour les services de livraison de hamburger et de pizza<\/li>\n<li>Design enti\u00e8rement r\u00e9actif qui garantit que votre site Web a fi\u00e8re allure sur n&rsquo;importe quel appareil<\/li>\n<li>Int\u00e9gration transparente avec WooCommerce, vous permettant de g\u00e9rer facilement les commandes, les paiements et les stocks<\/li>\n<li>Options de menu personnalisables qui facilitent la pr\u00e9sentation de vos plats et boissons app\u00e9tissants<\/li>\n<li>Options de livraison int\u00e9gr\u00e9es qui offrent aux clients la possibilit\u00e9 de s\u00e9lectionner leur emplacement de livraison et leur heure pr\u00e9f\u00e9r\u00e9es<\/li>\n<li>Fonctionnalit\u00e9 de recherche am\u00e9lior\u00e9e qui permet aux clients de trouver rapidement leurs plats pr\u00e9f\u00e9r\u00e9s<\/li>\n<li>Plusieurs options de paiement, y compris les cartes de cr\u00e9dit, PayPal et Cash \u00e0 la livraison<\/li>\n<li>Int\u00e9gration des m\u00e9dias sociaux qui vous permet de promouvoir votre entreprise sur des plateformes populaires comme Facebook et Instagram<\/li>\n<li>Des temps de chargement rapide qui garantissent une exp\u00e9rience client transparente du d\u00e9but \u00e0 la fin<\/li>\n<li>Documentation compl\u00e8te et support client 24\/7 pour vous aider \u00e0 tirer le meilleur parti de votre site Web.<\/li>\n<\/ul>\n","protected":false},"excerpt":{"rendered":"<p>Le th\u00e8me de Lafka WooCommerce est une solution exemplaire pour les entreprises de livraison de hamburger et de pizza, car elle englobe un design \u00e9l\u00e9gant et contemporain qui est tenu de captiver et de captiver vos clients avec une facilit\u00e9 in\u00e9gal\u00e9e. Ce th\u00e8me remarquable est \u00e9quip\u00e9 d&rsquo;une abondance de fonctionnalit\u00e9s qui sont m\u00e9ticuleusement adapt\u00e9es pour r\u00e9pondre aux exigences complexes de l&rsquo;industrie de la livraison de nourriture, englobant des fonctionnalit\u00e9s remarquables telles que le suivi des commandes, la gestion m\u00e9ticuleuse des zones de livraison et l&rsquo;administration de menu sans effort. De plus, le th\u00e8me Lafka WooCommerce est enti\u00e8rement personnalisable, vous offrant ainsi l&rsquo;occasion in\u00e9gal\u00e9e de g\u00e9rer une plate-forme en ligne distinctive et professionnelle qui refl\u00e8te et incarne l&rsquo;essence de votre marque estim\u00e9e. Accordez \u00e0 vos clients ch\u00e9ries la commodit\u00e9 et l&rsquo;opportunit\u00e9 in\u00e9gal\u00e9es de commander sans effort leurs plats privil\u00e9gi\u00e9s en ligne, et voient que votre entreprise estim\u00e9e s&rsquo;\u00e9panouit et prosp\u00e8res de fa\u00e7on exponentielle avec le soutien inestimable et l&rsquo;assistance in\u00e9branlable du th\u00e8me remarquable de Lafka Wooocommerce.<\/p>\n","protected":false},"featured_media":144326,"comment_status":"open","ping_status":"open","template":"","meta":[],"product_brand":[2433],"product_cat":[1606,1212,1213],"product_tag":[1366],"class_list":{"0":"post-114123","1":"product","2":"type-product","3":"status-publish","4":"has-post-thumbnail","6":"product_brand-themeforest","7":"product_cat-restauration-et-restaurant","8":"product_cat-themes","9":"product_cat-wordpress-themes","10":"product_tag-themeforest","11":"member-discount","12":"discount-restricted","14":"first","15":"instock","16":"sale","17":"downloadable","18":"virtual","19":"sold-individually","20":"purchasable","21":"product-type-simple"},"_links":{"self":[{"href":"https:\/\/gpl-love.com\/fr\/wp-json\/wp\/v2\/product\/114123","targetHints":{"allow":["GET"]}}],"collection":[{"href":"https:\/\/gpl-love.com\/fr\/wp-json\/wp\/v2\/product"}],"about":[{"href":"https:\/\/gpl-love.com\/fr\/wp-json\/wp\/v2\/types\/product"}],"replies":[{"embeddable":true,"href":"https:\/\/gpl-love.com\/fr\/wp-json\/wp\/v2\/comments?post=114123"}],"wp:featuredmedia":[{"embeddable":true,"href":"https:\/\/gpl-love.com\/fr\/wp-json\/wp\/v2\/media\/144326"}],"wp:attachment":[{"href":"https:\/\/gpl-love.com\/fr\/wp-json\/wp\/v2\/media?parent=114123"}],"wp:term":[{"taxonomy":"product_brand","embeddable":true,"href":"https:\/\/gpl-love.com\/fr\/wp-json\/wp\/v2\/product_brand?post=114123"},{"taxonomy":"product_cat","embeddable":true,"href":"https:\/\/gpl-love.com\/fr\/wp-json\/wp\/v2\/product_cat?post=114123"},{"taxonomy":"product_tag","embeddable":true,"href":"https:\/\/gpl-love.com\/fr\/wp-json\/wp\/v2\/product_tag?post=114123"}],"curies":[{"name":"wp","href":"https:\/\/api.w.org\/{rel}","templated":true}]}}