{"id":114121,"date":"2022-07-01T00:00:00","date_gmt":"2022-06-30T22:00:00","guid":{"rendered":"http:\/\/gpl-love.com\/fr\/produit\/month-annual-pricing-table-widget-for-elementor\/"},"modified":"2026-04-10T18:32:03","modified_gmt":"2026-04-10T16:32:03","slug":"month-annual-pricing-table-widget-for-elementor","status":"publish","type":"product","link":"https:\/\/gpl-love.com\/fr\/produit\/month-annual-pricing-table-widget-for-elementor\/","title":{"rendered":"Month Annual Pricing Table Widget For Elementor 1.2.3"},"content":{"rendered":"<h3>Month Annual Pricing Table Widget For Elementor Traits<\/h3>\n<p>Le widget de table de tarification annuel du mois pour Elementor sert d&rsquo;instrument tr\u00e8s puissant m\u00e9ticuleusement con\u00e7u pour vous aider \u00e0 cr\u00e9er des tables de prix visuellement frappantes pour votre site Web. Ce widget poss\u00e8de une personnalisabilit\u00e9 compl\u00e8te, vous offrant la libert\u00e9 de s\u00e9lectionner parmi un vaste \u00e9ventail de couleurs, de polices et de styles, tous sur mesure pour s&rsquo;harmoniser avec votre marque. Avec sa conception adaptative, vos tables de tarification d\u00e9gageont l&rsquo;excellence et la faille sur tous les appareils, qu&rsquo;ils soient des ordinateurs de bureau ou des t\u00e9l\u00e9phones portables. De plus, ce widget est \u00e9quip\u00e9 d&rsquo;une interface conviviale, ce qui rend le processus de construction et de modification des tables de prix, le tout sans n\u00e9cessiter aucune connaissance du codage. De plus, vous poss\u00e9dez l&rsquo;autonomie pour pr\u00e9senter vos tables de prix dans un format mensuel ou annuel, offrant \u00e0 votre client\u00e8le estim\u00e9 la flexibilit\u00e9 d&rsquo;opter pour l&rsquo;option qui convient le mieux \u00e0 ses pr\u00e9f\u00e9rences. En substance, le widget de la table de tarification annuelle du mois pour Elementor appara\u00eet comme un outil indispensable pour tout site Web qui profite \u00e0 un assortiment de produits ou de services accompagn\u00e9s de diff\u00e9rentes alternatives de prix.<\/p>\n<ul>\n<li>Un widget de table de tarification personnalisable sp\u00e9cialement con\u00e7u pour une utilisation avec le constructeur de page Elementor<\/li>\n<li>Affiche les structures de tarification pour diff\u00e9rents plans ou packages sur une base mensuelle ou annuelle<\/li>\n<li>Plusieurs mod\u00e8les pr\u00e9-con\u00e7us disponibles pour une personnalisation rapide et facile<\/li>\n<li>Option pour ajouter des images, des descriptions et des boutons pour chaque plan de prix<\/li>\n<li>Enti\u00e8rement r\u00e9actif, garantir que les tables de tarification ont fi\u00e8re allure sur tous les appareils et tailles d&rsquo;\u00e9cran<\/li>\n<li>Options de style avanc\u00e9es disponibles pour une personnalisation suppl\u00e9mentaire, y compris les choix de polices et de couleurs<\/li>\n<li>Compatible avec plusieurs options de passerelle de paiement et int\u00e9grations avec des plugins d&rsquo;adh\u00e9sion populaires<\/li>\n<li>Parfait pour les entreprises offrant des services d&rsquo;abonnement ou des plans d&rsquo;adh\u00e9sion<\/li>\n<li>Mises \u00e0 jour r\u00e9guli\u00e8res et assistance fournies par les d\u00e9veloppeurs de produits pour assurer des performances et des fonctionnalit\u00e9s optimales.<\/li>\n<\/ul>\n","protected":false},"excerpt":{"rendered":"<p>Le widget de table de tarification annuel du mois pour Elementor est un plugin premium exceptionnel qui vous offre la possibilit\u00e9 remarquable de fa\u00e7onner des tables de prix sophistiqu\u00e9es et \u00e9l\u00e9gantes pour votre site Web estim\u00e9. Gr\u00e2ce \u00e0 son interface de tra\u00een\u00e9e et de d\u00e9p\u00f4t conviviale et intuitive, adaptez sans effort les plans de tarification conform\u00e9ment \u00e0 vos pr\u00e9f\u00e9rences, incorporez des descriptions informatives qui captivent et attirent votre public, et mettent l&rsquo;accent sur des fonctionnalit\u00e9s sp\u00e9cifiques qui accentuent la valeur de vos produits ou services, facilitant finalement le Vente r\u00e9ussie de celle-ci. De plus, ce widget vous conf\u00e8re la flexibilit\u00e9 inestimable pour pr\u00e9senter vos alternatives de prix pour les cycles de facturation mensuels ou annuels, permettant ainsi votre client\u00e8le estim\u00e9e avec la libert\u00e9 de s\u00e9lectionner l&rsquo;option de paiement qui s&rsquo;aligne le mieux avec leurs besoins et leurs d\u00e9sirs individuels. N&rsquo;h\u00e9sitez pas \u00e0 mettre \u00e0 niveau votre site Web estim\u00e9 aujourd&rsquo;hui avec cet outil puissant et influent, car il est garanti d&rsquo;augmenter exponentiellement vos taux de conversion, transformant de simples visiteurs en clients r\u00e9mun\u00e9r\u00e9s d\u00e9vou\u00e9s et fid\u00e8les.<\/p>\n","protected":false},"featured_media":144586,"comment_status":"open","ping_status":"open","template":"","meta":[],"product_brand":[2435],"product_cat":[1189,1181,1186],"product_tag":[1231],"class_list":{"0":"post-114121","1":"product","2":"type-product","3":"status-publish","4":"has-post-thumbnail","6":"product_brand-codecanyon","7":"product_cat-personnalisation","8":"product_cat-plugins","9":"product_cat-wordpress-plugins","10":"product_tag-codecanyon","11":"member-discount","12":"discount-restricted","14":"first","15":"instock","16":"sale","17":"downloadable","18":"virtual","19":"sold-individually","20":"purchasable","21":"product-type-simple"},"_links":{"self":[{"href":"https:\/\/gpl-love.com\/fr\/wp-json\/wp\/v2\/product\/114121","targetHints":{"allow":["GET"]}}],"collection":[{"href":"https:\/\/gpl-love.com\/fr\/wp-json\/wp\/v2\/product"}],"about":[{"href":"https:\/\/gpl-love.com\/fr\/wp-json\/wp\/v2\/types\/product"}],"replies":[{"embeddable":true,"href":"https:\/\/gpl-love.com\/fr\/wp-json\/wp\/v2\/comments?post=114121"}],"wp:featuredmedia":[{"embeddable":true,"href":"https:\/\/gpl-love.com\/fr\/wp-json\/wp\/v2\/media\/144586"}],"wp:attachment":[{"href":"https:\/\/gpl-love.com\/fr\/wp-json\/wp\/v2\/media?parent=114121"}],"wp:term":[{"taxonomy":"product_brand","embeddable":true,"href":"https:\/\/gpl-love.com\/fr\/wp-json\/wp\/v2\/product_brand?post=114121"},{"taxonomy":"product_cat","embeddable":true,"href":"https:\/\/gpl-love.com\/fr\/wp-json\/wp\/v2\/product_cat?post=114121"},{"taxonomy":"product_tag","embeddable":true,"href":"https:\/\/gpl-love.com\/fr\/wp-json\/wp\/v2\/product_tag?post=114121"}],"curies":[{"name":"wp","href":"https:\/\/api.w.org\/{rel}","templated":true}]}}