{"id":114119,"date":"2023-03-21T00:00:00","date_gmt":"2023-03-20T23:00:00","guid":{"rendered":"http:\/\/gpl-love.com\/fr\/produit\/snax-viral-content-builder-wordpress-plugin\/"},"modified":"2026-04-10T18:40:00","modified_gmt":"2026-04-10T16:40:00","slug":"snax-viral-content-builder-wordpress-plugin","status":"publish","type":"product","link":"https:\/\/gpl-love.com\/fr\/produit\/snax-viral-content-builder-wordpress-plugin\/","title":{"rendered":"Snax Viral Content Builder WordPress Plugin 1.94"},"content":{"rendered":"<h3>Snax Viral Content Builder WordPress Plugin Traits<\/h3>\n<p>Si vous \u00eates \u00e0 la recherche d&rsquo;une m\u00e9thode pratique pour g\u00e9n\u00e9rer du contenu viral pour votre site Web WordPress, SNAX Viral Content Builder est ind\u00e9niablement le plugin id\u00e9al pour vous. Ce plugin exceptionnel propose une interface remarquablement conviviale et une large gamme d&rsquo;options personnalisables, vous permettant de fabriquer sans effort des quiz captivants, des sondages, des tests de personnalit\u00e9 et de nombreuses autres fonctionnalit\u00e9s interactives pour saisir votre public et am\u00e9liorer consid\u00e9rablement l&rsquo;afflux de trafic vers vos estimes placer. En outre, il est \u00e0 noter que ce plugin est \u00e9quip\u00e9 de capacit\u00e9s de partage social int\u00e9gr\u00e9es, permettant ainsi \u00e0 votre contenu de se propager de mani\u00e8re transparente sur diverses plateformes de m\u00e9dias sociaux. En utilisant les capacit\u00e9s remarquables du constructeur de contenu viral SNAX, vous avez la capacit\u00e9 remarquable d&rsquo;\u00e9lever votre site Web WordPress \u00e0 des hauteurs sans pr\u00e9c\u00e9dent en cr\u00e9ant un \u00e9ventail de contenu captivant et partageable.<\/p>\n<ul>\n<li>Personnalisation facile du contenu viral pour votre site WordPress<\/li>\n<li>Peut cr\u00e9er des quiz, des sondages et des listes pour engager votre public<\/li>\n<li>Boutons de partage social dynamique pour encourager le partage sur les plateformes de m\u00e9dias sociaux<\/li>\n<li>Option d&rsquo;affichage d&rsquo;annonces et de contenu sponsoris\u00e9 dans le contenu viral<\/li>\n<li>Fonctionnement de la traduction de l&rsquo;auto-traduction pour le public non anglophone<\/li>\n<li>Analyse d\u00e9taill\u00e9e et rapport sur les performances du contenu viral<\/li>\n<li>S&rsquo;int\u00e8gre aux plateformes de marketing par e-mail telles que MailChimp et Aweber<\/li>\n<li>Interface de glisser-d\u00e9poser intuitive pour la cr\u00e9ation et l&rsquo;organisation de contenu<\/li>\n<li>Acc\u00e8s \u00e0 une biblioth\u00e8que de mod\u00e8les et de conceptions pr\u00e9fabriqu\u00e9s<\/li>\n<li>Conception adapt\u00e9e aux mobiles et r\u00e9active pour une visualisation optimale sur tous les appareils.<\/li>\n<\/ul>\n","protected":false},"excerpt":{"rendered":"<p>Le plugin WordPress de contenu viral SNAX est un outil incroyablement puissant et efficace qui permet aux utilisateurs de g\u00e9n\u00e9rer et de distribuer sans effort le contenu viral captivant. Son interface de glisser-d\u00e9poser conviviale facilite la cr\u00e9ation transparente de quiz, de sondages, de listes et de nombreux autres formats de contenu captivants en quelques minutes. De plus, ce plugin propose une gamme de fonctionnalit\u00e9s impressionnantes, y compris des boutons de partage social, des boutons de r\u00e9action utilisateur personnalisables et un tableau de bord d&rsquo;analyse robuste, qui contribuent tous \u00e0 la surveillance et \u00e0 l&rsquo;analyse am\u00e9lior\u00e9es des performances de votre contenu. En tirant parti des capacit\u00e9s remarquables du constructeur de contenu viral SNAX, les utilisateurs peuvent produire et partager sans effort un contenu convaincant qui non seulement g\u00e9n\u00e8re un trafic substantiel, mais am\u00e9liore \u00e9galement consid\u00e9rablement l&rsquo;engagement des utilisateurs sur leurs sites Web.<\/p>\n","protected":false},"featured_media":145278,"comment_status":"open","ping_status":"open","template":"","meta":[],"product_brand":[2435],"product_cat":[1207,1181,1186],"product_tag":[1231],"class_list":{"0":"post-114119","1":"product","2":"type-product","3":"status-publish","4":"has-post-thumbnail","6":"product_brand-codecanyon","7":"product_cat-commercialisation-wordpress-plugins","8":"product_cat-plugins","9":"product_cat-wordpress-plugins","10":"product_tag-codecanyon","11":"member-discount","12":"discount-restricted","14":"first","15":"instock","16":"sale","17":"downloadable","18":"virtual","19":"sold-individually","20":"purchasable","21":"product-type-simple"},"_links":{"self":[{"href":"https:\/\/gpl-love.com\/fr\/wp-json\/wp\/v2\/product\/114119","targetHints":{"allow":["GET"]}}],"collection":[{"href":"https:\/\/gpl-love.com\/fr\/wp-json\/wp\/v2\/product"}],"about":[{"href":"https:\/\/gpl-love.com\/fr\/wp-json\/wp\/v2\/types\/product"}],"replies":[{"embeddable":true,"href":"https:\/\/gpl-love.com\/fr\/wp-json\/wp\/v2\/comments?post=114119"}],"wp:featuredmedia":[{"embeddable":true,"href":"https:\/\/gpl-love.com\/fr\/wp-json\/wp\/v2\/media\/145278"}],"wp:attachment":[{"href":"https:\/\/gpl-love.com\/fr\/wp-json\/wp\/v2\/media?parent=114119"}],"wp:term":[{"taxonomy":"product_brand","embeddable":true,"href":"https:\/\/gpl-love.com\/fr\/wp-json\/wp\/v2\/product_brand?post=114119"},{"taxonomy":"product_cat","embeddable":true,"href":"https:\/\/gpl-love.com\/fr\/wp-json\/wp\/v2\/product_cat?post=114119"},{"taxonomy":"product_tag","embeddable":true,"href":"https:\/\/gpl-love.com\/fr\/wp-json\/wp\/v2\/product_tag?post=114119"}],"curies":[{"name":"wp","href":"https:\/\/api.w.org\/{rel}","templated":true}]}}