{"id":114117,"date":"2021-10-23T00:00:00","date_gmt":"2021-10-22T22:00:00","guid":{"rendered":"http:\/\/gpl-love.com\/fr\/produit\/pluto-clean-personal-wordpress-masonry-blog-theme\/"},"modified":"2026-03-20T23:31:49","modified_gmt":"2026-03-20T22:31:49","slug":"pluto-clean-personal-wordpress-masonry-blog-theme","status":"publish","type":"product","link":"https:\/\/gpl-love.com\/fr\/produit\/pluto-clean-personal-wordpress-masonry-blog-theme\/","title":{"rendered":"Pluto Clean Personal WordPress Masonry Blog Theme 4.4.0"},"content":{"rendered":"<h3>Pluto Clean Personal WordPress Masonry Blog Theme Traits<\/h3>\n<p>Le th\u00e8me du blog Pluto Clean Personal WordPress Masonry, un th\u00e8me de qualit\u00e9 sup\u00e9rieure, a \u00e9t\u00e9 sp\u00e9cifiquement con\u00e7u pour aider les individus \u00e0 pr\u00e9senter leurs blogs personnels d&rsquo;une mani\u00e8re \u00e0 la fois \u00e9l\u00e9gante et professionnelle. En raison de sa conception, qui se caract\u00e9rise par sa propret\u00e9 et son minimalisme, ce th\u00e8me s&rsquo;av\u00e8re \u00eatre une solution id\u00e9ale pour les blogueurs qui aspirent \u00e0 accentuer l&rsquo;importance de leur contenu, tout en permettant simultan\u00e9ment la facilit\u00e9 de navigation pour leurs lecteurs. De plus, ce th\u00e8me a \u00e9t\u00e9 enti\u00e8rement optimis\u00e9 pour les appareils mobiles et pr\u00e9sente une nature tr\u00e8s r\u00e9active, garantissant ainsi que votre blog ch\u00e9ri est visuellement agr\u00e9able sur toutes les tailles d&rsquo;\u00e9cran. De plus, il pr\u00e9sente une disposition de ma\u00e7onnerie, vous offrant ainsi la possibilit\u00e9 de cr\u00e9er un affichage visuellement captivant et dynamiquement fluide de vos articles de blog. Le processus d&rsquo;installation du th\u00e8me Pluton Clean est remarquablement simple, et les options de personnalisation qui vous sont disponibles via le personnalisateur WordPress sont larges. Par cons\u00e9quent, ce th\u00e8me est \u00e0 la fois polyvalent et \u00e9l\u00e9gant, ce qui le rend un choix impeccable pour les blogueurs qui aspirent \u00e0 \u00e9tablir une pr\u00e9sence en ligne qui est \u00e0 la fois esth\u00e9tique et captivante.<\/p>\n<ul>\n<li>Un th\u00e8me WordPress propre et moderne con\u00e7u sp\u00e9cifiquement pour les blogs personnels.<\/li>\n<li>Comprend une disposition de ma\u00e7onnerie qui permet un affichage visuellement attrayant de vos messages.<\/li>\n<li>La conception enti\u00e8rement r\u00e9active garantit que votre blog a fi\u00e8re allure sur tous les appareils, des ordinateurs de bureau aux t\u00e9l\u00e9phones mobiles.<\/li>\n<li>Plusieurs formats de publication sont pris en charge, y compris les formats standard, vid\u00e9o, audio et galerie.<\/li>\n<li>Les zones de t\u00eate et de pied de page personnalisables offrent une flexibilit\u00e9 dans la conception et l&rsquo;image de marque.<\/li>\n<li>Plusieurs zones de widgets sont disponibles, y compris les ic\u00f4nes des m\u00e9dias sociaux et une section Bio auteur.<\/li>\n<li>Les options de personnalisation faciles \u00e0 utiliser permettent de modifier des modifications sans aucune connaissance de codage.<\/li>\n<li>Le code SEO-Friendly aide \u00e0 am\u00e9liorer les classements des moteurs de recherche et \u00e0 augmenter le trafic vers votre blog.<\/li>\n<li>Une documentation compl\u00e8te et un support sont fournis pour assurer un processus d&rsquo;installation et de configuration fluide.<\/li>\n<\/ul>\n","protected":false},"excerpt":{"rendered":"<p>Le th\u00e8me du blog Pluto Pluto Clean Personal WordPress Masonry est une option exceptionnelle pour les blogueurs qui souhaitent montrer leur contenu d&rsquo;une mani\u00e8re esth\u00e9tiquement captivante et bien structur\u00e9e. Fabriqu\u00e9 avec une approche contemporaine et simpliste, ce th\u00e8me englobe une disposition de ma\u00e7onnerie qui permet aux utilisateurs de pr\u00e9senter des publications de mani\u00e8re captivante en forme de grille. De plus, il est \u00e9quip\u00e9 d&rsquo;une pl\u00e9thore de possibilit\u00e9s de personnalisation, y compris des en-t\u00eates adaptables, divers formats de poste et des widgets personnalis\u00e9s, permettant aux utilisateurs d&rsquo;adapter leur blog \u00e0 leurs pr\u00e9f\u00e9rences. Avec sa conception r\u00e9active, ce th\u00e8me d\u00e9gage l&rsquo;excellence sur tous les appareils, garantissant une exp\u00e9rience utilisateur sans faille pour les utilisateurs de bureau et mobiles.<\/p>\n","protected":false},"featured_media":144992,"comment_status":"open","ping_status":"open","template":"","meta":[],"product_brand":[2433],"product_cat":[1220,1212,1213],"product_tag":[1366],"class_list":{"0":"post-114117","1":"product","2":"type-product","3":"status-publish","4":"has-post-thumbnail","6":"product_brand-themeforest","7":"product_cat-blog-magazine","8":"product_cat-themes","9":"product_cat-wordpress-themes","10":"product_tag-themeforest","11":"member-discount","12":"discount-restricted","14":"first","15":"instock","16":"sale","17":"downloadable","18":"virtual","19":"sold-individually","20":"purchasable","21":"product-type-simple"},"_links":{"self":[{"href":"https:\/\/gpl-love.com\/fr\/wp-json\/wp\/v2\/product\/114117","targetHints":{"allow":["GET"]}}],"collection":[{"href":"https:\/\/gpl-love.com\/fr\/wp-json\/wp\/v2\/product"}],"about":[{"href":"https:\/\/gpl-love.com\/fr\/wp-json\/wp\/v2\/types\/product"}],"replies":[{"embeddable":true,"href":"https:\/\/gpl-love.com\/fr\/wp-json\/wp\/v2\/comments?post=114117"}],"wp:featuredmedia":[{"embeddable":true,"href":"https:\/\/gpl-love.com\/fr\/wp-json\/wp\/v2\/media\/144992"}],"wp:attachment":[{"href":"https:\/\/gpl-love.com\/fr\/wp-json\/wp\/v2\/media?parent=114117"}],"wp:term":[{"taxonomy":"product_brand","embeddable":true,"href":"https:\/\/gpl-love.com\/fr\/wp-json\/wp\/v2\/product_brand?post=114117"},{"taxonomy":"product_cat","embeddable":true,"href":"https:\/\/gpl-love.com\/fr\/wp-json\/wp\/v2\/product_cat?post=114117"},{"taxonomy":"product_tag","embeddable":true,"href":"https:\/\/gpl-love.com\/fr\/wp-json\/wp\/v2\/product_tag?post=114117"}],"curies":[{"name":"wp","href":"https:\/\/api.w.org\/{rel}","templated":true}]}}