{"id":114115,"date":"2021-04-20T00:00:00","date_gmt":"2021-04-19T22:00:00","guid":{"rendered":"http:\/\/gpl-love.com\/fr\/produit\/product-slider-for-woocommerce-woo-extension-to-showcase-products\/"},"modified":"2026-04-10T18:37:05","modified_gmt":"2026-04-10T16:37:05","slug":"product-slider-for-woocommerce-woo-extension-to-showcase-products","status":"publish","type":"product","link":"https:\/\/gpl-love.com\/fr\/produit\/product-slider-for-woocommerce-woo-extension-to-showcase-products\/","title":{"rendered":"Product Slider For WooCommerce Woo Extension to Showcase Products 3.0.5"},"content":{"rendered":"<h3>Product Slider For WooCommerce Woo Extension to Showcase Products Traits<\/h3>\n<p>Le curseur de produit de WooCommerce Woo Extension, connu pour sa capacit\u00e9 exceptionnelle \u00e0 pr\u00e9senter des produits sur votre boutique WooCommerce, s&rsquo;av\u00e8re \u00eatre un atout inestimable. Cette extension remarquable vous permet de cr\u00e9er sans effort un curseur de produit r\u00e9actif qui d\u00e9gage une aura \u00e9l\u00e9gante et visuellement captivante, amplifiant finalement l&rsquo;attrait de vos produits pr\u00e9sent\u00e9s. Avec cet outil ing\u00e9nieux \u00e0 votre disposition, vous \u00eates accord\u00e9 \u00e0 la possibilit\u00e9 de comporter en \u00e9vidence vos produits les plus vendus, les nouveaux arrivants ou tout autre produit souhait\u00e9 d&rsquo;une mani\u00e8re qui captivait certainement votre public. De plus, ce curseur de produits hautement personnalisable vous offre la possibilit\u00e9 d&rsquo;ajuster m\u00e9ticuleusement la disposition, les couleurs et d&rsquo;autres param\u00e8tres pour s&rsquo;aligner parfaitement avec la marque unique de votre magasin. Il convient de noter que l&rsquo;interface intuitive et le processus de configuration transparente consolident davantage l&rsquo;indispensabilit\u00e9 du curseur de produit pour l&rsquo;extension WooCommerce Woo pour tout magasin de commerce \u00e9lectronique qui souhaite \u00e9lever leurs affichages de produit et attirer efficacement une client\u00e8le plus grande.<\/p>\n<ul>\n<li>Un curseur de produit visuellement magnifique pour les sites WooCommerce qui pr\u00e9sente des produits de mani\u00e8re attrayante et dynamique.<\/li>\n<li>Faites en sorte que votre magasin WooCommerce se d\u00e9marque et cr\u00e9ez une meilleure exp\u00e9rience utilisateur pour vos visiteurs avec cette extension.<\/li>\n<li>Le curseur de produit est enti\u00e8rement personnalisable, vous permettant de contr\u00f4ler le nombre de produits affich\u00e9s, d&rsquo;images, de superpositions de texte, etc.<\/li>\n<li>Cette extension s&rsquo;int\u00e8gre parfaitement \u00e0 votre site WooCommerce et est facile \u00e0 configurer et \u00e0 utiliser.<\/li>\n<li>Le curseur est enti\u00e8rement r\u00e9actif et s&rsquo;adapte \u00e0 n&rsquo;importe quelle taille d&rsquo;\u00e9cran, garantissant que vos produits sont superbes sur le bureau, la tablette et les appareils mobiles.<\/li>\n<li>Affichez vos produits les plus vendus, les nouvelles arriv\u00e9es ou toute s\u00e9lection de produits que vous choisissez, et offrez aux acheteurs un moyen attrayant et interactif d&rsquo;explorer ce que vous proposez.<\/li>\n<li>Augmentez les conversions et les ventes en pr\u00e9sentant vos produits d&rsquo;une mani\u00e8re qui capte l&rsquo;attention et inspire l&rsquo;action.<\/li>\n<li>Acc\u00e9dez au support de premier ordre de l&rsquo;\u00e9quipe de WooCommerce, en vous assurant que vous avez l&rsquo;aide dont vous avez besoin pour tirer le meilleur parti de votre curseur de produit.<\/li>\n<\/ul>\n","protected":false},"excerpt":{"rendered":"<p>Le curseur de produit pour WooCommerce Woo Extension est un outil exceptionnel qui vous permet d&rsquo;afficher et d&rsquo;afficher efficacement votre gamme de produits diversifi\u00e9e directement sur votre site Web. \u00c9quip\u00e9 d&rsquo;une interface incroyablement conviviale, ce plugin vous permet de r\u00e9diger sans effort des diaporamas captivants et visuellement s\u00e9duisants, accentuant efficacement les fonctionnalit\u00e9s uniques et la myriade d&rsquo;avantages de vos produits. En incorporant cette solution exceptionnelle dans votre boutique en ligne, vous pouvez \u00e9lever sans effort l&rsquo;exp\u00e9rience d&rsquo;achat globale de votre pr\u00e9cieux client\u00e8le, favoriser l&rsquo;engagement des clients in\u00e9gal\u00e9 et, finalement, assister \u00e0 une augmentation substantielle de vos chiffres de vente. Nous vous encourageons sans r\u00e9serve \u00e0 essayer et \u00e0 assister personnellement \u00e0 l&rsquo;impact remarquable que cela aura sur votre entreprise!<\/p>\n","protected":false},"featured_media":145025,"comment_status":"open","ping_status":"open","template":"","meta":[],"product_brand":[2435],"product_cat":[1182,1223,1181],"product_tag":[1231],"class_list":{"0":"post-114115","1":"product","2":"type-product","3":"status-publish","4":"has-post-thumbnail","6":"product_brand-codecanyon","7":"product_cat-commerce-electronique-plugins","8":"product_cat-personnalisation-commerce-electronique-plugins","9":"product_cat-plugins","10":"product_tag-codecanyon","11":"member-discount","12":"discount-restricted","14":"first","15":"instock","16":"sale","17":"downloadable","18":"virtual","19":"sold-individually","20":"purchasable","21":"product-type-simple"},"_links":{"self":[{"href":"https:\/\/gpl-love.com\/fr\/wp-json\/wp\/v2\/product\/114115","targetHints":{"allow":["GET"]}}],"collection":[{"href":"https:\/\/gpl-love.com\/fr\/wp-json\/wp\/v2\/product"}],"about":[{"href":"https:\/\/gpl-love.com\/fr\/wp-json\/wp\/v2\/types\/product"}],"replies":[{"embeddable":true,"href":"https:\/\/gpl-love.com\/fr\/wp-json\/wp\/v2\/comments?post=114115"}],"wp:featuredmedia":[{"embeddable":true,"href":"https:\/\/gpl-love.com\/fr\/wp-json\/wp\/v2\/media\/145025"}],"wp:attachment":[{"href":"https:\/\/gpl-love.com\/fr\/wp-json\/wp\/v2\/media?parent=114115"}],"wp:term":[{"taxonomy":"product_brand","embeddable":true,"href":"https:\/\/gpl-love.com\/fr\/wp-json\/wp\/v2\/product_brand?post=114115"},{"taxonomy":"product_cat","embeddable":true,"href":"https:\/\/gpl-love.com\/fr\/wp-json\/wp\/v2\/product_cat?post=114115"},{"taxonomy":"product_tag","embeddable":true,"href":"https:\/\/gpl-love.com\/fr\/wp-json\/wp\/v2\/product_tag?post=114115"}],"curies":[{"name":"wp","href":"https:\/\/api.w.org\/{rel}","templated":true}]}}