{"id":114096,"date":"2023-06-18T00:00:00","date_gmt":"2023-06-17T22:00:00","guid":{"rendered":"http:\/\/gpl-love.com\/fr\/produit\/itok-ico-et-cryptocurrency-wordpress-theme\/"},"modified":"2026-03-20T23:20:36","modified_gmt":"2026-03-20T22:20:36","slug":"itok-ico-et-cryptocurrency-wordpress-theme","status":"publish","type":"product","link":"https:\/\/gpl-love.com\/fr\/produit\/itok-ico-et-cryptocurrency-wordpress-theme\/","title":{"rendered":"ITok ICO et Cryptocurrency WordPress Theme 1.1.27"},"content":{"rendered":"<h3>ITok ICO et Cryptocurrency WordPress Theme Traits<\/h3>\n<p>Le th\u00e8me ITOK ICO et la crypto-monnaie WordPress est une solution inclusive qui s&rsquo;adresse aux personnes qui cherchent \u00e0 \u00e9tablir un site Web pour leur projet de crypto-monnaie ou ICO. Avec son design \u00e9l\u00e9gant et contemporain, ainsi qu&rsquo;une pl\u00e9thore de fonctionnalit\u00e9s puissantes, ce th\u00e8me simplifie le processus de cr\u00e9ation d&rsquo;un site Web professionnel qui repr\u00e9sente avec pr\u00e9cision votre marque et promeut efficacement vos offres. Itok poss\u00e8de un \u00e9ventail d&rsquo;outils pr\u00e9cieux, tels que des widgets personnalis\u00e9s, des graphiques et des graphiques, entre autres. De plus, il est enti\u00e8rement r\u00e9actif et offre des options de personnalisation avanc\u00e9es, vous permettant de fa\u00e7onner une apparence distinctive qui distingue votre site des concurrents. Que vous vous lanciez dans le lancement d&rsquo;une nouvelle crypto-monnaie, que vous plaidant pour une ICO, ou que vous visiez simplement \u00e0 \u00e9tablir votre marque dans le domaine de la crypto-monnaie, Itok se pr\u00e9sente comme la solution id\u00e9ale pour r\u00e9pondre \u00e0 vos exigences uniques.<\/p>\n<ul>\n<li>Design moderne et \u00e9l\u00e9gant parfait pour les entreprises li\u00e9es \u00e0 l&rsquo;ICO ou \u00e0 la crypto-monnaie<\/li>\n<li>Conception enti\u00e8rement r\u00e9active et adapt\u00e9e aux mobiles pour une visualisation facile sur n&rsquo;importe quel appareil<\/li>\n<li>Construit sur le puissant framework bootstrap pour faciliter la personnalisation et la flexibilit\u00e9<\/li>\n<li>Int\u00e9gration avec des \u00e9changes de crypto-monnaie populaires comme CoinmarketCap, Cryptocompare et Coingecko<\/li>\n<li>Sections de page de destination personnalisables pour une pr\u00e9sentation facile des d\u00e9tails de l&rsquo;ICO ou de la crypto-monnaie<\/li>\n<li>Options d&rsquo;en-t\u00eate et de pied de page multiples pour un aspect et une sensation personnalis\u00e9s<\/li>\n<li>Options de typographie avanc\u00e9es avec plus de 800 polices Google au choix<\/li>\n<li>Code optimis\u00e9 SEO pour une meilleure visibilit\u00e9 et classement des moteurs de recherche<\/li>\n<li>Int\u00e9gration des m\u00e9dias sociaux pour vous connecter facilement avec votre public sur les plateformes populaires<\/li>\n<li>Documentation compl\u00e8te et support pour la facilit\u00e9 d&rsquo;utilisation et la configuration.<\/li>\n<\/ul>\n","protected":false},"excerpt":{"rendered":"<p>Le th\u00e8me ITOK ICO et Cryptocurrency WordPress, un th\u00e8me hautement sophistiqu\u00e9 et contemporain, a \u00e9t\u00e9 exclusivement con\u00e7u pour les personnes op\u00e9rant dans les industries de la crypto-monnaie et de la blockchain. Ce th\u00e8me sert de plate-forme exemplaire pour pr\u00e9senter votre projet ICO ou crypto-monnaie aux investisseurs et clients potentiels. Avec sa conception conviviale et intuitive, vous avez la capacit\u00e9 de construire sans effort des pages de destination professionnelles, de blogs captivants et de portefeuilles impressionnants qui sont garantis pour attirer l&rsquo;attention des investisseurs les plus astucieux. De plus, le th\u00e8me ITOK pr\u00e9sente une r\u00e9activit\u00e9 compl\u00e8te, garantissant une apparence visuellement agr\u00e9able sur n&rsquo;importe quel appareil. De plus, il est \u00e9quip\u00e9 d&rsquo;un large \u00e9ventail de fonctionnalit\u00e9s et de widgets qui vous permettent de personnaliser et de g\u00e9rer votre contenu pr\u00e9cis\u00e9ment pour r\u00e9pondre \u00e0 votre public cible. Ainsi, lorsque vous vous pr\u00e9voyez du th\u00e8me ICO ITOK ITOK et crypto-monnaie remarquable, vous poss\u00e9derez tous les outils et ressources n\u00e9cessaires pour un lancement triomphal de votre projet.<\/p>\n","protected":false},"featured_media":144251,"comment_status":"open","ping_status":"open","template":"","meta":[],"product_brand":[2433],"product_cat":[1516,1212,1213],"product_tag":[1366],"class_list":{"0":"post-114096","1":"product","2":"type-product","3":"status-publish","4":"has-post-thumbnail","6":"product_brand-themeforest","7":"product_cat-entreprise","8":"product_cat-themes","9":"product_cat-wordpress-themes","10":"product_tag-themeforest","11":"member-discount","12":"discount-restricted","14":"first","15":"instock","16":"sale","17":"downloadable","18":"virtual","19":"sold-individually","20":"purchasable","21":"product-type-simple"},"_links":{"self":[{"href":"https:\/\/gpl-love.com\/fr\/wp-json\/wp\/v2\/product\/114096","targetHints":{"allow":["GET"]}}],"collection":[{"href":"https:\/\/gpl-love.com\/fr\/wp-json\/wp\/v2\/product"}],"about":[{"href":"https:\/\/gpl-love.com\/fr\/wp-json\/wp\/v2\/types\/product"}],"replies":[{"embeddable":true,"href":"https:\/\/gpl-love.com\/fr\/wp-json\/wp\/v2\/comments?post=114096"}],"wp:featuredmedia":[{"embeddable":true,"href":"https:\/\/gpl-love.com\/fr\/wp-json\/wp\/v2\/media\/144251"}],"wp:attachment":[{"href":"https:\/\/gpl-love.com\/fr\/wp-json\/wp\/v2\/media?parent=114096"}],"wp:term":[{"taxonomy":"product_brand","embeddable":true,"href":"https:\/\/gpl-love.com\/fr\/wp-json\/wp\/v2\/product_brand?post=114096"},{"taxonomy":"product_cat","embeddable":true,"href":"https:\/\/gpl-love.com\/fr\/wp-json\/wp\/v2\/product_cat?post=114096"},{"taxonomy":"product_tag","embeddable":true,"href":"https:\/\/gpl-love.com\/fr\/wp-json\/wp\/v2\/product_tag?post=114096"}],"curies":[{"name":"wp","href":"https:\/\/api.w.org\/{rel}","templated":true}]}}