{"id":114094,"date":"2025-08-25T00:00:00","date_gmt":"2025-08-24T22:00:00","guid":{"rendered":"http:\/\/gpl-love.com\/fr\/produit\/ireca-car-rental-boat-bike-vehicle-calendar-wordpress-theme\/"},"modified":"2026-03-20T23:20:33","modified_gmt":"2026-03-20T22:20:33","slug":"ireca-car-rental-boat-bike-vehicle-calendar-wordpress-theme","status":"publish","type":"product","link":"https:\/\/gpl-love.com\/fr\/produit\/ireca-car-rental-boat-bike-vehicle-calendar-wordpress-theme\/","title":{"rendered":"Ireca Car Rental Boat Bike Vehicle Calendar WordPress Theme 1.8.6"},"content":{"rendered":"<h3>Ireca Car Rental Boat Bike Vehicle Calendar WordPress Theme Traits<\/h3>\n<p>Le th\u00e8me du calendrier de v\u00e9hicules de v\u00e9hicule de v\u00e9hicule en bateau ireca de voitures de voiture poss\u00e8de une myriade de caract\u00e9ristiques hautement fonctionnelles et personnalisables m\u00e9ticuleusement con\u00e7ues pour r\u00e9pondre aux exigences distinctes des entreprises de location de voitures et de transport. Son interface conviviale facilite la gestion transparente de votre calendrier de r\u00e9servation, l&rsquo;affichage sans effort de toute votre flotte de v\u00e9hicules et la pr\u00e9sentation efficace de vos services de premier ordre. Assurant une exp\u00e9rience utilisateur sans faille, ce th\u00e8me est pleinement r\u00e9actif, s&rsquo;adaptant parfaitement \u00e0 tous les appareils modernes et garantissant un site Web esth\u00e9tique dans toutes les tailles d&rsquo;\u00e9cran. De plus, ce th\u00e8me offre une vaste gamme d&rsquo;options de personnalisation puissantes, vous offrant la possibilit\u00e9 d&rsquo;affiner la conception et la fonctionnalit\u00e9 pour s&rsquo;aligner sur vos pr\u00e9f\u00e9rences uniques et sp\u00e9cifiques. Que vous aspirez \u00e0 vous lancer dans une nouvelle entreprise de location de voitures ou \u00e0 am\u00e9liorer une nouvelle entreprise, le th\u00e8me WordPress du calendrier de v\u00e9hicules de v\u00e9hicule de v\u00e9lo de voiture de location de voiture Ireca se r\u00e9v\u00e8le \u00eatre un choix exceptionnel, pr\u00eat \u00e0 captiver et \u00e0 conserver une vaste client\u00e8le.<\/p>\n<ul>\n<li>Th\u00e8me WordPress polyvalent con\u00e7u pour la location de voitures, la location de bateaux, la location de v\u00e9los et les entreprises de location de v\u00e9hicules<\/li>\n<li>Design r\u00e9actif et adapt\u00e9 aux mobiles qui a fi\u00e8re allure sur tous les appareils<\/li>\n<li>Livr\u00e9 avec le constructeur de pages de glisser-d\u00e9poser le compositeur visuel populaire<\/li>\n<li>Panneau d&rsquo;administration avanc\u00e9 avec des options de personnalisation faciles \u00e0 utiliser<\/li>\n<li>Syst\u00e8me de r\u00e9servation int\u00e9gr\u00e9 avec des champs personnalis\u00e9s et des capacit\u00e9s de recherche avanc\u00e9es<\/li>\n<li>Options de prix flexibles, y compris les tarifs horaires, quotidiens et hebdomadaires<\/li>\n<li>Int\u00e9gration Google Maps pour le suivi et les instructions de l&#8217;emplacement facile<\/li>\n<li>Int\u00e9gration des m\u00e9dias sociaux pour le partage et le marketing faciles<\/li>\n<li>Accessible \u00e0 travers plusieurs langues<\/li>\n<li>Optimis\u00e9 pour les moteurs de recherche, assurer une grande visibilit\u00e9 et un trafic<\/li>\n<li>Mises \u00e0 jour r\u00e9guli\u00e8res et support client d\u00e9di\u00e9 \u00e0 une exp\u00e9rience utilisateur transparente.<\/li>\n<\/ul>\n","protected":false},"excerpt":{"rendered":"<p>Le th\u00e8me WordPress de v\u00e9hicules de v\u00e9hicule de v\u00e9hicule de bateau Ireca de voiture se r\u00e9v\u00e8le \u00eatre la solution ultime pour toute entreprise de location de voitures ou de location de bateaux, r\u00e9pondant de mani\u00e8re exhaustive sur leurs besoins divers. Ce th\u00e8me m\u00e9ticuleusement con\u00e7u est sp\u00e9cifiquement con\u00e7u pour vous permettre de pr\u00e9senter vos services de location avec la plus grande finesse, de g\u00e9rer efficacement votre stock de v\u00e9hicules et d&rsquo;accepter de mani\u00e8re transparente les r\u00e9servations en ligne. Son interface remarquablement conviviale et ses fonctionnalit\u00e9s hautement personnalisables fonctionnent harmonieusement pour faciliter la cr\u00e9ation d&rsquo;un site Web extr\u00eamement captivant qui permet \u00e0 vos pr\u00e9cieux clients de naviguer sans effort \u00e0 travers vos offres et de s\u00e9curiser sans effort les v\u00e9hicules ou les bateaux souhait\u00e9s. De plus, ce th\u00e8me exceptionnellement r\u00e9actif int\u00e8gre parfaitement un syst\u00e8me de calendrier de pointe, en aidant habilement dans la gestion transparente de la disponibilit\u00e9 de votre flotte de location. Par cons\u00e9quent, cela garantit que vos v\u00e9hicules ou bateaux estim\u00e9s sont lou\u00e9s de mani\u00e8re optimale et approfondie. Immergez-vous dans la commodit\u00e9 et l&rsquo;efficacit\u00e9 in\u00e9gal\u00e9es offertes par le th\u00e8me du calendrier des v\u00e9hicules de v\u00e9los \u00e0 v\u00e9los de bateau Ireca Car Ireca, et permettez \u00e0 votre entreprise de location de voitures ou de location de bateaux de prosp\u00e9rer de fa\u00e7on exponentielle dans le domaine en ligne.<\/p>\n","protected":false},"featured_media":144247,"comment_status":"open","ping_status":"open","template":"","meta":[],"product_brand":[2433],"product_cat":[1242,1212,1213],"product_tag":[1366],"class_list":{"0":"post-114094","1":"product","2":"type-product","3":"status-publish","4":"has-post-thumbnail","6":"product_brand-themeforest","7":"product_cat-creatif","8":"product_cat-themes","9":"product_cat-wordpress-themes","10":"product_tag-themeforest","11":"member-discount","12":"discount-restricted","14":"first","15":"instock","16":"sale","17":"downloadable","18":"virtual","19":"sold-individually","20":"purchasable","21":"product-type-simple"},"_links":{"self":[{"href":"https:\/\/gpl-love.com\/fr\/wp-json\/wp\/v2\/product\/114094","targetHints":{"allow":["GET"]}}],"collection":[{"href":"https:\/\/gpl-love.com\/fr\/wp-json\/wp\/v2\/product"}],"about":[{"href":"https:\/\/gpl-love.com\/fr\/wp-json\/wp\/v2\/types\/product"}],"replies":[{"embeddable":true,"href":"https:\/\/gpl-love.com\/fr\/wp-json\/wp\/v2\/comments?post=114094"}],"wp:featuredmedia":[{"embeddable":true,"href":"https:\/\/gpl-love.com\/fr\/wp-json\/wp\/v2\/media\/144247"}],"wp:attachment":[{"href":"https:\/\/gpl-love.com\/fr\/wp-json\/wp\/v2\/media?parent=114094"}],"wp:term":[{"taxonomy":"product_brand","embeddable":true,"href":"https:\/\/gpl-love.com\/fr\/wp-json\/wp\/v2\/product_brand?post=114094"},{"taxonomy":"product_cat","embeddable":true,"href":"https:\/\/gpl-love.com\/fr\/wp-json\/wp\/v2\/product_cat?post=114094"},{"taxonomy":"product_tag","embeddable":true,"href":"https:\/\/gpl-love.com\/fr\/wp-json\/wp\/v2\/product_tag?post=114094"}],"curies":[{"name":"wp","href":"https:\/\/api.w.org\/{rel}","templated":true}]}}