{"id":114092,"date":"2023-06-18T00:00:00","date_gmt":"2023-06-17T22:00:00","guid":{"rendered":"http:\/\/gpl-love.com\/fr\/produit\/yozi-multipurpose-electronics-woocommerce-theme\/"},"modified":"2026-03-20T23:54:27","modified_gmt":"2026-03-20T22:54:27","slug":"yozi-multipurpose-electronics-woocommerce-theme","status":"publish","type":"product","link":"https:\/\/gpl-love.com\/fr\/produit\/yozi-multipurpose-electronics-woocommerce-theme\/","title":{"rendered":"Yozi Multipurpose Electronics WooCommerce Theme 2.0.48"},"content":{"rendered":"<h3>Yozi Multipurpose Electronics WooCommerce Theme Traits<\/h3>\n<p>Le th\u00e8me WooCommerce par \u00e9lectronique polyvalent Yozi est un th\u00e8me incroyablement polyvalent et r\u00e9actif qui a \u00e9t\u00e9 m\u00e9ticuleusement con\u00e7u pour r\u00e9pondre aux magasins \u00e9lectroniques fonctionnant sur la plate-forme WooCommerce. Ce th\u00e8me poss\u00e8de un design \u00e9l\u00e9gant et contemporain qui d\u00e9gage un sentiment de professionnalisme et de sophistication, \u00e9levant ainsi l&rsquo;attrait esth\u00e9tique global de votre boutique en ligne. Il fournit une pl\u00e9thore de fonctionnalit\u00e9s remarquables, telles qu&rsquo;un assortiment de dispositions de page d&rsquo;accueil distinctes, des grilles de produits con\u00e7ues et un moteur de recherche exceptionnellement robuste qui assure une exp\u00e9rience utilisateur optimale. De plus, il poss\u00e8de une interface adapt\u00e9e aux mobiles, permettant ainsi aux clients d&rsquo;acc\u00e9der sans effort \u00e0 votre magasin virtuel via une myriade d&rsquo;appareils. De plus, ce th\u00e8me s&rsquo;int\u00e8gre de mani\u00e8re transparente \u00e0 divers plugins WooCommerce, vous permettant ainsi d&rsquo;\u00e9largir la fonctionnalit\u00e9 de votre magasin conform\u00e9ment \u00e0 vos besoins commerciaux uniques. Tout bien consid\u00e9r\u00e9, le th\u00e8me WooCommerce de l&rsquo;\u00e9lectronique polyvalent Yozi repr\u00e9sente une option exemplaire pour les magasins \u00e9lectroniques cherchant \u00e0 \u00e9tablir une pr\u00e9sence en ligne convaincante et captivante.<\/p>\n<ul>\n<li>Design propre et moderne adapt\u00e9 aux magasins de commerce \u00e9lectronique \u00e9lectronique<\/li>\n<li>Pleinement r\u00e9actif et facile \u00e0 personnaliser<\/li>\n<li>Panneau d&rsquo;administration puissant pour une gestion facile<\/li>\n<li>Compatible avec WooCommerce pour une exp\u00e9rience d&rsquo;achat en ligne sans couture<\/li>\n<li>Plusieurs dispositions de page d&rsquo;accueil pr\u00e9-construites au choix<\/li>\n<li>Int\u00e9gr\u00e9 \u00e0 des plugins populaires comme Slider Revolution et Visual Composer<\/li>\n<li>Grille personnalisable et vue de liste pour les listes de produits<\/li>\n<li>Plusieurs dispositions de pages de produits pour pr\u00e9senter efficacement les produits<\/li>\n<li>Options de recherche et de filtrage de l&rsquo;AJAX pour une navigation facile<\/li>\n<li>Optimis\u00e9 pour que SEO am\u00e9liore le classement et la visibilit\u00e9 des sites Web.<\/li>\n<\/ul>\n","protected":false},"excerpt":{"rendered":"<p>Le th\u00e8me WooCommerce par \u00e9lectronique polyvalent Yozi est un mod\u00e8le incroyablement polyvalent et extr\u00eamement \u00e9l\u00e9gant qui est sp\u00e9cialement con\u00e7u pour les sites Web de commerce \u00e9lectronique sp\u00e9cialis\u00e9s dans la vente d&rsquo;\u00e9lectronique et de gadgets. Avec son design impeccablement propre et ind\u00e9niablement moderne, ce th\u00e8me poss\u00e8de une disposition pleinement r\u00e9active qui s&rsquo;adapte sans effort \u00e0 la taille de l&rsquo;\u00e9cran de tout appareil, garantissant une exp\u00e9rience visuellement \u00e9tonnante et conviviale pour tous les visiteurs. Non seulement ce th\u00e8me ph\u00e9nom\u00e9nal priorise l&rsquo;esth\u00e9tique, mais il privil\u00e9gie \u00e9galement les fonctionnalit\u00e9s en utilisant un cadre optimis\u00e9 qui garantit des vitesses de chargement rapides. En outre, le th\u00e8me \u00e9lectronique polyvalent Yozi int\u00e8gre une vaste gamme de fonctionnalit\u00e9s utiles, y compris les filtres de produit r\u00e9volutionnaires, les m\u00e9ga menus tr\u00e8s efficaces et le panneau de personnalisation de th\u00e8me extr\u00eamement puissant. Peu importe si votre boutique en ligne tourne autour de la vente de t\u00e9l\u00e9phones, d&rsquo;ordinateurs portables ou de jeu de jeu, ce th\u00e8me extraordinaire a \u00e9t\u00e9 m\u00e9ticuleusement con\u00e7u pour r\u00e9pondre \u00e0 tous vos besoins, vous fournissant finalement les outils n\u00e9cessaires pour \u00e9tablir une entreprise en ligne florissante et triomphante.<\/p>\n","protected":false},"featured_media":146464,"comment_status":"open","ping_status":"open","template":"","meta":[],"product_brand":[2433],"product_cat":[1238,1372,1212],"product_tag":[1366],"class_list":{"0":"post-114092","1":"product","2":"type-product","3":"status-publish","4":"has-post-thumbnail","6":"product_brand-themeforest","7":"product_cat-commerce-electronique-themes","8":"product_cat-polyvalent-commerce-electronique-themes","9":"product_cat-themes","10":"product_tag-themeforest","11":"member-discount","12":"discount-restricted","14":"first","15":"instock","16":"sale","17":"downloadable","18":"virtual","19":"sold-individually","20":"purchasable","21":"product-type-simple"},"_links":{"self":[{"href":"https:\/\/gpl-love.com\/fr\/wp-json\/wp\/v2\/product\/114092","targetHints":{"allow":["GET"]}}],"collection":[{"href":"https:\/\/gpl-love.com\/fr\/wp-json\/wp\/v2\/product"}],"about":[{"href":"https:\/\/gpl-love.com\/fr\/wp-json\/wp\/v2\/types\/product"}],"replies":[{"embeddable":true,"href":"https:\/\/gpl-love.com\/fr\/wp-json\/wp\/v2\/comments?post=114092"}],"wp:featuredmedia":[{"embeddable":true,"href":"https:\/\/gpl-love.com\/fr\/wp-json\/wp\/v2\/media\/146464"}],"wp:attachment":[{"href":"https:\/\/gpl-love.com\/fr\/wp-json\/wp\/v2\/media?parent=114092"}],"wp:term":[{"taxonomy":"product_brand","embeddable":true,"href":"https:\/\/gpl-love.com\/fr\/wp-json\/wp\/v2\/product_brand?post=114092"},{"taxonomy":"product_cat","embeddable":true,"href":"https:\/\/gpl-love.com\/fr\/wp-json\/wp\/v2\/product_cat?post=114092"},{"taxonomy":"product_tag","embeddable":true,"href":"https:\/\/gpl-love.com\/fr\/wp-json\/wp\/v2\/product_tag?post=114092"}],"curies":[{"name":"wp","href":"https:\/\/api.w.org\/{rel}","templated":true}]}}