{"id":114090,"date":"2025-10-02T00:00:00","date_gmt":"2025-10-01T22:00:00","guid":{"rendered":"http:\/\/gpl-love.com\/fr\/produit\/ogami-organic-store-wordpress-theme\/"},"modified":"2026-04-10T18:35:10","modified_gmt":"2026-04-10T16:35:10","slug":"ogami-organic-store-wordpress-theme","status":"publish","type":"product","link":"https:\/\/gpl-love.com\/fr\/produit\/ogami-organic-store-wordpress-theme\/","title":{"rendered":"Ogami Organic Store WordPress Theme 1.61"},"content":{"rendered":"<h3>Ogami Organic Store WordPress Theme Traits<\/h3>\n<p>Si vous recherchez une boutique en ligne exceptionnelle et sophistiqu\u00e9e qui se consacre \u00e0 la vente de produits biologiques, ne cherchez pas plus loin que le th\u00e8me WordPress de la boutique biologique Ogami. Avec sa conception immacul\u00e9e et simpliste, ce th\u00e8me garantit que les projecteurs sont sur vos produits, facilitant la facilit\u00e9 de navigation pour vos pr\u00e9cieux clients. De plus, sa disposition r\u00e9active garantit une visualisation transparente sur divers appareils, allant des ordinateurs de bureau aux t\u00e9l\u00e9phones portables. De plus, le th\u00e8me WordPress du magasin Ogami Organic propose un \u00e9ventail d&rsquo;options de personnalisation, vous permettant de personnaliser votre magasin conform\u00e9ment au style distinctif de votre marque. Que votre \u00e9tablissement soit une petite entreprise ou une grande entreprise, le th\u00e8me WordPress de la boutique organique Ogami est votre compagnon ultime pour \u00e9lever votre boutique en ligne \u00e0 un tout nouveau niveau.<\/p>\n<ul>\n<li>Th\u00e8me WordPress magnifiquement con\u00e7u et personnalisable pour les magasins d&rsquo;aliments biologiques et naturels<\/li>\n<li>Enti\u00e8rement compatible avec WooCommerce pour les fonctionnalit\u00e9s d&rsquo;achat en ligne<\/li>\n<li>Disposition de page d&rsquo;accueil unique avec des produits en vedette, une section de t\u00e9moignage et un formulaire d&rsquo;abonnement \u00e0 newsletter<\/li>\n<li>Sections d&rsquo;en-t\u00eate et de pied de page personnalisables<\/li>\n<li>Plusieurs pages int\u00e9rieures pr\u00e9-con\u00e7ues pour nous, Contact et Pages de blog<\/li>\n<li>Comprend une vari\u00e9t\u00e9 d&rsquo;options de banni\u00e8res de page d&rsquo;accueil, y compris un curseur complet et une image de h\u00e9ros statique<\/li>\n<li>Livr\u00e9 avec une vari\u00e9t\u00e9 de mod\u00e8les de page de produit pr\u00e9-con\u00e7us pour pr\u00e9senter \u00e0 merveille vos produits<\/li>\n<li>Peut \u00eatre facilement traduit dans n&rsquo;importe quelle langue avec les fichiers de traduction inclus<\/li>\n<li>Optimis\u00e9 pour les performances et la vitesse du r\u00e9f\u00e9rencement<\/li>\n<li>Mises \u00e0 jour r\u00e9guli\u00e8res et support continu pour votre site Web<\/li>\n<\/ul>\n","protected":false},"excerpt":{"rendered":"<p>Le th\u00e8me WordPress du magasin organique Ogami, avec son design visuellement attrayant et moderne, sert de solution de commerce \u00e9lectronique exceptionnelle pour les magasins d&rsquo;aliments biologiques \u00e0 la recherche d&rsquo;un avantage concurrentiel. D\u00e9velopp\u00e9 sp\u00e9cifiquement pour WordPress, ce th\u00e8me offre une pl\u00e9thore de fonctionnalit\u00e9s robustes, y compris une page d&rsquo;accueil enti\u00e8rement personnalisable, la possibilit\u00e9 d&rsquo;appliquer des filtres de produit et une large s\u00e9lection de mod\u00e8les de page pour r\u00e9pondre \u00e0 divers besoins. Notamment, la conception propre et la disposition intuitive de ce th\u00e8me facilitent consid\u00e9rablement l&rsquo;exp\u00e9rience de navigation des clients, permettant une exploration transparente des produits et des achats faciles. En outre, l&rsquo;int\u00e9gration avec des passerelles de paiement populaires telles que PayPal et Stripe garantit des transactions s\u00e9curis\u00e9es et lisses, assurant une commodit\u00e9 maximale \u00e0 la fois pour l&rsquo;entreprise et ses clients. Enfin, l&rsquo;engagement profond du th\u00e8me envers les produits biologiques et la convivialit\u00e9 en fait un choix id\u00e9al pour les entreprises visant \u00e0 \u00e9tablir une pr\u00e9sence en ligne durable, renfor\u00e7ant efficacement leur d\u00e9vouement \u00e0 des pratiques responsables et soucieuses de l&rsquo;environnement.<\/p>\n","protected":false},"featured_media":144855,"comment_status":"open","ping_status":"open","template":"","meta":[],"product_brand":[2433],"product_cat":[1238,1444,1212],"product_tag":[1366],"class_list":{"0":"post-114090","1":"product","2":"type-product","3":"status-publish","4":"has-post-thumbnail","6":"product_brand-themeforest","7":"product_cat-commerce-electronique-themes","8":"product_cat-creatif-commerce-electronique-themes","9":"product_cat-themes","10":"product_tag-themeforest","11":"member-discount","12":"discount-restricted","14":"first","15":"instock","16":"sale","17":"downloadable","18":"virtual","19":"sold-individually","20":"purchasable","21":"product-type-simple"},"_links":{"self":[{"href":"https:\/\/gpl-love.com\/fr\/wp-json\/wp\/v2\/product\/114090","targetHints":{"allow":["GET"]}}],"collection":[{"href":"https:\/\/gpl-love.com\/fr\/wp-json\/wp\/v2\/product"}],"about":[{"href":"https:\/\/gpl-love.com\/fr\/wp-json\/wp\/v2\/types\/product"}],"replies":[{"embeddable":true,"href":"https:\/\/gpl-love.com\/fr\/wp-json\/wp\/v2\/comments?post=114090"}],"wp:featuredmedia":[{"embeddable":true,"href":"https:\/\/gpl-love.com\/fr\/wp-json\/wp\/v2\/media\/144855"}],"wp:attachment":[{"href":"https:\/\/gpl-love.com\/fr\/wp-json\/wp\/v2\/media?parent=114090"}],"wp:term":[{"taxonomy":"product_brand","embeddable":true,"href":"https:\/\/gpl-love.com\/fr\/wp-json\/wp\/v2\/product_brand?post=114090"},{"taxonomy":"product_cat","embeddable":true,"href":"https:\/\/gpl-love.com\/fr\/wp-json\/wp\/v2\/product_cat?post=114090"},{"taxonomy":"product_tag","embeddable":true,"href":"https:\/\/gpl-love.com\/fr\/wp-json\/wp\/v2\/product_tag?post=114090"}],"curies":[{"name":"wp","href":"https:\/\/api.w.org\/{rel}","templated":true}]}}