{"id":114086,"date":"2021-06-15T00:00:00","date_gmt":"2021-06-14T22:00:00","guid":{"rendered":"http:\/\/gpl-love.com\/fr\/produit\/moren-fashion-woocommerce-theme\/"},"modified":"2026-04-10T18:32:07","modified_gmt":"2026-04-10T16:32:07","slug":"moren-fashion-woocommerce-theme","status":"publish","type":"product","link":"https:\/\/gpl-love.com\/fr\/produit\/moren-fashion-woocommerce-theme\/","title":{"rendered":"Moren Fashion WooCommerce Theme 1.0.8"},"content":{"rendered":"<h3>Moren Fashion WooCommerce Theme Traits<\/h3>\n<p>Le th\u00e8me WooCommerce de Moren Fashion, caract\u00e9ris\u00e9 par sa nature \u00e9l\u00e9gante et \u00e9l\u00e9gante, a \u00e9t\u00e9 m\u00e9ticuleusement con\u00e7u pour r\u00e9pondre aux besoins des sites de commerce \u00e9lectronique centr\u00e9s sur la mode. B\u00e9n\u00e9ficiant d&rsquo;un design propre et moderne, ce th\u00e8me sert de plate-forme id\u00e9ale pour pr\u00e9senter votre marchandise de mani\u00e8re visuellement captivante. De plus, son niveau exceptionnel de personnalisation vous permet d&rsquo;adapter sans effort les couleurs, les polices et les dispositions pour s&rsquo;aligner parfaitement avec l&rsquo;identit\u00e9 de votre marque. De plus, il offre une gamme de fonctionnalit\u00e9s inestimables telles qu&rsquo;une conception enti\u00e8rement r\u00e9active, une page d&rsquo;accueil personnalisable et un assortiment de mod\u00e8les de page de produit. Arm\u00e9 du th\u00e8me de la mode de moren WooCommerce, vous poss\u00e9dez les moyens de cr\u00e9er une boutique en ligne vraiment professionnelle et conviviale qui est garantie pour attirer et conserver une vaste base de clients.<\/p>\n<ul>\n<li>Design beau et moderne parfait pour les sites Web li\u00e9s \u00e0 la mode<\/li>\n<li>Th\u00e8me enti\u00e8rement personnalisable avec une interface conviviale<\/li>\n<li>Construit avec l&rsquo;int\u00e9gration WooCommerce, permettant une exp\u00e9rience d&rsquo;achat en ligne transparente pour les clients<\/li>\n<li>Propose plusieurs options de page d&rsquo;accueil pr\u00e9-con\u00e7ues parmi lesquelles choisir<\/li>\n<li>Compatible avec les plugins WordPress populaires pour am\u00e9liorer les fonctionnalit\u00e9s<\/li>\n<li>La conception r\u00e9active garantit que le site Web a fi\u00e8re allure sur n&rsquo;importe quel appareil<\/li>\n<li>SEO optimis\u00e9 pour une visibilit\u00e9 plus \u00e9lev\u00e9e dans le classement des moteurs de recherche<\/li>\n<li>Comprend une vari\u00e9t\u00e9 d&rsquo;options de personnalisation pour les polices, les couleurs et les dispositions<\/li>\n<li>Fournit des outils faciles \u00e0 utiliser pour g\u00e9rer les galeries de produits et les pages de produits individuelles<\/li>\n<li>Offre des options de page pleine largeur et diverses fonctionnalit\u00e9s de conception telles que le d\u00e9filement de parallaxe et les arri\u00e8re-plans vid\u00e9o.<\/li>\n<\/ul>\n","protected":false},"excerpt":{"rendered":"<p>Le th\u00e8me WooCommerce de Moren Fashion se pr\u00e9sente comme une r\u00e9solution sans faille pour les personnes cherchant \u00e0 \u00e9tablir une vitrine virtuelle sophistiqu\u00e9e et \u00e0 la mode qui fusionne parfaitement l&rsquo;attrait esth\u00e9tique avec une navigation conviviale. Ce th\u00e8me exceptionnel poss\u00e8de une r\u00e9activit\u00e9 compl\u00e8te et un vaste \u00e9ventail de possibilit\u00e9s de personnalisation, vous offrant la possibilit\u00e9 de r\u00e9primer votre magasin en fonction de vos exigences uniques et de vos inclinations personnelles. Avec une interface remarquablement intuitive et une pl\u00e9thore de fonctionnalit\u00e9s robustes \u00e0 votre disposition, le th\u00e8me de Moren Fashion WooCommerce est la s\u00e9lection ultime pour ceux qui s&rsquo;efforcent d&rsquo;\u00e9lever leur boutique en ligne \u00e0 des hauteurs sans pr\u00e9c\u00e9dent.<\/p>\n","protected":false},"featured_media":144590,"comment_status":"open","ping_status":"open","template":"","meta":[],"product_brand":[2433],"product_cat":[1238,1444,1212],"product_tag":[1366],"class_list":{"0":"post-114086","1":"product","2":"type-product","3":"status-publish","4":"has-post-thumbnail","6":"product_brand-themeforest","7":"product_cat-commerce-electronique-themes","8":"product_cat-creatif-commerce-electronique-themes","9":"product_cat-themes","10":"product_tag-themeforest","11":"member-discount","12":"discount-restricted","14":"first","15":"instock","16":"sale","17":"downloadable","18":"virtual","19":"sold-individually","20":"purchasable","21":"product-type-simple"},"_links":{"self":[{"href":"https:\/\/gpl-love.com\/fr\/wp-json\/wp\/v2\/product\/114086","targetHints":{"allow":["GET"]}}],"collection":[{"href":"https:\/\/gpl-love.com\/fr\/wp-json\/wp\/v2\/product"}],"about":[{"href":"https:\/\/gpl-love.com\/fr\/wp-json\/wp\/v2\/types\/product"}],"replies":[{"embeddable":true,"href":"https:\/\/gpl-love.com\/fr\/wp-json\/wp\/v2\/comments?post=114086"}],"wp:featuredmedia":[{"embeddable":true,"href":"https:\/\/gpl-love.com\/fr\/wp-json\/wp\/v2\/media\/144590"}],"wp:attachment":[{"href":"https:\/\/gpl-love.com\/fr\/wp-json\/wp\/v2\/media?parent=114086"}],"wp:term":[{"taxonomy":"product_brand","embeddable":true,"href":"https:\/\/gpl-love.com\/fr\/wp-json\/wp\/v2\/product_brand?post=114086"},{"taxonomy":"product_cat","embeddable":true,"href":"https:\/\/gpl-love.com\/fr\/wp-json\/wp\/v2\/product_cat?post=114086"},{"taxonomy":"product_tag","embeddable":true,"href":"https:\/\/gpl-love.com\/fr\/wp-json\/wp\/v2\/product_tag?post=114086"}],"curies":[{"name":"wp","href":"https:\/\/api.w.org\/{rel}","templated":true}]}}