{"id":114084,"date":"2024-02-09T00:00:00","date_gmt":"2024-02-08T23:00:00","guid":{"rendered":"http:\/\/gpl-love.com\/fr\/produit\/mella-minimalist-ajax-woocommerce-wordpress-theme\/"},"modified":"2026-03-20T23:24:23","modified_gmt":"2026-03-20T22:24:23","slug":"mella-minimalist-ajax-woocommerce-wordpress-theme","status":"publish","type":"product","link":"https:\/\/gpl-love.com\/fr\/produit\/mella-minimalist-ajax-woocommerce-wordpress-theme\/","title":{"rendered":"Mella Minimalist Ajax WooCommerce WordPress Theme 1.2.29"},"content":{"rendered":"<h3>Mella Minimalist Ajax WooCommerce WordPress Theme Traits<\/h3>\n<p>MELLA MINIMALMAUX AJAX WOOCOMMERCE Le th\u00e8me WordPress est un th\u00e8me de commerce \u00e9lectronique ultra-moderne et con\u00e7u exquis exclusivement pour les utilisateurs de WordPress distingu\u00e9s. Impr\u00e9ci\u00e9 de son esth\u00e9tique minimaliste in\u00e9galiste et de son interface intuitive parfaitement, Mella orchestre m\u00e9ticuleusement une exp\u00e9rience de magasinage in\u00e9gal\u00e9e et extraordinaire pour les clients exigeants et les marchands entreprenants. Capitalisant la puissance et la polyvalence in\u00e9gal\u00e9es de la c\u00e9l\u00e8bre plate-forme WooCommerce, Mella est \u00e9quip\u00e9e sans \u00e9quivoque d&rsquo;un vaste r\u00e9pertoire de fonctionnalit\u00e9s de pointe qui facilitent de mani\u00e8re transparente la vente et la distribution sans effort de produits dans le vaste domaine du commerce en ligne. Tirant parti des capacit\u00e9s r\u00e9volutionnaires de la technologie Ajax, Mella assure sans effort des temps de chargement de pages acc\u00e9l\u00e9r\u00e9s et des options de filtrage des produits parfaitement impeccables, augmentant ainsi consid\u00e9rablement l&rsquo;exp\u00e9rience utilisateur globale. De plus, la conception intrins\u00e8quement r\u00e9active de Mella garantit sans \u00e9quivoque que votre boutique en ligne m\u00e9ticuleusement organis\u00e9e reste visuellement captivante et fonctionnellement superbe sur tous les appareils et tailles d&rsquo;\u00e9cran imaginables. Dans un t\u00e9moignage convaincant de son engagement in\u00e9branlable \u00e0 autonomiser les utilisateurs, Mella \u00e9tend en outre son r\u00e9pertoire complet de fonctionnalit\u00e9s en offrant une facilit\u00e9 et une commodit\u00e9 in\u00e9gal\u00e9es en termes d&rsquo;options de personnalisation, vous permettant ainsi d&rsquo;adapter et de personnaliser sans effort le th\u00e8me pour vous aligner impeccablement avec votre unique et sp\u00e9cifique exigences. Avec sa fusion impressionnante de fonctionnalit\u00e9s de pointe et son d\u00e9vouement ferme \u00e0 l&rsquo;exp\u00e9rience utilisateur in\u00e9gal .<\/p>\n<ul>\n<li>Conception propre et minimaliste en mettant l&rsquo;accent sur les produits de pr\u00e9sentation<\/li>\n<li>Disposition enti\u00e8rement r\u00e9active et adapt\u00e9e aux mobiles<\/li>\n<li>Construit sur la robuste plate-forme WooCommerce pour une vente en ligne facile<\/li>\n<li>Comprend un panier d&rsquo;achat propuls\u00e9 par l&rsquo;Ajax pour une exp\u00e9rience de magasinage fluide<\/li>\n<li>Option de vue rapide pour les d\u00e9tails du produit sans quitter la page<\/li>\n<li>Options de disposition de page d&rsquo;accueil multiples et d&rsquo;atelier<\/li>\n<li>Sections d&rsquo;en-t\u00eate et de pied de page personnalisables<\/li>\n<li>Personnalisation facile avec des options d&rsquo;importation de d\u00e9monstration en un clic et de personnalisateur en direct<\/li>\n<li>SEO optimis\u00e9 pour une visibilit\u00e9 accrue dans les moteurs de recherche<\/li>\n<li>Compatible avec les plugins WordPress populaires et pr\u00eat pour la traduction.<\/li>\n<\/ul>\n","protected":false},"excerpt":{"rendered":"<p>Pr\u00e9sentation du remarquable Mella Minimalist Ajax, une n\u00e9cessit\u00e9 absolue pour toute fashionista minimaliste ou blogueur de beaut\u00e9! Immergez-vous dans le design exquis de ce th\u00e8me, qui int\u00e8gre de mani\u00e8re transparente la fonctionnalit\u00e9 de l&rsquo;Ajax et poss\u00e8de une esth\u00e9tique \u00e9l\u00e9gante et contemporaine qui est tenue de captiver \u00e0 la fois vos lecteurs et vos clients. Pr\u00e9cient la vaste gamme d&rsquo;options enti\u00e8rement personnalisables qui vous permettent de modifier sans effort les dispositions, les couleurs et les polices, vous permettant de g\u00e9rer la boutique ou le blog en ligne id\u00e9ale. Que votre objectif soit de montrer vos produits de mani\u00e8re simple mais sophistiqu\u00e9e ou de transmettre vos pens\u00e9es \u00e0 travers une plate-forme \u00e9l\u00e9gante et \u00e9l\u00e9gante, assurez-vous que Mella Minimalist Ajax vous a enti\u00e8rement couvert!<\/p>\n","protected":false},"featured_media":144498,"comment_status":"open","ping_status":"open","template":"","meta":[],"product_brand":[2433],"product_cat":[1238,1444,1212],"product_tag":[1366],"class_list":{"0":"post-114084","1":"product","2":"type-product","3":"status-publish","4":"has-post-thumbnail","6":"product_brand-themeforest","7":"product_cat-commerce-electronique-themes","8":"product_cat-creatif-commerce-electronique-themes","9":"product_cat-themes","10":"product_tag-themeforest","11":"member-discount","12":"discount-restricted","14":"first","15":"instock","16":"sale","17":"downloadable","18":"virtual","19":"sold-individually","20":"purchasable","21":"product-type-simple"},"_links":{"self":[{"href":"https:\/\/gpl-love.com\/fr\/wp-json\/wp\/v2\/product\/114084","targetHints":{"allow":["GET"]}}],"collection":[{"href":"https:\/\/gpl-love.com\/fr\/wp-json\/wp\/v2\/product"}],"about":[{"href":"https:\/\/gpl-love.com\/fr\/wp-json\/wp\/v2\/types\/product"}],"replies":[{"embeddable":true,"href":"https:\/\/gpl-love.com\/fr\/wp-json\/wp\/v2\/comments?post=114084"}],"wp:featuredmedia":[{"embeddable":true,"href":"https:\/\/gpl-love.com\/fr\/wp-json\/wp\/v2\/media\/144498"}],"wp:attachment":[{"href":"https:\/\/gpl-love.com\/fr\/wp-json\/wp\/v2\/media?parent=114084"}],"wp:term":[{"taxonomy":"product_brand","embeddable":true,"href":"https:\/\/gpl-love.com\/fr\/wp-json\/wp\/v2\/product_brand?post=114084"},{"taxonomy":"product_cat","embeddable":true,"href":"https:\/\/gpl-love.com\/fr\/wp-json\/wp\/v2\/product_cat?post=114084"},{"taxonomy":"product_tag","embeddable":true,"href":"https:\/\/gpl-love.com\/fr\/wp-json\/wp\/v2\/product_tag?post=114084"}],"curies":[{"name":"wp","href":"https:\/\/api.w.org\/{rel}","templated":true}]}}